{"id":1086,"date":"2020-06-05T18:28:03","date_gmt":"2020-06-05T18:28:03","guid":{"rendered":"https:\/\/seguridadblindes.com\/?page_id=1086"},"modified":"2026-04-08T05:08:21","modified_gmt":"2026-04-08T05:08:21","slug":"persianas-en-madera","status":"publish","type":"page","link":"https:\/\/seguridadblindes.com\/?page_id=1086","title":{"rendered":"Persianas en Madera"},"content":{"rendered":"\n<figure class=\"wp-block-gallery columns-3 is-cropped\"><ul class=\"blocks-gallery-grid\"><li class=\"blocks-gallery-item\"><figure><img loading=\"lazy\" width=\"399\" height=\"300\" src=\"https:\/\/seguridadblindes.com\/wp-content\/uploads\/2020\/06\/madera1.jpg\" alt=\"\" data-id=\"1098\" data-link=\"https:\/\/seguridadblindes.com\/?attachment_id=1098\" class=\"wp-image-1098\" srcset=\"https:\/\/seguridadblindes.com\/wp-content\/uploads\/2020\/06\/madera1.jpg 399w, https:\/\/seguridadblindes.com\/wp-content\/uploads\/2020\/06\/madera1-300x226.jpg 300w\" sizes=\"(max-width: 399px) 100vw, 399px\" \/><\/figure><\/li><li class=\"blocks-gallery-item\"><figure><img loading=\"lazy\" width=\"550\" height=\"300\" src=\"https:\/\/seguridadblindes.com\/wp-content\/uploads\/2020\/06\/madera2.jpg\" alt=\"\" data-id=\"1099\" data-link=\"https:\/\/seguridadblindes.com\/?attachment_id=1099\" class=\"wp-image-1099\" srcset=\"https:\/\/seguridadblindes.com\/wp-content\/uploads\/2020\/06\/madera2.jpg 550w, https:\/\/seguridadblindes.com\/wp-content\/uploads\/2020\/06\/madera2-300x164.jpg 300w\" sizes=\"(max-width: 550px) 100vw, 550px\" \/><\/figure><\/li><li class=\"blocks-gallery-item\"><figure><img loading=\"lazy\" width=\"283\" height=\"300\" src=\"https:\/\/seguridadblindes.com\/wp-content\/uploads\/2020\/06\/madera3.jpg\" alt=\"\" data-id=\"1100\" data-full-url=\"https:\/\/seguridadblindes.com\/wp-content\/uploads\/2020\/06\/madera3.jpg\" data-link=\"https:\/\/seguridadblindes.com\/?attachment_id=1100\" class=\"wp-image-1100\"\/><\/figure><\/li><\/ul><\/figure>\n\n\n<p><img loading=\"lazy\" class=\"size-medium wp-image-1092 alignleft\" src=\"https:\/\/seguridadblindes.com\/wp-content\/uploads\/2020\/06\/persiana_madera1-300x133.jpg\" alt=\"persiana madera\" width=\"300\" height=\"133\" srcset=\"https:\/\/seguridadblindes.com\/wp-content\/uploads\/2020\/06\/persiana_madera1-300x133.jpg 300w, https:\/\/seguridadblindes.com\/wp-content\/uploads\/2020\/06\/persiana_madera1.jpg 450w\" sizes=\"(max-width: 300px) 100vw, 300px\" \/>Protege tu hogar del sol de la forma m\u00e1s decorativa con un acabado suave de los listones y con barnizado que protege la madera natural de las inclemencias <a href=\"https:\/\/www.bestbreitlinguk.com\/\">replica watches<\/a> del tiempo, el mejor precio en persianas de calidad fabricadas en madera de primera <a href=\"https:\/\/www.breitlingwatches.me\/\">replica Breitling<\/a> calidad, se caracterizan por su alta resistencia y durabilidad, con enganches realizados en hierro galvanizado que <a href=\"https:\/\/www.watchreplica.co.uk\/\">replica watches UK<\/a> evita el \u00f3xido en ambientes h\u00famedos y exteriores. Acabado suave de cada lamina con pintura resistente.<\/p>\n<p>\u00a0<\/p>\n<h4>\u00a0<\/h4>\n<h4><strong><span style=\"color: #800000;\">Caracter\u00edsticas<\/span><\/strong><\/h4>\n<p><img loading=\"lazy\" class=\"size-medium wp-image-1093 alignright\" src=\"https:\/\/seguridadblindes.com\/wp-content\/uploads\/2020\/06\/persiana_madera2-300x124.jpg\" alt=\"persiana madera\" width=\"300\" height=\"124\" srcset=\"https:\/\/seguridadblindes.com\/wp-content\/uploads\/2020\/06\/persiana_madera2-300x124.jpg 300w, https:\/\/seguridadblindes.com\/wp-content\/uploads\/2020\/06\/persiana_madera2.jpg 484w\" sizes=\"(max-width: 300px) 100vw, 300px\" \/>Ganchos met\u00e1licos realizados en hierro galvanizado resistente al \u00f3xido y a ambientes salinos.<br \/>Barnizada con barniz al agua de primera calidad respetando el medio ambiente. Su barniz es especial para exteriores.<br \/>Pintada por inmersi\u00f3n y no por pistola, se deja secar durante un d\u00eda y se barniza. Cuerda trenzada para su elaboraci\u00f3n permitiendo mayor durabilidad y mejor presentaci\u00f3n.<\/p>\n<p><img loading=\"lazy\" class=\"size-medium wp-image-1094 alignleft\" src=\"https:\/\/seguridadblindes.com\/wp-content\/uploads\/2020\/06\/persiana_madera3-300x174.jpg\" alt=\"persiana madera\" width=\"300\" height=\"174\" srcset=\"https:\/\/seguridadblindes.com\/wp-content\/uploads\/2020\/06\/persiana_madera3-300x174.jpg 300w, https:\/\/seguridadblindes.com\/wp-content\/uploads\/2020\/06\/persiana_madera3.jpg 345w\" sizes=\"(max-width: 300px) 100vw, 300px\" \/><\/p>\n\n\n<h2><\/h2>\n\n\n\n<figure class=\"wp-block-table\"><table><tbody><tr><td><a href=\"https:\/\/seguridadblindes.com\/?page_id=590\"><img loading=\"lazy\" width=\"196\" height=\"279\" class=\"wp-image-1594\" style=\"width: 150px;\" src=\"https:\/\/seguridadblindes.com\/wp-content\/uploads\/2020\/06\/cortinas_sheer_blindes.jpg\" alt=\"cortinas Sheer\"><\/a> <a href=\"https:\/\/seguridadblindes.com\/?page_id=1105\"><img loading=\"lazy\" width=\"196\" height=\"279\" class=\"wp-image-1597\" style=\"width: 150px;\" src=\"https:\/\/seguridadblindes.com\/wp-content\/uploads\/2020\/06\/enrollable_blindes.jpg\" alt=\"enrollable\"><\/a><a href=\"https:\/\/seguridadblindes.com\/?page_id=550\"><img loading=\"lazy\" width=\"196\" height=\"279\" class=\"wp-image-1591\" style=\"width: 150px;\" src=\"https:\/\/seguridadblindes.com\/wp-content\/uploads\/2020\/06\/cortinas_japones_blindes.jpg\" alt=\"cortinas_japones\"><\/a> <a href=\"https:\/\/seguridadblindes.com\/?page_id=605\"><img loading=\"lazy\" width=\"196\" height=\"279\" class=\"wp-image-1593\" style=\"width: 150px;\" src=\"https:\/\/seguridadblindes.com\/wp-content\/uploads\/2020\/06\/cortinas_romana_blindes.jpg\" alt=\"cortinas_romana\"><\/a> <a href=\"https:\/\/seguridadblindes.com\/?page_id=616\"><img loading=\"lazy\" width=\"196\" height=\"279\" class=\"wp-image-1590\" style=\"width: 150px;\" src=\"https:\/\/seguridadblindes.com\/wp-content\/uploads\/2020\/06\/cortinas_blackout_blindes.jpg\" alt=\"cortinas_blackout\"><\/a> <a href=\"https:\/\/seguridadblindes.com\/?page_id=1086\"><img loading=\"lazy\" width=\"196\" height=\"279\" class=\"wp-image-1598\" style=\"width: 150px;\" src=\"https:\/\/seguridadblindes.com\/wp-content\/uploads\/2020\/06\/madera_blindes.jpg\" alt=\"persiana en madera\"><\/a> <a href=\"https:\/\/seguridadblindes.com\/?page_id=630\"><img loading=\"lazy\" width=\"196\" height=\"279\" class=\"wp-image-1592\" style=\"width: 150px;\" src=\"https:\/\/seguridadblindes.com\/wp-content\/uploads\/2020\/06\/cortinas_motorizada_blindes.jpg\" alt=\"cortinas_motorizada\"><\/a> <a href=\"https:\/\/seguridadblindes.com\/?page_id=1192\"><img loading=\"lazy\" width=\"196\" height=\"279\" class=\"wp-image-1596\" style=\"width: 150px;\" src=\"https:\/\/seguridadblindes.com\/wp-content\/uploads\/2020\/06\/domotica_blindes.jpg\" alt=\"domotica\"><\/a> <a href=\"https:\/\/seguridadblindes.com\/?page_id=1237\"><img loading=\"lazy\" width=\"196\" height=\"279\" class=\"wp-image-1599\" style=\"width: 150px;\" src=\"https:\/\/seguridadblindes.com\/wp-content\/uploads\/2020\/06\/pelicula_control_blindes.jpg\" alt=\"pelicula control solar\"><\/a> <a href=\"https:\/\/seguridadblindes.com\/?page_id=1282\"><img loading=\"lazy\" width=\"196\" height=\"279\" class=\"wp-image-1595\" style=\"width: 150px;\" src=\"https:\/\/seguridadblindes.com\/wp-content\/uploads\/2020\/06\/division-bano_blindes.jpg\" alt=\"division bano\"><\/a> <a href=\"https:\/\/seguridadblindes.com\/?page_id=1496\"><img loading=\"lazy\" width=\"196\" height=\"279\" class=\"wp-image-1607\" style=\"width: 150px;\" src=\"https:\/\/seguridadblindes.com\/wp-content\/uploads\/2020\/06\/cortinas_antifluidos.jpg\" alt=\"cortinas antiflu\u00eddos\"><\/a> <a href=\"https:\/\/seguridadblindes.com\/?page_id=1078&amp;preview=true\"><img loading=\"lazy\" width=\"196\" height=\"279\" class=\"wp-image-1601\" style=\"width: 150px;\" src=\"https:\/\/seguridadblindes.com\/wp-content\/uploads\/2020\/06\/toldos_blindes.jpg\" alt=\"toldos\"><\/a> <a href=\"https:\/\/seguridadblindes.com\/?page_id=1153\"><img loading=\"lazy\" width=\"196\" height=\"279\" class=\"wp-image-1589\" style=\"width: 150px;\" src=\"https:\/\/seguridadblindes.com\/wp-content\/uploads\/2020\/06\/claraboya_blindes.jpg\" alt=\"claraboya\"><\/a>  <a href=\"https:\/\/seguridadblindes.com\/?page_id=382#cortinas\"><img loading=\"lazy\" width=\"196\" height=\"279\" class=\"wp-image-1600\" style=\"width: 150px;\" src=\"https:\/\/seguridadblindes.com\/wp-content\/uploads\/2020\/06\/servicio_cortinas_blindes.jpg\" alt=\"servicio cortinas\"><\/a><\/td><\/tr><\/tbody><\/table><\/figure>\n","protected":false},"excerpt":{"rendered":"<p>Protege tu hogar del sol de la forma m\u00e1s decorativa con un acabado suave de los listones y con barnizado que protege la madera natural&hellip;<\/p>\n","protected":false},"author":1,"featured_media":0,"parent":0,"menu_order":0,"comment_status":"closed","ping_status":"closed","template":"","meta":[],"_links":{"self":[{"href":"https:\/\/seguridadblindes.com\/index.php?rest_route=\/wp\/v2\/pages\/1086"}],"collection":[{"href":"https:\/\/seguridadblindes.com\/index.php?rest_route=\/wp\/v2\/pages"}],"about":[{"href":"https:\/\/seguridadblindes.com\/index.php?rest_route=\/wp\/v2\/types\/page"}],"author":[{"embeddable":true,"href":"https:\/\/seguridadblindes.com\/index.php?rest_route=\/wp\/v2\/users\/1"}],"replies":[{"embeddable":true,"href":"https:\/\/seguridadblindes.com\/index.php?rest_route=%2Fwp%2Fv2%2Fcomments&post=1086"}],"version-history":[{"count":14,"href":"https:\/\/seguridadblindes.com\/index.php?rest_route=\/wp\/v2\/pages\/1086\/revisions"}],"predecessor-version":[{"id":13100,"href":"https:\/\/seguridadblindes.com\/index.php?rest_route=\/wp\/v2\/pages\/1086\/revisions\/13100"}],"wp:attachment":[{"href":"https:\/\/seguridadblindes.com\/index.php?rest_route=%2Fwp%2Fv2%2Fmedia&parent=1086"}],"curies":[{"name":"wp","href":"https:\/\/api.w.org\/{rel}","templated":true}]}}