{"id":1192,"date":"2020-06-07T03:18:46","date_gmt":"2020-06-07T03:18:46","guid":{"rendered":"https:\/\/seguridadblindes.com\/?page_id=1192"},"modified":"2026-04-08T05:08:53","modified_gmt":"2026-04-08T05:08:53","slug":"domotica","status":"publish","type":"page","link":"https:\/\/seguridadblindes.com\/?page_id=1192","title":{"rendered":"Dom\u00f3tica"},"content":{"rendered":"<p><img loading=\"lazy\" class=\"size-medium wp-image-1194 alignleft\" src=\"https:\/\/seguridadblindes.com\/wp-content\/uploads\/2020\/06\/domotica3-300x169.jpg\" alt=\"Dom\u00f3tica\" width=\"300\" height=\"169\" srcset=\"https:\/\/seguridadblindes.com\/wp-content\/uploads\/2020\/06\/domotica3-300x169.jpg 300w, https:\/\/seguridadblindes.com\/wp-content\/uploads\/2020\/06\/domotica3.jpg 533w\" sizes=\"(max-width: 300px) 100vw, 300px\" \/>Al implementar un sistema de automatizaci\u00f3n o motorizaci\u00f3n, ahorrar\u00e1s tiempo y dinero y ganar\u00e1s seguridad.<br \/>Tiempo, porque <a href=\"https:\/\/www.replicaswiss.uk.com\/\">replica Rolex<\/a> no tendr\u00e1s que subir y bajar cada persiana de la casa manualmente cada d\u00eda.<\/p>\n<p>Dinero, <img loading=\"lazy\" class=\"size-medium wp-image-1195 alignleft\" src=\"https:\/\/seguridadblindes.com\/wp-content\/uploads\/2020\/06\/domotica2-300x200.jpg\" alt=\"Dom\u00f3tica\" width=\"300\" height=\"200\" srcset=\"https:\/\/seguridadblindes.com\/wp-content\/uploads\/2020\/06\/domotica2-300x200.jpg 300w, https:\/\/seguridadblindes.com\/wp-content\/uploads\/2020\/06\/domotica2.jpg 451w\" sizes=\"(max-width: 300px) 100vw, 300px\" \/>porque el control autom\u00e1tico de cerramientos <a href=\"https:\/\/www.sluxurywatches.com\/\">Fake Watches<\/a> y protecci\u00f3n solar de acuerdo a las condiciones clim\u00e1ticas contribuye al ahorro energ\u00e9tico en el hogar.<\/p>\n<p>\u00a0<\/p>\n\n\n<h2><\/h2>\n\n\n<p><img loading=\"lazy\" class=\"size-medium wp-image-1198 alignleft\" src=\"https:\/\/seguridadblindes.com\/wp-content\/uploads\/2020\/06\/domotica1-300x154.jpg\" alt=\"domotica\" width=\"300\" height=\"154\" srcset=\"https:\/\/seguridadblindes.com\/wp-content\/uploads\/2020\/06\/domotica1-300x154.jpg 300w, https:\/\/seguridadblindes.com\/wp-content\/uploads\/2020\/06\/domotica1-768x395.jpg 768w, https:\/\/seguridadblindes.com\/wp-content\/uploads\/2020\/06\/domotica1.jpg 800w\" sizes=\"(max-width: 300px) 100vw, 300px\" \/> Ganar\u00e1s seguridad porque cerrar todas las persianas ser\u00e1 tan sencillo como apretar un bot\u00f3n, de modo que ya no <a href=\"https:\/\/www.ukomegareplica.co.uk\/\">Omega replica<\/a> dudar\u00e1s en hacerlo s\u00f3lo por cortas ausencias de tu casa.<\/p>\n\n\n<p><\/p>\n\n\n\n<h2><\/h2>\n\n\n\n<figure class=\"wp-block-table\"><table><tbody><tr><td><a href=\"https:\/\/seguridadblindes.com\/?page_id=590\"><img loading=\"lazy\" width=\"196\" height=\"279\" class=\"wp-image-1594\" style=\"width: 150px;\" src=\"https:\/\/seguridadblindes.com\/wp-content\/uploads\/2020\/06\/cortinas_sheer_blindes.jpg\" alt=\"cortinas Sheer\"><\/a> <a href=\"https:\/\/seguridadblindes.com\/?page_id=1105\"><img loading=\"lazy\" width=\"196\" height=\"279\" class=\"wp-image-1597\" style=\"width: 150px;\" src=\"https:\/\/seguridadblindes.com\/wp-content\/uploads\/2020\/06\/enrollable_blindes.jpg\" alt=\"enrollable\"><\/a><a href=\"https:\/\/seguridadblindes.com\/?page_id=550\"><img loading=\"lazy\" width=\"196\" height=\"279\" class=\"wp-image-1591\" style=\"width: 150px;\" src=\"https:\/\/seguridadblindes.com\/wp-content\/uploads\/2020\/06\/cortinas_japones_blindes.jpg\" alt=\"cortinas_japones\"><\/a> <a href=\"https:\/\/seguridadblindes.com\/?page_id=605\"><img loading=\"lazy\" width=\"196\" height=\"279\" class=\"wp-image-1593\" style=\"width: 150px;\" src=\"https:\/\/seguridadblindes.com\/wp-content\/uploads\/2020\/06\/cortinas_romana_blindes.jpg\" alt=\"cortinas_romana\"><\/a> <a href=\"https:\/\/seguridadblindes.com\/?page_id=616\"><img loading=\"lazy\" width=\"196\" height=\"279\" class=\"wp-image-1590\" style=\"width: 150px;\" src=\"https:\/\/seguridadblindes.com\/wp-content\/uploads\/2020\/06\/cortinas_blackout_blindes.jpg\" alt=\"cortinas_blackout\"><\/a> <a href=\"https:\/\/seguridadblindes.com\/?page_id=1086\"><img loading=\"lazy\" width=\"196\" height=\"279\" class=\"wp-image-1598\" style=\"width: 150px;\" src=\"https:\/\/seguridadblindes.com\/wp-content\/uploads\/2020\/06\/madera_blindes.jpg\" alt=\"persiana en madera\"><\/a> <a href=\"https:\/\/seguridadblindes.com\/?page_id=630\"><img loading=\"lazy\" width=\"196\" height=\"279\" class=\"wp-image-1592\" style=\"width: 150px;\" src=\"https:\/\/seguridadblindes.com\/wp-content\/uploads\/2020\/06\/cortinas_motorizada_blindes.jpg\" alt=\"cortinas_motorizada\"><\/a> <a href=\"https:\/\/seguridadblindes.com\/?page_id=1192\"><img loading=\"lazy\" width=\"196\" height=\"279\" class=\"wp-image-1596\" style=\"width: 150px;\" src=\"https:\/\/seguridadblindes.com\/wp-content\/uploads\/2020\/06\/domotica_blindes.jpg\" alt=\"domotica\"><\/a> <a href=\"https:\/\/seguridadblindes.com\/?page_id=1237\"><img loading=\"lazy\" width=\"196\" height=\"279\" class=\"wp-image-1599\" style=\"width: 150px;\" src=\"https:\/\/seguridadblindes.com\/wp-content\/uploads\/2020\/06\/pelicula_control_blindes.jpg\" alt=\"pelicula control solar\"><\/a> <a href=\"https:\/\/seguridadblindes.com\/?page_id=1282\"><img loading=\"lazy\" width=\"196\" height=\"279\" class=\"wp-image-1595\" style=\"width: 150px;\" src=\"https:\/\/seguridadblindes.com\/wp-content\/uploads\/2020\/06\/division-bano_blindes.jpg\" alt=\"division bano\"><\/a> <a href=\"https:\/\/seguridadblindes.com\/?page_id=1496\"><img loading=\"lazy\" width=\"196\" height=\"279\" class=\"wp-image-1607\" style=\"width: 150px;\" src=\"https:\/\/seguridadblindes.com\/wp-content\/uploads\/2020\/06\/cortinas_antifluidos.jpg\" alt=\"cortinas antiflu\u00eddos\"><\/a> <a href=\"https:\/\/seguridadblindes.com\/?page_id=1078&amp;preview=true\"><img loading=\"lazy\" width=\"196\" height=\"279\" class=\"wp-image-1601\" style=\"width: 150px;\" src=\"https:\/\/seguridadblindes.com\/wp-content\/uploads\/2020\/06\/toldos_blindes.jpg\" alt=\"toldos\"><\/a> <a href=\"https:\/\/seguridadblindes.com\/?page_id=1153\"><img loading=\"lazy\" width=\"196\" height=\"279\" class=\"wp-image-1589\" style=\"width: 150px;\" src=\"https:\/\/seguridadblindes.com\/wp-content\/uploads\/2020\/06\/claraboya_blindes.jpg\" alt=\"claraboya\"><\/a>  <a href=\"https:\/\/seguridadblindes.com\/?page_id=382#cortinas\"><img loading=\"lazy\" width=\"196\" height=\"279\" class=\"wp-image-1600\" style=\"width: 150px;\" src=\"https:\/\/seguridadblindes.com\/wp-content\/uploads\/2020\/06\/servicio_cortinas_blindes.jpg\" alt=\"servicio cortinas\"><\/a><\/td><\/tr><\/tbody><\/table><\/figure>\n","protected":false},"excerpt":{"rendered":"<p>Al implementar un sistema de automatizaci\u00f3n o motorizaci\u00f3n, ahorrar\u00e1s tiempo y dinero y ganar\u00e1s seguridad.Tiempo, porque replica Rolex no tendr\u00e1s que subir y bajar cada&hellip;<\/p>\n","protected":false},"author":1,"featured_media":0,"parent":0,"menu_order":0,"comment_status":"closed","ping_status":"closed","template":"","meta":[],"_links":{"self":[{"href":"https:\/\/seguridadblindes.com\/index.php?rest_route=\/wp\/v2\/pages\/1192"}],"collection":[{"href":"https:\/\/seguridadblindes.com\/index.php?rest_route=\/wp\/v2\/pages"}],"about":[{"href":"https:\/\/seguridadblindes.com\/index.php?rest_route=\/wp\/v2\/types\/page"}],"author":[{"embeddable":true,"href":"https:\/\/seguridadblindes.com\/index.php?rest_route=\/wp\/v2\/users\/1"}],"replies":[{"embeddable":true,"href":"https:\/\/seguridadblindes.com\/index.php?rest_route=%2Fwp%2Fv2%2Fcomments&post=1192"}],"version-history":[{"count":14,"href":"https:\/\/seguridadblindes.com\/index.php?rest_route=\/wp\/v2\/pages\/1192\/revisions"}],"predecessor-version":[{"id":13102,"href":"https:\/\/seguridadblindes.com\/index.php?rest_route=\/wp\/v2\/pages\/1192\/revisions\/13102"}],"wp:attachment":[{"href":"https:\/\/seguridadblindes.com\/index.php?rest_route=%2Fwp%2Fv2%2Fmedia&parent=1192"}],"curies":[{"name":"wp","href":"https:\/\/api.w.org\/{rel}","templated":true}]}}