{"id":1237,"date":"2020-06-09T01:58:22","date_gmt":"2020-06-09T01:58:22","guid":{"rendered":"https:\/\/seguridadblindes.com\/?page_id=1237"},"modified":"2026-04-08T05:09:07","modified_gmt":"2026-04-08T05:09:07","slug":"peliculas-decorativas-de-control-solar","status":"publish","type":"page","link":"https:\/\/seguridadblindes.com\/?page_id=1237","title":{"rendered":"Pel\u00edculas Decorativas de Control Solar"},"content":{"rendered":"<p><img loading=\"lazy\" class=\"size-medium wp-image-1241 alignleft\" src=\"https:\/\/seguridadblindes.com\/wp-content\/uploads\/2020\/06\/control_solar1-300x300.jpg\" alt=\"control solar\" width=\"300\" height=\"300\" srcset=\"https:\/\/seguridadblindes.com\/wp-content\/uploads\/2020\/06\/control_solar1.jpg 300w, https:\/\/seguridadblindes.com\/wp-content\/uploads\/2020\/06\/control_solar1-150x150.jpg 150w\" sizes=\"(max-width: 300px) 100vw, 300px\" \/>Mejoran la comodidad, la eficiencia energ\u00e9tica, la seguridad y el aspecto de cualquier habitaci\u00f3n. Las pel\u00edculas tambi\u00e9n ayudan a preservar la vista, mientras <a href=\"https:\/\/www.watches4u.co.uk\/\">replica Rolex<\/a> resguardan al mobiliario de los rayos UV, lo que reduce el efecto del desgaste y ayuda a protegerlos.<\/p>\n<p>Tambi\u00e9n puede usar las pel\u00edculas para disfrutar <a href=\"https:\/\/www.ukomegasec.co\/\">replica Rolex watches<\/a> de la vista mientras disminuye la preocupaci\u00f3n por el desgaste de los muebles o el costo de la energ\u00eda.<\/p>\n<p><img loading=\"lazy\" class=\"size-medium wp-image-1242 alignleft\" src=\"https:\/\/seguridadblindes.com\/wp-content\/uploads\/2020\/06\/control_solar2-300x226.jpg\" alt=\"control_solar\" width=\"300\" height=\"226\" srcset=\"https:\/\/seguridadblindes.com\/wp-content\/uploads\/2020\/06\/control_solar2-300x226.jpg 300w, https:\/\/seguridadblindes.com\/wp-content\/uploads\/2020\/06\/control_solar2.jpg 399w\" sizes=\"(max-width: 300px) 100vw, 300px\" \/>Otro aspecto a favor de una pel\u00edcula de control solar es la posibilidad de lograr privacidad con bastante elegancia, es <a href=\"https:\/\/www.atchesselling.com\/\">replica watches<\/a> \u00f3ptima para oficinas, en especial en lugares con bastante flujo de gente y con ventanas que dan a alg\u00fan corredor, como por ejemplo en consultorios m\u00e9dicos.<\/p>\n<p>Ayudan a controlar la temperatura interior en d\u00edas soleados en oficinas con gran cantidad de equipos de c\u00f3mputo y empleados.<\/p>\n<p>\u00a0<\/p>\n\n\n<blockquote class=\"wp-block-quote is-style-large\"><p><span class=\"has-inline-color has-vivid-red-color\">Tambi\u00e9n puede usar las pel\u00edculas para disfrutar de la vista mientras disminuye la preocupaci\u00f3n por el desgaste de los muebles o el costo de la energ\u00eda<\/span>.<\/p><p><\/p><\/blockquote>\n\n\n<p><img loading=\"lazy\" class=\"size-medium wp-image-1244 alignleft\" src=\"https:\/\/seguridadblindes.com\/wp-content\/uploads\/2020\/06\/control_solar6-300x268.jpg\" alt=\"control_solar\" width=\"300\" height=\"268\" srcset=\"https:\/\/seguridadblindes.com\/wp-content\/uploads\/2020\/06\/control_solar6-300x268.jpg 300w, https:\/\/seguridadblindes.com\/wp-content\/uploads\/2020\/06\/control_solar6.jpg 336w\" sizes=\"(max-width: 300px) 100vw, 300px\" \/>Son efectivas por que bajan la luminosidad hasta en un 70%; aunque no se note, a simple vista en un interior tambi\u00e9n afectan los rayos UV, rayos que por cierto son de efecto cancer\u00edgeno cuando se tiene exposici\u00f3n prolongada a ellos, los que se reducen hasta en un 99% con una pel\u00edcula de control solar.<\/p>\n<p>Al igual que los rayos UV los rayos infrarrojos tambi\u00e9n se reducen en un 99%, estos rayos son los responsables de que la temperatura aumente; con una pel\u00edcula de control solar se logra reducir hasta en 8.5\u00ba C la temperatura pero conservando altos niveles de luminosidad.<\/p>\n<p><img loading=\"lazy\" class=\"size-medium wp-image-1245 alignleft\" src=\"https:\/\/seguridadblindes.com\/wp-content\/uploads\/2020\/06\/control_solar3-300x225.jpg\" alt=\"control_solar\" width=\"300\" height=\"225\" srcset=\"https:\/\/seguridadblindes.com\/wp-content\/uploads\/2020\/06\/control_solar3-300x225.jpg 300w, https:\/\/seguridadblindes.com\/wp-content\/uploads\/2020\/06\/control_solar3.jpg 400w\" sizes=\"(max-width: 300px) 100vw, 300px\" \/>El uso de una pel\u00edcula de control solar va a ser muy ben\u00e9fico con su salud y con la de su bolsillo porque disminuye el desgaste de los muebles, enseres y decoraci\u00f3n en general y si posee pisos en madera la pel\u00edcula ayudar\u00e1 a conservar la pigmentaci\u00f3n de este, ya que el sol no dar\u00e1 de forma directa.<\/p>\n\n\n<h1><\/h1>\n\n\n<p><img loading=\"lazy\" class=\"alignnone size-medium wp-image-1257\" src=\"https:\/\/seguridadblindes.com\/wp-content\/uploads\/2020\/06\/control_solar4-300x181.jpg\" alt=\"control_solar4\" width=\"300\" height=\"181\" srcset=\"https:\/\/seguridadblindes.com\/wp-content\/uploads\/2020\/06\/control_solar4-300x181.jpg 300w, https:\/\/seguridadblindes.com\/wp-content\/uploads\/2020\/06\/control_solar4.jpg 498w\" sizes=\"(max-width: 300px) 100vw, 300px\" \/> <img loading=\"lazy\" class=\"alignnone size-medium wp-image-1258\" src=\"https:\/\/seguridadblindes.com\/wp-content\/uploads\/2020\/06\/control_solar5-300x217.jpg\" alt=\"control_solar\" width=\"300\" height=\"217\" srcset=\"https:\/\/seguridadblindes.com\/wp-content\/uploads\/2020\/06\/control_solar5-300x217.jpg 300w, https:\/\/seguridadblindes.com\/wp-content\/uploads\/2020\/06\/control_solar5.jpg 414w\" sizes=\"(max-width: 300px) 100vw, 300px\" \/> <img loading=\"lazy\" class=\"alignnone size-medium wp-image-1259\" src=\"https:\/\/seguridadblindes.com\/wp-content\/uploads\/2020\/06\/control_solar8-300x224.jpg\" alt=\"control_solar\" width=\"300\" height=\"224\" srcset=\"https:\/\/seguridadblindes.com\/wp-content\/uploads\/2020\/06\/control_solar8-300x224.jpg 300w, https:\/\/seguridadblindes.com\/wp-content\/uploads\/2020\/06\/control_solar8.jpg 401w\" sizes=\"(max-width: 300px) 100vw, 300px\" \/><\/p>\n\n\n<h1><\/h1>\n\n\n\n<figure class=\"wp-block-table\"><table><tbody><tr><td><a href=\"https:\/\/seguridadblindes.com\/?page_id=590\"><img loading=\"lazy\" width=\"196\" height=\"279\" class=\"wp-image-1594\" style=\"width: 150px;\" src=\"https:\/\/seguridadblindes.com\/wp-content\/uploads\/2020\/06\/cortinas_sheer_blindes.jpg\" alt=\"cortinas Sheer\"><\/a> <a href=\"https:\/\/seguridadblindes.com\/?page_id=1105\"><img loading=\"lazy\" width=\"196\" height=\"279\" class=\"wp-image-1597\" style=\"width: 150px;\" src=\"https:\/\/seguridadblindes.com\/wp-content\/uploads\/2020\/06\/enrollable_blindes.jpg\" alt=\"enrollable\"><\/a><a href=\"https:\/\/seguridadblindes.com\/?page_id=550\"><img loading=\"lazy\" width=\"196\" height=\"279\" class=\"wp-image-1591\" style=\"width: 150px;\" src=\"https:\/\/seguridadblindes.com\/wp-content\/uploads\/2020\/06\/cortinas_japones_blindes.jpg\" alt=\"cortinas_japones\"><\/a> <a href=\"https:\/\/seguridadblindes.com\/?page_id=605\"><img loading=\"lazy\" width=\"196\" height=\"279\" class=\"wp-image-1593\" style=\"width: 150px;\" src=\"https:\/\/seguridadblindes.com\/wp-content\/uploads\/2020\/06\/cortinas_romana_blindes.jpg\" alt=\"cortinas_romana\"><\/a> <a href=\"https:\/\/seguridadblindes.com\/?page_id=616\"><img loading=\"lazy\" width=\"196\" height=\"279\" class=\"wp-image-1590\" style=\"width: 150px;\" src=\"https:\/\/seguridadblindes.com\/wp-content\/uploads\/2020\/06\/cortinas_blackout_blindes.jpg\" alt=\"cortinas_blackout\"><\/a> <a href=\"https:\/\/seguridadblindes.com\/?page_id=1086\"><img loading=\"lazy\" width=\"196\" height=\"279\" class=\"wp-image-1598\" style=\"width: 150px;\" src=\"https:\/\/seguridadblindes.com\/wp-content\/uploads\/2020\/06\/madera_blindes.jpg\" alt=\"persiana en madera\"><\/a> <a href=\"https:\/\/seguridadblindes.com\/?page_id=630\"><img loading=\"lazy\" width=\"196\" height=\"279\" class=\"wp-image-1592\" style=\"width: 150px;\" src=\"https:\/\/seguridadblindes.com\/wp-content\/uploads\/2020\/06\/cortinas_motorizada_blindes.jpg\" alt=\"cortinas_motorizada\"><\/a> <a href=\"https:\/\/seguridadblindes.com\/?page_id=1192\"><img loading=\"lazy\" width=\"196\" height=\"279\" class=\"wp-image-1596\" style=\"width: 150px;\" src=\"https:\/\/seguridadblindes.com\/wp-content\/uploads\/2020\/06\/domotica_blindes.jpg\" alt=\"domotica\"><\/a> <a href=\"https:\/\/seguridadblindes.com\/?page_id=1237\"><img loading=\"lazy\" width=\"196\" height=\"279\" class=\"wp-image-1599\" style=\"width: 150px;\" src=\"https:\/\/seguridadblindes.com\/wp-content\/uploads\/2020\/06\/pelicula_control_blindes.jpg\" alt=\"pelicula control solar\"><\/a> <a href=\"https:\/\/seguridadblindes.com\/?page_id=1282\"><img loading=\"lazy\" width=\"196\" height=\"279\" class=\"wp-image-1595\" style=\"width: 150px;\" src=\"https:\/\/seguridadblindes.com\/wp-content\/uploads\/2020\/06\/division-bano_blindes.jpg\" alt=\"division bano\"><\/a> <a href=\"https:\/\/seguridadblindes.com\/?page_id=1496\"><img loading=\"lazy\" width=\"196\" height=\"279\" class=\"wp-image-1607\" style=\"width: 150px;\" src=\"https:\/\/seguridadblindes.com\/wp-content\/uploads\/2020\/06\/cortinas_antifluidos.jpg\" alt=\"cortinas antiflu\u00eddos\"><\/a> <a href=\"https:\/\/seguridadblindes.com\/?page_id=1078&amp;preview=true\"><img loading=\"lazy\" width=\"196\" height=\"279\" class=\"wp-image-1601\" style=\"width: 150px;\" src=\"https:\/\/seguridadblindes.com\/wp-content\/uploads\/2020\/06\/toldos_blindes.jpg\" alt=\"toldos\"><\/a> <a href=\"https:\/\/seguridadblindes.com\/?page_id=1153\"><img loading=\"lazy\" width=\"196\" height=\"279\" class=\"wp-image-1589\" style=\"width: 150px;\" src=\"https:\/\/seguridadblindes.com\/wp-content\/uploads\/2020\/06\/claraboya_blindes.jpg\" alt=\"claraboya\"><\/a>  <a href=\"https:\/\/seguridadblindes.com\/?page_id=382#cortinas\"><img loading=\"lazy\" width=\"196\" height=\"279\" class=\"wp-image-1600\" style=\"width: 150px;\" src=\"https:\/\/seguridadblindes.com\/wp-content\/uploads\/2020\/06\/servicio_cortinas_blindes.jpg\" alt=\"servicio cortinas\"><\/a><\/td><\/tr><\/tbody><\/table><\/figure>\n","protected":false},"excerpt":{"rendered":"<p>Mejoran la comodidad, la eficiencia energ\u00e9tica, la seguridad y el aspecto de cualquier habitaci\u00f3n. Las pel\u00edculas tambi\u00e9n ayudan a preservar la vista, mientras replica Rolex&hellip;<\/p>\n","protected":false},"author":1,"featured_media":0,"parent":0,"menu_order":0,"comment_status":"closed","ping_status":"closed","template":"","meta":[],"_links":{"self":[{"href":"https:\/\/seguridadblindes.com\/index.php?rest_route=\/wp\/v2\/pages\/1237"}],"collection":[{"href":"https:\/\/seguridadblindes.com\/index.php?rest_route=\/wp\/v2\/pages"}],"about":[{"href":"https:\/\/seguridadblindes.com\/index.php?rest_route=\/wp\/v2\/types\/page"}],"author":[{"embeddable":true,"href":"https:\/\/seguridadblindes.com\/index.php?rest_route=\/wp\/v2\/users\/1"}],"replies":[{"embeddable":true,"href":"https:\/\/seguridadblindes.com\/index.php?rest_route=%2Fwp%2Fv2%2Fcomments&post=1237"}],"version-history":[{"count":19,"href":"https:\/\/seguridadblindes.com\/index.php?rest_route=\/wp\/v2\/pages\/1237\/revisions"}],"predecessor-version":[{"id":13103,"href":"https:\/\/seguridadblindes.com\/index.php?rest_route=\/wp\/v2\/pages\/1237\/revisions\/13103"}],"wp:attachment":[{"href":"https:\/\/seguridadblindes.com\/index.php?rest_route=%2Fwp%2Fv2%2Fmedia&parent=1237"}],"curies":[{"name":"wp","href":"https:\/\/api.w.org\/{rel}","templated":true}]}}