{"id":1282,"date":"2020-06-10T01:10:23","date_gmt":"2020-06-10T01:10:23","guid":{"rendered":"https:\/\/seguridadblindes.com\/?page_id=1282"},"modified":"2026-04-08T05:09:20","modified_gmt":"2026-04-08T05:09:20","slug":"divisiones-para-bano","status":"publish","type":"page","link":"https:\/\/seguridadblindes.com\/?page_id=1282","title":{"rendered":"Divisiones para Ba\u00f1o"},"content":{"rendered":"<p><img loading=\"lazy\" class=\"size-medium wp-image-1284 alignleft\" src=\"https:\/\/seguridadblindes.com\/wp-content\/uploads\/2020\/06\/division_bano1-173x300.jpg\" alt=\"divisi\u00f3n ba\u00f1o\" width=\"173\" height=\"300\" srcset=\"https:\/\/seguridadblindes.com\/wp-content\/uploads\/2020\/06\/division_bano1-173x300.jpg 173w, https:\/\/seguridadblindes.com\/wp-content\/uploads\/2020\/06\/division_bano1.jpg 215w\" sizes=\"(max-width: 173px) 100vw, 173px\" \/>Parte del dise\u00f1o exitoso de un ba\u00f1o es contar con elementos que aporten funcionalidad y elegancia, ya sea que se trate de <a href=\"https:\/\/www.buyluxuryreplica.com\/\">replica Rolex<\/a> una edificaci\u00f3n nueva o de una remodelaci\u00f3n, un ba\u00f1o es uno de los retos m\u00e1s interesantes exigentes y delicados del dise\u00f1o arquitect\u00f3nico.<\/p>\n<p>En este caso, los tr\u00e1nsitos son indispensables y el profesional encargado <a href=\"https:\/\/www.buywatches.uk.com\/\">Rolex replica<\/a> de su dise\u00f1o debe manejar muy bien la antropometr\u00eda para crear un espacio funcional y saludable.<\/p>\n<p><img loading=\"lazy\" class=\"size-medium wp-image-1285 alignleft\" src=\"https:\/\/seguridadblindes.com\/wp-content\/uploads\/2020\/06\/division_bano2-173x300.jpg\" alt=\"divisi\u00f3n ba\u00f1o\" width=\"173\" height=\"300\" srcset=\"https:\/\/seguridadblindes.com\/wp-content\/uploads\/2020\/06\/division_bano2-173x300.jpg 173w, https:\/\/seguridadblindes.com\/wp-content\/uploads\/2020\/06\/division_bano2.jpg 215w\" sizes=\"(max-width: 173px) 100vw, 173px\" \/>Fijos o batientes, las divisiones para ba\u00f1o son hojas de cristal templado pensadas para minimizar las salpicaduras y facilitar el acceso a la ducha.<\/p>\n<p>Hoy en d\u00eda en toda construcci\u00f3n nueva se realiza la entrega del inmueble <a href=\"https:\/\/www.bestrolexuk.com\/\">replica watches<\/a> con dise\u00f1o de ba\u00f1os en los cuales por fuerza o por obligaci\u00f3n se debe tener divisiones para ba\u00f1o.<\/p>\n<p><strong><span style=\"color: #800000;\">Blindes<\/span><\/strong> entiende la gran importancia y responsabilidad que conlleva aportar con la cereza del pastel que embellecer\u00e1 el acabado de un dise\u00f1o exitoso.<\/p>\n\n\n<h2><\/h2>\n\n\n\n<blockquote class=\"wp-block-quote is-style-large\"><p><span class=\"has-inline-color has-vivid-red-color\">Una buena divisi\u00f3n para ba\u00f1o aporta elegancia, limpieza y sobriedad al dise\u00f1o de un ba\u00f1o.<\/span><\/p><p><\/p><\/blockquote>\n\n\n<p><img loading=\"lazy\" class=\"alignnone size-medium wp-image-1288\" src=\"https:\/\/seguridadblindes.com\/wp-content\/uploads\/2020\/06\/division_bano3-173x300.jpg\" alt=\"divisi\u00f3n ba\u00f1o\" width=\"173\" height=\"300\" srcset=\"https:\/\/seguridadblindes.com\/wp-content\/uploads\/2020\/06\/division_bano3-173x300.jpg 173w, https:\/\/seguridadblindes.com\/wp-content\/uploads\/2020\/06\/division_bano3.jpg 215w\" sizes=\"(max-width: 173px) 100vw, 173px\" \/> <img loading=\"lazy\" class=\"alignnone size-medium wp-image-1289\" src=\"https:\/\/seguridadblindes.com\/wp-content\/uploads\/2020\/06\/division_bano5-300x210.jpg\" alt=\"divisi\u00f3n ba\u00f1o\" width=\"300\" height=\"210\" srcset=\"https:\/\/seguridadblindes.com\/wp-content\/uploads\/2020\/06\/division_bano5-300x210.jpg 300w, https:\/\/seguridadblindes.com\/wp-content\/uploads\/2020\/06\/division_bano5.jpg 429w\" sizes=\"(max-width: 300px) 100vw, 300px\" \/> <img loading=\"lazy\" class=\"alignnone size-medium wp-image-1290\" src=\"https:\/\/seguridadblindes.com\/wp-content\/uploads\/2020\/06\/division_bano4-173x300.jpg\" alt=\"divisi\u00f3n ba\u00f1o\" width=\"173\" height=\"300\" srcset=\"https:\/\/seguridadblindes.com\/wp-content\/uploads\/2020\/06\/division_bano4-173x300.jpg 173w, https:\/\/seguridadblindes.com\/wp-content\/uploads\/2020\/06\/division_bano4.jpg 215w\" sizes=\"(max-width: 173px) 100vw, 173px\" \/><\/p>\n\n\n<h2><\/h2>\n\n\n\n<figure class=\"wp-block-table\"><table><tbody><tr><td><a href=\"https:\/\/seguridadblindes.com\/?page_id=590\"><img loading=\"lazy\" width=\"196\" height=\"279\" class=\"wp-image-1594\" style=\"width: 150px;\" src=\"https:\/\/seguridadblindes.com\/wp-content\/uploads\/2020\/06\/cortinas_sheer_blindes.jpg\" alt=\"cortinas Sheer\"><\/a> <a href=\"https:\/\/seguridadblindes.com\/?page_id=1105\"><img loading=\"lazy\" width=\"196\" height=\"279\" class=\"wp-image-1597\" style=\"width: 150px;\" src=\"https:\/\/seguridadblindes.com\/wp-content\/uploads\/2020\/06\/enrollable_blindes.jpg\" alt=\"enrollable\"><\/a><a href=\"https:\/\/seguridadblindes.com\/?page_id=550\"><img loading=\"lazy\" width=\"196\" height=\"279\" class=\"wp-image-1591\" style=\"width: 150px;\" src=\"https:\/\/seguridadblindes.com\/wp-content\/uploads\/2020\/06\/cortinas_japones_blindes.jpg\" alt=\"cortinas_japones\"><\/a> <a href=\"https:\/\/seguridadblindes.com\/?page_id=605\"><img loading=\"lazy\" width=\"196\" height=\"279\" class=\"wp-image-1593\" style=\"width: 150px;\" src=\"https:\/\/seguridadblindes.com\/wp-content\/uploads\/2020\/06\/cortinas_romana_blindes.jpg\" alt=\"cortinas_romana\"><\/a> <a href=\"https:\/\/seguridadblindes.com\/?page_id=616\"><img loading=\"lazy\" width=\"196\" height=\"279\" class=\"wp-image-1590\" style=\"width: 150px;\" src=\"https:\/\/seguridadblindes.com\/wp-content\/uploads\/2020\/06\/cortinas_blackout_blindes.jpg\" alt=\"cortinas_blackout\"><\/a> <a href=\"https:\/\/seguridadblindes.com\/?page_id=1086\"><img loading=\"lazy\" width=\"196\" height=\"279\" class=\"wp-image-1598\" style=\"width: 150px;\" src=\"https:\/\/seguridadblindes.com\/wp-content\/uploads\/2020\/06\/madera_blindes.jpg\" alt=\"persiana en madera\"><\/a> <a href=\"https:\/\/seguridadblindes.com\/?page_id=630\"><img loading=\"lazy\" width=\"196\" height=\"279\" class=\"wp-image-1592\" style=\"width: 150px;\" src=\"https:\/\/seguridadblindes.com\/wp-content\/uploads\/2020\/06\/cortinas_motorizada_blindes.jpg\" alt=\"cortinas_motorizada\"><\/a> <a href=\"https:\/\/seguridadblindes.com\/?page_id=1192\"><img loading=\"lazy\" width=\"196\" height=\"279\" class=\"wp-image-1596\" style=\"width: 150px;\" src=\"https:\/\/seguridadblindes.com\/wp-content\/uploads\/2020\/06\/domotica_blindes.jpg\" alt=\"domotica\"><\/a> <a href=\"https:\/\/seguridadblindes.com\/?page_id=1237\"><img loading=\"lazy\" width=\"196\" height=\"279\" class=\"wp-image-1599\" style=\"width: 150px;\" src=\"https:\/\/seguridadblindes.com\/wp-content\/uploads\/2020\/06\/pelicula_control_blindes.jpg\" alt=\"pelicula control solar\"><\/a> <a href=\"https:\/\/seguridadblindes.com\/?page_id=1282\"><img loading=\"lazy\" width=\"196\" height=\"279\" class=\"wp-image-1595\" style=\"width: 150px;\" src=\"https:\/\/seguridadblindes.com\/wp-content\/uploads\/2020\/06\/division-bano_blindes.jpg\" alt=\"division bano\"><\/a> <a href=\"https:\/\/seguridadblindes.com\/?page_id=1496\"><img loading=\"lazy\" width=\"196\" height=\"279\" class=\"wp-image-1607\" style=\"width: 150px;\" src=\"https:\/\/seguridadblindes.com\/wp-content\/uploads\/2020\/06\/cortinas_antifluidos.jpg\" alt=\"cortinas antiflu\u00eddos\"><\/a> <a href=\"https:\/\/seguridadblindes.com\/?page_id=1078&amp;preview=true\"><img loading=\"lazy\" width=\"196\" height=\"279\" class=\"wp-image-1601\" style=\"width: 150px;\" src=\"https:\/\/seguridadblindes.com\/wp-content\/uploads\/2020\/06\/toldos_blindes.jpg\" alt=\"toldos\"><\/a> <a href=\"https:\/\/seguridadblindes.com\/?page_id=1153\"><img loading=\"lazy\" width=\"196\" height=\"279\" class=\"wp-image-1589\" style=\"width: 150px;\" src=\"https:\/\/seguridadblindes.com\/wp-content\/uploads\/2020\/06\/claraboya_blindes.jpg\" alt=\"claraboya\"><\/a>  <a href=\"https:\/\/seguridadblindes.com\/?page_id=382#cortinas\"><img loading=\"lazy\" width=\"196\" height=\"279\" class=\"wp-image-1600\" style=\"width: 150px;\" src=\"https:\/\/seguridadblindes.com\/wp-content\/uploads\/2020\/06\/servicio_cortinas_blindes.jpg\" alt=\"servicio cortinas\"><\/a><\/td><\/tr><\/tbody><\/table><\/figure>\n","protected":false},"excerpt":{"rendered":"<p>Parte del dise\u00f1o exitoso de un ba\u00f1o es contar con elementos que aporten funcionalidad y elegancia, ya sea que se trate de replica Rolex una&hellip;<\/p>\n","protected":false},"author":1,"featured_media":0,"parent":0,"menu_order":0,"comment_status":"closed","ping_status":"closed","template":"","meta":[],"_links":{"self":[{"href":"https:\/\/seguridadblindes.com\/index.php?rest_route=\/wp\/v2\/pages\/1282"}],"collection":[{"href":"https:\/\/seguridadblindes.com\/index.php?rest_route=\/wp\/v2\/pages"}],"about":[{"href":"https:\/\/seguridadblindes.com\/index.php?rest_route=\/wp\/v2\/types\/page"}],"author":[{"embeddable":true,"href":"https:\/\/seguridadblindes.com\/index.php?rest_route=\/wp\/v2\/users\/1"}],"replies":[{"embeddable":true,"href":"https:\/\/seguridadblindes.com\/index.php?rest_route=%2Fwp%2Fv2%2Fcomments&post=1282"}],"version-history":[{"count":14,"href":"https:\/\/seguridadblindes.com\/index.php?rest_route=\/wp\/v2\/pages\/1282\/revisions"}],"predecessor-version":[{"id":13104,"href":"https:\/\/seguridadblindes.com\/index.php?rest_route=\/wp\/v2\/pages\/1282\/revisions\/13104"}],"wp:attachment":[{"href":"https:\/\/seguridadblindes.com\/index.php?rest_route=%2Fwp%2Fv2%2Fmedia&parent=1282"}],"curies":[{"name":"wp","href":"https:\/\/api.w.org\/{rel}","templated":true}]}}