{"id":137,"date":"2020-05-22T23:27:29","date_gmt":"2020-05-22T23:27:29","guid":{"rendered":"https:\/\/seguridadblindes.com\/?page_id=137"},"modified":"2026-04-08T04:02:01","modified_gmt":"2026-04-08T04:02:01","slug":"puerta-de-seguridad-comando","status":"publish","type":"page","link":"https:\/\/seguridadblindes.com\/?page_id=137","title":{"rendered":"Puerta de Seguridad Comando"},"content":{"rendered":"\n<p><a href=\"https:\/\/www.luxurwatches.co.uk\/\">Omega replica<\/a><br><a href=\"https:\/\/www.nurluk.me\/\">Replica watches<\/a><br><a href=\"https:\/\/www.breitlingsales.com\/\">Breitling replica watches<\/a><\/p>\n\n\n\n<div class=\"wp-block-columns\">\n<div class=\"wp-block-column\">\n<div class=\"wp-block-image\"><figure class=\"aligncenter size-large\"><img loading=\"lazy\" width=\"387\" height=\"600\" src=\"https:\/\/seguridadblindes.com\/wp-content\/uploads\/2020\/05\/puerta_comando.jpg\" alt=\"Puerta Comando\" class=\"wp-image-141\" srcset=\"https:\/\/seguridadblindes.com\/wp-content\/uploads\/2020\/05\/puerta_comando.jpg 387w, https:\/\/seguridadblindes.com\/wp-content\/uploads\/2020\/05\/puerta_comando-194x300.jpg 194w\" sizes=\"(max-width: 387px) 100vw, 387px\" \/><\/figure><\/div>\n<\/div>\n\n\n\n<div class=\"wp-block-column\">\n<ul>\n<li>Canto reforzado en angulo estructural de I \/8&#8243;<\/li>\n<li>Pasador Superior.<\/li>\n<li>Refuerzos Verticales.<\/li>\n<li>Mirilla con Visi6n 180\u00b0.<\/li>\n<li>Pasador Nocturno (Optional).<\/li>\n<li>Cerradura de Alta Seguridad.<\/li>\n<li>Marcos Fundidos en Concreto<\/li>\n<li>Bisagra trabajo pesado 3\/4&#8243;.<\/li>\n<li>Anclaje Estructural.<\/li>\n<li>Marco en Acero Calibre 14.<\/li>\n<li>14 Pasadores Perimetrales (incluido el pestillo).<\/li>\n<\/ul>\n<h3><span style=\"color: #800000;\"><strong>Caracter\u00edsticas<\/strong><\/span><\/h3>\n<p>Las puertas de seguridad <strong><span style=\"color: #800000;\">BLINDES <\/span><\/strong>\u00a0han sido ensayadas<br \/>en laboratorios con pruebas de resistencia reales<br \/>utilizando palancas, barras, trancas, tunas, armas de<br \/>Fuego, etc. Sobre la superficie, marcos, las cerraduras,<br \/>pernos y \u00e1ngulos, garantizando solidez y seguridad a toda<br \/>prueba.<\/p>\n\n\n\n<p>La hoja est\u00e1 fabricada en laminas de acero CR 14 de alta<br \/>resistencia en doble panel (superficie exterior e interior),<br \/>con perfiles reforzados en todo el per\u00edmetro en angulo<br \/>estructural de 1 41 \/\u00bb x Tambi\u00e9n est\u00e1 dotada de<br \/>refuerzos internos longitudinales de alta resistencia.<\/p>\n<p>El marco de la puerta, igualmente es fabricado en acero CR<br \/>calibre 14, al momento de la instalaci\u00f3n se funde en<br \/>concreto a los muros adyacentes y se fija con anclajes de<br \/>seguridad.<\/p>\n<p>La puerta se enchapa por todas sus caras seg\u00fan el tipo y dise\u00f1o actual.<\/p>\n<h4><strong><span style=\"color: #800000;\">Resistencia Bal\u00edstica.<\/span><\/strong><\/h4>\n<p>Resistente a la penetraci\u00f3n de proyectiles en los niveles I,II y III de la norma UL.752<br \/>(Underwrites Laboratories Inc. U.S.A).<\/p>\n\n\n\n<p><\/p>\n<\/div>\n<\/div>\n\n\n\n<p><\/p>\n\n\n\n<div class=\"wp-block-columns\">\n<div class=\"wp-block-column\">\n<figure class=\"wp-block-image size-large\"><img loading=\"lazy\" width=\"429\" height=\"731\" src=\"https:\/\/seguridadblindes.com\/wp-content\/uploads\/2020\/05\/cerraduras_secureme.jpg\" alt=\"\" class=\"wp-image-182\" srcset=\"https:\/\/seguridadblindes.com\/wp-content\/uploads\/2020\/05\/cerraduras_secureme.jpg 429w, https:\/\/seguridadblindes.com\/wp-content\/uploads\/2020\/05\/cerraduras_secureme-176x300.jpg 176w\" sizes=\"(max-width: 429px) 100vw, 429px\" \/><\/figure>\n<\/div>\n\n\n\n<div class=\"wp-block-column\">\n<h4><span style=\"color: #800000;\"><strong>Cerradura de Alta Segundad D<\/strong><strong>ecorativa Securemme<\/strong><\/span><\/h4>\n<p>Cerradura de alta seguridad italiana con sistema de\u00a0activaci\u00f3n multipunto para el desplaza miento de\u00a014 pasadores en acero endurecido m\u00e1s el picaporte de\u00a0resbal\u00f3n reversible en lat\u00f3n cromado. Caja cerrada y<\/p>\n<p>mecanismo interior en acero bicromatado y escudos de lujo. Cuenca con un exclusivo sistema de acceso con una (1) llave de servicio que acciona el mecanismo de cierre perimetral en dos tiempos, y cinco (5) llaves principales que accionan el cierre perimetral en cuatro tiempos y a su vez bloque el ingreso con in llave de servicio, llaves especializadas de duplicaci\u00f3n no convensional \u00abdoppia mappa\u00a0(doblealeta).<\/p>\n<h4><span style=\"color: #800000;\"><strong>Cierre Perimetral:<\/strong><\/span><\/h4>\n<p>Sistema de cierre geom\u00e9trico que funciona de la siguiente manera:<\/p>\n<p>Al operar el m\u00f3dulo de la cerradura de alta\u00a0seguridad <span style=\"color: #800000;\">SECUREMME,<\/span> acciona 8 pasadores\u00a0frontales y el picaporte, 2 pasadores al techo y 3\u00a0pasadores al costado de las bisagras, para un total de\u00a014 pasadores activos.<\/p>\n<h4><span style=\"color: #800000;\"><strong>Bisagras:<\/strong><\/span><\/h4>\n<p>Torneadas en acero endurecido, de 3\/4 electrosoldadas al marco y a la hoja.<\/p>\n<h4><span style=\"color: #800000;\"><strong>Accesorios:<\/strong><\/span><\/h4>\n<ul>\n<li>Manijas de lujo \u00faltima colecci\u00f3n para garantizar un excelente acabado est\u00e9tico.<\/li>\n<li>Mirilla do seguridad panor\u00e1mica con \u00e1ngulo de <span style=\"font-size: inherit;\">visi\u00f3n de 180\u00b0.<\/span><\/li>\n<li>Pasador nocturno accionado mediante\u00a0<span style=\"font-size: inherit;\">mariposa, ubicado \u00fanicamente al interior de la\u00a0<\/span><span style=\"font-size: inherit;\">puerta, con el fin de bloquear la apertura de la <\/span>misma sin necesidad de accionar la cerradura. <span style=\"font-size: inherit;\">(opcional)<\/span><\/li>\n<\/ul>\n\n\n\n<p><\/p>\n<\/div>\n<\/div>\n\n\n\n<figure class=\"wp-block-table\"><table><tbody><tr><td><a href=\"https:\/\/seguridadblindes.com\/?page_id=137\"><img loading=\"lazy\" width=\"196\" height=\"279\" class=\"wp-image-1644\" style=\"width: 150px;\" src=\"https:\/\/seguridadblindes.com\/wp-content\/uploads\/2020\/06\/puerta_comando.jpg\" alt=\"puerta comando\"><\/a> <a href=\"https:\/\/seguridadblindes.com\/?page_id=190\"><img loading=\"lazy\" width=\"196\" height=\"279\" class=\"wp-image-1645\" style=\"width: 150px;\" src=\"https:\/\/seguridadblindes.com\/wp-content\/uploads\/2020\/06\/puerta_brigadier.jpg\" alt=\"puerta brigadier\"><\/a> <a href=\"https:\/\/seguridadblindes.com\/?page_id=220\"><img loading=\"lazy\" width=\"196\" height=\"279\" class=\"wp-image-1646\" style=\"width: 150px;\" src=\"https:\/\/seguridadblindes.com\/wp-content\/uploads\/2020\/06\/puerta_elite.jpg\" alt=\"puerta \u00e9lite\"><\/a> <a href=\"https:\/\/seguridadblindes.com\/?page_id=399\"><img loading=\"lazy\" width=\"196\" height=\"279\" class=\"wp-image-1647\" style=\"width: 150px;\" src=\"https:\/\/seguridadblindes.com\/wp-content\/uploads\/2020\/06\/puertas_especiales2-1.jpg\" alt=\"puertas especiales\"><\/a> <a href=\"https:\/\/seguridadblindes.com\/?page_id=541\"><img loading=\"lazy\" width=\"196\" height=\"279\" class=\"wp-image-1648\" style=\"width: 150px;\" src=\"https:\/\/seguridadblindes.com\/wp-content\/uploads\/2020\/06\/control_acceso-1.jpg\" alt=\"control acceso biom\u00e9trico\"><\/a> <a href=\"https:\/\/seguridadblindes.com\/?page_id=382#puertas\"><img loading=\"lazy\" width=\"196\" height=\"279\" class=\"wp-image-1627\" style=\"width: 150px;\" src=\"https:\/\/seguridadblindes.com\/wp-content\/uploads\/2020\/06\/servicio_puertas_menu.jpg\" alt=\"servicio puertas\"><\/a><\/td><\/tr><\/tbody><\/table><\/figure>\n","protected":false},"excerpt":{"rendered":"<p>Omega replicaReplica watchesBreitling replica watches Canto reforzado en angulo estructural de I \/8&#8243; Pasador Superior. Refuerzos Verticales. Mirilla con Visi6n 180\u00b0. Pasador Nocturno (Optional). Cerradura&hellip;<\/p>\n","protected":false},"author":1,"featured_media":0,"parent":0,"menu_order":0,"comment_status":"closed","ping_status":"closed","template":"","meta":[],"_links":{"self":[{"href":"https:\/\/seguridadblindes.com\/index.php?rest_route=\/wp\/v2\/pages\/137"}],"collection":[{"href":"https:\/\/seguridadblindes.com\/index.php?rest_route=\/wp\/v2\/pages"}],"about":[{"href":"https:\/\/seguridadblindes.com\/index.php?rest_route=\/wp\/v2\/types\/page"}],"author":[{"embeddable":true,"href":"https:\/\/seguridadblindes.com\/index.php?rest_route=\/wp\/v2\/users\/1"}],"replies":[{"embeddable":true,"href":"https:\/\/seguridadblindes.com\/index.php?rest_route=%2Fwp%2Fv2%2Fcomments&post=137"}],"version-history":[{"count":49,"href":"https:\/\/seguridadblindes.com\/index.php?rest_route=\/wp\/v2\/pages\/137\/revisions"}],"predecessor-version":[{"id":13084,"href":"https:\/\/seguridadblindes.com\/index.php?rest_route=\/wp\/v2\/pages\/137\/revisions\/13084"}],"wp:attachment":[{"href":"https:\/\/seguridadblindes.com\/index.php?rest_route=%2Fwp%2Fv2%2Fmedia&parent=137"}],"curies":[{"name":"wp","href":"https:\/\/api.w.org\/{rel}","templated":true}]}}