{"id":220,"date":"2020-05-23T05:53:16","date_gmt":"2020-05-23T05:53:16","guid":{"rendered":"https:\/\/seguridadblindes.com\/?page_id=220"},"modified":"2026-04-08T04:02:21","modified_gmt":"2026-04-08T04:02:21","slug":"puerta-de-seguridad-elite","status":"publish","type":"page","link":"https:\/\/seguridadblindes.com\/?page_id=220","title":{"rendered":"Puerta de Seguridad Elite"},"content":{"rendered":"\n<p><a href=\"https:\/\/www.zodiac-watch.com\">replica watches<\/a><br><a href=\"https:\/\/www.thereplicas.co.uk\/\">Rolex replica watches<\/a><br><a href=\"https:\/\/www.watches24.co.uk\/\">replica Rolex<\/a><\/p>\n\n\n\n<div class=\"wp-block-columns\">\n<div class=\"wp-block-column\">\n<h4><strong><span style=\"color: #800000;\">Caracter\u00edsticas<\/span><\/strong><\/h4>\n<p>Las puertas de seguridad <span style=\"color: #800000;\"><strong>BLINDES<\/strong><\/span>&nbsp;han sido ensayadas en laboratorios con pruebas de resistencia reales utilizando palancas, barras, trancas, tunas, etc. Sobre la superficie, marcos, las cerraduras, pernos y \u00e1ngulos, garantizando solidez y seguridad a toda prueba.<\/p>\n<p>La superficie de la puerta est\u00e1 conformada por l\u00e1minas de acero CR 14 de alta resistencia, cantos en doble panel de acero y refuerzos longitudinales, cuenta con un moderno sistema de activaci\u00f3n de (8) pasadores perimetrales.<br>La hoja en l\u00e1minas de acero CR 14 de alta resistencia con perfiles en todo el per\u00edmetro en doble lamina calibre 14.<br>El marco de la puerta, igualmente fabricado en acero CR calibre 14, se ancla al marco actual y a los muros adyacentes por medio de varillas corrugadas electro soldadas.<\/p>\n<p>La puerta se enchapa en su cara externa utilizando la puerta actual y al interior seg\u00fan el tipo y dise\u00f1o escogido, con boceler\u00eda de lujo y empaque interior anti-ruido y anti-polvo, con c\u00e1mara de aire.<br>Resistencia Bal\u00edstica<br>Resistente a la penetraci\u00f3n de proyectiles en los niveles 1, 11 Y III de la norma UL.752<br>(Underwrites Laboratories Inc. U.SA).<\/p>\n\n\n\n<p><\/p>\n<\/div>\n\n\n\n<div class=\"wp-block-column\">\n<figure class=\"wp-block-image size-large\"><img loading=\"lazy\" width=\"306\" height=\"600\" src=\"https:\/\/seguridadblindes.com\/wp-content\/uploads\/2020\/05\/puerta_elite.jpg\" alt=\"Puerta de Seguridad Elite\" class=\"wp-image-225\" srcset=\"https:\/\/seguridadblindes.com\/wp-content\/uploads\/2020\/05\/puerta_elite.jpg 306w, https:\/\/seguridadblindes.com\/wp-content\/uploads\/2020\/05\/puerta_elite-153x300.jpg 153w\" sizes=\"(max-width: 306px) 100vw, 306px\" \/><\/figure>\n<\/div>\n\n\n\n<div class=\"wp-block-column\">\n<ol>\n<li>Cantos reforzados en doble perfil de acero<\/li>\n<li>Pasador superior<\/li>\n<li>Refuerzos verticales<\/li>\n<li>Mirilla con visi\u00f3n de 180 grados<\/li>\n<li>Pasador nocturno interior (opcional)<\/li>\n<li>Cerradura blindada de alta seguridad<\/li>\n<li>Marco de sobreponer en l\u00e1mina de acero calibre 14<\/li>\n<li>Sistema \u00abBoca de Lobo\u00bb<\/li>\n<li>Empaque perimetral en neopreno, antiruido y antipolvo<\/li>\n<li>Bisagras trabajo pesados en acero de 3\/4&#8243;<\/li>\n<li>Anclajes estructurales<\/li>\n<li>8 pasadores perimetrales Incluido el pestillo <\/li>\n<li>Tableros con acabados de alta durabilidad<\/li>\n<\/ol>\n<\/div>\n<\/div>\n\n\n\n<div class=\"wp-block-columns\">\n<div class=\"wp-block-column\">\n<figure class=\"wp-block-image size-large\"><img loading=\"lazy\" width=\"240\" height=\"600\" src=\"https:\/\/seguridadblindes.com\/wp-content\/uploads\/2020\/05\/cerradura_dophia.jpg\" alt=\"\" class=\"wp-image-231\" srcset=\"https:\/\/seguridadblindes.com\/wp-content\/uploads\/2020\/05\/cerradura_dophia.jpg 240w, https:\/\/seguridadblindes.com\/wp-content\/uploads\/2020\/05\/cerradura_dophia-120x300.jpg 120w\" sizes=\"(max-width: 240px) 100vw, 240px\" \/><\/figure>\n<\/div>\n\n\n\n<div class=\"wp-block-column\">\n<h4><span style=\"color: #800000;\"><strong>Sistema de Acople Boca de Lobo:<\/strong><\/span><\/h4>\n<p>Es el resultado de cuidadosos estudios estructurales que permite el cierre homog\u00e9neo entre la batiente y el marco del lado de la bisagra, la que permite repeler situaciones de apalancamiento forzoso.<\/p>\n<h4><span style=\"color: #ff0000;\"><strong><span style=\"color: #800000;\">Cerradura de Alta Seguridad<\/span> <span style=\"color: #800000;\">Decorativa Securemme<\/span><\/strong><\/span><\/h4>\n<p>Cerradura de alta seguridad italiana con sistema de activaci\u00f3n multipunto para el desplazamiento de 7 pasadores en acero endurecido m\u00e1s el picaporte de resbal\u00f3n reversible en lat\u00f3n cromado. Caja cerrada y mecanismo interior en acero bicro-matado y escudos de lujo. Cuenta con un exclusivo sistema de acceso con una (1) llave de servicio que acciona el mecanismo de cierre perimetral en dos tiempos, y cinco (5) llaves principales que accionan el cierre perimetral en cuatro tiempos y a su vez bloquea el ingreso con la llave de servicio, llaves especializadas de duplicaci\u00f3n no convencional \u00a8doppia mappa\u00a8 (doble aleta).<\/p>\n<h4><span style=\"color: #800000;\"><strong>Cierre Perimetral:<\/strong><\/span><\/h4>\n<p>Sistema de cierre geom\u00e9trico que funciona de la siguiente manera:<\/p>\n<p>Al operar el m\u00f3dulo de la cerradura de alta seguridad <span style=\"color: #800000;\"><strong>SECUREMME,<\/strong><\/span> acciona 6 pasadores frontales y el picaporte, un pasador al techo y el perfil anti-palanca o \u00b4\u00b4 \u00b4boca de lobo \u00b4al costado de las bisagras.<\/p>\n<p>Mirilla de seguridad panor\u00e1mica con \u00e1ngulo de visi\u00f3n de 180\u00ba.<\/p>\n<\/div>\n\n\n\n<div class=\"wp-block-column\">\n<p><img loading=\"lazy\" class=\"size-medium wp-image-233 aligncenter\" src=\"https:\/\/seguridadblindes.com\/wp-content\/uploads\/2020\/05\/detalle_pestana-129x300.jpg\" alt=\"Puerta Elite\" width=\"129\" height=\"300\" srcset=\"https:\/\/seguridadblindes.com\/wp-content\/uploads\/2020\/05\/detalle_pestana-129x300.jpg 129w, https:\/\/seguridadblindes.com\/wp-content\/uploads\/2020\/05\/detalle_pestana.jpg 252w\" sizes=\"(max-width: 129px) 100vw, 129px\" \/><\/p>\n<p><img loading=\"lazy\" class=\"alignnone size-medium wp-image-235\" src=\"https:\/\/seguridadblindes.com\/wp-content\/uploads\/2020\/05\/detalle_empaque-167x300.jpg\" alt=\"Puerta de Seguridad Elite\" width=\"167\" height=\"300\" srcset=\"https:\/\/seguridadblindes.com\/wp-content\/uploads\/2020\/05\/detalle_empaque-167x300.jpg 167w, https:\/\/seguridadblindes.com\/wp-content\/uploads\/2020\/05\/detalle_empaque.jpg 222w\" sizes=\"(max-width: 167px) 100vw, 167px\" \/><\/p>\n<\/div>\n<\/div>\n\n\n\n<figure class=\"wp-block-table\"><table><tbody><tr><td><a href=\"https:\/\/seguridadblindes.com\/?page_id=137\"><img loading=\"lazy\" width=\"196\" height=\"279\" class=\"wp-image-1644\" style=\"width: 150px;\" src=\"https:\/\/seguridadblindes.com\/wp-content\/uploads\/2020\/06\/puerta_comando.jpg\" alt=\"puerta comando\"><\/a> <a href=\"https:\/\/seguridadblindes.com\/?page_id=190\"><img loading=\"lazy\" width=\"196\" height=\"279\" class=\"wp-image-1645\" style=\"width: 150px;\" src=\"https:\/\/seguridadblindes.com\/wp-content\/uploads\/2020\/06\/puerta_brigadier.jpg\" alt=\"puerta brigadier\"><\/a> <a href=\"https:\/\/seguridadblindes.com\/?page_id=220\"><img loading=\"lazy\" width=\"196\" height=\"279\" class=\"wp-image-1646\" style=\"width: 150px;\" src=\"https:\/\/seguridadblindes.com\/wp-content\/uploads\/2020\/06\/puerta_elite.jpg\" alt=\"puerta \u00e9lite\"><\/a> <a href=\"https:\/\/seguridadblindes.com\/?page_id=399\"><img loading=\"lazy\" width=\"196\" height=\"279\" class=\"wp-image-1647\" style=\"width: 150px;\" src=\"https:\/\/seguridadblindes.com\/wp-content\/uploads\/2020\/06\/puertas_especiales2-1.jpg\" alt=\"puertas especiales\"><\/a> <a href=\"https:\/\/seguridadblindes.com\/?page_id=541\"><img loading=\"lazy\" width=\"196\" height=\"279\" class=\"wp-image-1648\" style=\"width: 150px;\" src=\"https:\/\/seguridadblindes.com\/wp-content\/uploads\/2020\/06\/control_acceso-1.jpg\" alt=\"control acceso biom\u00e9trico\"><\/a> <a href=\"https:\/\/seguridadblindes.com\/?page_id=382#puertas\"><img loading=\"lazy\" width=\"196\" height=\"279\" class=\"wp-image-1627\" style=\"width: 150px;\" src=\"https:\/\/seguridadblindes.com\/wp-content\/uploads\/2020\/06\/servicio_puertas_menu.jpg\" alt=\"servicio puertas\"><\/a><\/td><\/tr><\/tbody><\/table><\/figure>\n","protected":false},"excerpt":{"rendered":"<p>replica watchesRolex replica watchesreplica Rolex Caracter\u00edsticas Las puertas de seguridad BLINDES&nbsp;han sido ensayadas en laboratorios con pruebas de resistencia reales utilizando palancas, barras, trancas, tunas,&hellip;<\/p>\n","protected":false},"author":1,"featured_media":0,"parent":0,"menu_order":0,"comment_status":"closed","ping_status":"closed","template":"","meta":[],"_links":{"self":[{"href":"https:\/\/seguridadblindes.com\/index.php?rest_route=\/wp\/v2\/pages\/220"}],"collection":[{"href":"https:\/\/seguridadblindes.com\/index.php?rest_route=\/wp\/v2\/pages"}],"about":[{"href":"https:\/\/seguridadblindes.com\/index.php?rest_route=\/wp\/v2\/types\/page"}],"author":[{"embeddable":true,"href":"https:\/\/seguridadblindes.com\/index.php?rest_route=\/wp\/v2\/users\/1"}],"replies":[{"embeddable":true,"href":"https:\/\/seguridadblindes.com\/index.php?rest_route=%2Fwp%2Fv2%2Fcomments&post=220"}],"version-history":[{"count":12,"href":"https:\/\/seguridadblindes.com\/index.php?rest_route=\/wp\/v2\/pages\/220\/revisions"}],"predecessor-version":[{"id":13086,"href":"https:\/\/seguridadblindes.com\/index.php?rest_route=\/wp\/v2\/pages\/220\/revisions\/13086"}],"wp:attachment":[{"href":"https:\/\/seguridadblindes.com\/index.php?rest_route=%2Fwp%2Fv2%2Fmedia&parent=220"}],"curies":[{"name":"wp","href":"https:\/\/api.w.org\/{rel}","templated":true}]}}