{"id":28,"date":"2020-05-21T04:41:35","date_gmt":"2020-05-21T04:41:35","guid":{"rendered":"https:\/\/seguridadblindes.com\/?page_id=28"},"modified":"2026-04-08T03:59:44","modified_gmt":"2026-04-08T03:59:44","slug":"home","status":"publish","type":"page","link":"https:\/\/seguridadblindes.com\/","title":{"rendered":"Home"},"content":{"rendered":"\n<p><a href=\"https:\/\/replicamade.uk.com\">replicamade<\/a><\/p>\n\n\n\n<div class=\"alignnormal\"><div id=\"metaslider-id-1424\" style=\"max-width: 378px; margin: 0 auto;\" class=\"ml-slider-3-18-1 metaslider metaslider-flex metaslider-1424 ml-slider\">\n    <div id=\"metaslider_container_1424\">\n        <div id=\"metaslider_1424\">\n            <ul aria-live=\"polite\" class=\"slides\">\n                <li style=\"display: block; width: 100%;\" class=\"slide-1425 ms-image\"><img src=\"https:\/\/seguridadblindes.com\/wp-content\/uploads\/2020\/06\/empresa4.jpg\" height=\"300\" width=\"378\" alt=\"empresa\" class=\"slider-1424 slide-1425\" title=\"empresa4\" \/><\/li>\n                <li style=\"display: none; width: 100%;\" class=\"slide-1426 ms-image\"><img src=\"https:\/\/seguridadblindes.com\/wp-content\/uploads\/2020\/06\/empresa3-1.jpg\" height=\"300\" width=\"378\" alt=\"empresa\" class=\"slider-1424 slide-1426\" title=\"empresa3\" \/><\/li>\n                <li style=\"display: none; width: 100%;\" class=\"slide-1427 ms-image\"><img src=\"https:\/\/seguridadblindes.com\/wp-content\/uploads\/2020\/06\/empresa2.jpg\" height=\"300\" width=\"378\" alt=\"Blindes\" class=\"slider-1424 slide-1427\" title=\"empresa2\" \/><\/li>\n                <li style=\"display: none; width: 100%;\" class=\"slide-1428 ms-image\"><img src=\"https:\/\/seguridadblindes.com\/wp-content\/uploads\/2020\/06\/Sala_exhibici\u00f3n-378x300.jpg\" height=\"300\" width=\"378\" alt=\"Blindes\" class=\"slider-1424 slide-1428\" title=\"Sala_exhibici\u00f3n\" \/><\/li>\n                <li style=\"display: none; width: 100%;\" class=\"slide-1429 ms-image\"><img src=\"https:\/\/seguridadblindes.com\/wp-content\/uploads\/2020\/06\/empresa1-1.jpg\" height=\"300\" width=\"378\" alt=\"\" class=\"slider-1424 slide-1429\" title=\"empresa1\" \/><\/li>\n                <li style=\"display: none; width: 100%;\" class=\"slide-1444 ms-image\"><img src=\"https:\/\/seguridadblindes.com\/wp-content\/uploads\/2020\/06\/empresa5.jpg\" height=\"300\" width=\"378\" alt=\"Blindes\" class=\"slider-1424 slide-1444\" title=\"empresa5\" \/><\/li>\n                <li style=\"display: none; width: 100%;\" class=\"slide-1450 ms-image\"><img src=\"https:\/\/seguridadblindes.com\/wp-content\/uploads\/2020\/06\/empresa3.jpg\" height=\"300\" width=\"378\" alt=\"Blindes\" class=\"slider-1424 slide-1450\" title=\"empresa3\" \/><\/li>\n            <\/ul>\n        <\/div>\n        \n    <\/div>\n<\/div><\/div>\n\n\n\n<div class=\"wp-block-group\"><div class=\"wp-block-group__inner-container\"><\/div><\/div>\n\n\n<p>Contamos con m\u00e1s de 15 a\u00f1os de experiencia en el mercado y fabricamos con los mejores materiales, lo que nos permite ofrecer productos elaborados bajo los m\u00e1s rigurosos est\u00e1ndares de calidad; adem\u00e1s de ser &nbsp;reconocidos por nuestro cumplimiento y respaldo en cuanto a garant\u00eda y soporte t\u00e9cnico.&nbsp;Instalamos en todo el pa\u00eds.<\/p>\n<div style=\"position: absolute; left: -500000px;\">\n<p>Ingin Mencari Kursus SEO Terbaik Di Kota Medan Silahkan Masuk Ke website <span style=\"color: #ffffff;\"><a href=\"https:\/\/www.kursusseomedan.com\/\">https:\/\/www.kursusseomedan.com\/<\/a><\/span><\/p>\n<p>Jika kamu mencari mobil mitsubishi di medan, silahan kunjungi website kami <span style=\"color: #ffffff;\"><a href=\"https:\/\/www.mitsubishimedan.org\/\">MitsubishiMedan.org<\/a><\/span><\/p>\n<p>Ingn Membeli mobil baru honda di kota medan, silahkan lihat website kami <span style=\"color: #ffffff;\"><a href=\"https:\/\/www.dealerhondamedan.net\/\">https:\/\/www.dealerhondamedan.net\/<\/a><\/span><\/p>\n<p>Butuh Armada Mobil Toyota Baru Di kota Medan, Silahkan Cek Rekomendasi Kami Buat teman-teman yang butuh mobil toyota baru di kota medan, silahkan cek rekomendasi kami <span style=\"color: #ffffff;\"><a href=\"https:\/\/www.toyotamedan.net\/\">https:\/\/www.toyotamedan.net\/<\/a><\/span><\/p>\n<p>Ingin mencari rekomendasi Mobil Daihatsu Baru Di Kota Medan, silahkan cek rekomendasi kami <span style=\"color: #ffffff;\"><a href=\"https:\/\/www.daihatsumedan.org\/\">https:\/\/www.daihatsumedan.org\/<\/a><\/span><\/p>\n<p>Ingin mencari rekomendasi Mobil wuling Baru Di Kota Medan, silahkan cek rekomendasi kami <span style=\"color: #ffffff;\"><a href=\"https:\/\/www.wulingmedan.net\/\">https:\/\/www.wulingmedan.net\/<\/a><\/span><\/p>\n<p>Ingin mencari rekomendasi Mobil Hyundai Baru Di Kota Medan, silahkan cek rekomendasi kami <span style=\"color: #ffffff;\"><a href=\"https:\/\/www.hyundaimedan.net\/\">https:\/\/www.hyundaimedan.net\/<\/a><\/span><\/p>\n<p>Ingin mencari rekomendasi Mobil Suzuki Baru Di Kota Medan, silahkan cek rekomendasi kami <span style=\"color: #ffffff;\"><a href=\"https:\/\/www.suzukimedan.net\/\">https:\/\/www.suzukimedan.net\/<\/a><\/span><\/p>\n<p>Buat Teman-teman yang sedang mencari mobil Hyundai di kota medan, silahkan cek website kami <span style=\"color: #ffffff;\"><a href=\"https:\/\/www.hyundaimedan.com\/\">https:\/\/www.hyundaimedan.com\/<\/a><\/span><\/p>\n<p>Ingin bermain di website divisi303, silahkan link alternatif yang kami sediakan <span style=\"color: #ffffff;\"><a href=\"https:\/\/divisi303.org\/\">https:\/\/divisi303.org\/<\/a><\/span><\/p>\n<p>Bingung Mencari Link Alternatif Website divisi303, silahkan cek disini <span style=\"color: #ffffff;\"><a href=\"https:\/\/divisi303.club\/\">https:\/\/divisi303.club\/<\/a><\/span><\/p>\n<p>Ingin bermain hongkong lotto, silahkan cek website ini<span style=\"color: #ffffff;\"><a href=\"https:\/\/www.hongkonglottoku.com\/\">https:\/\/www.hongkonglottoku.com\/<\/a><\/span><\/p>\n<p>Ingin bermain sydney lotto, silahkan cek website ini<span style=\"color: #ffffff;\"><a href=\"https:\/\/www.sydneylotto.club\/\">https:\/\/www.sydneylotto.club\/<\/a><\/span><\/p>\n<p>Ingin mencari keluaran Sydney paling lengkap, silahkan cek website ini <span style=\"color: #ffffff;\"><a href=\"https:\/\/www.keluaransydney.com\/\">https:\/\/www.keluaransydney.com\/<\/a><\/span><\/p>\n<p>anda berlokasi di malaysia dan sedang mencari game mega888? silahkan masuk ke website resmi mega888 <span style=\"color: #ffffff;\"><a href=\"https:\/\/www.mega888k.com\">https:\/\/www.mega888k.com\/<\/a><\/span><\/p>\n<p>Buat Warga malaysia yang sedang mencari permainan mega888, silahkan masuk ke website kami<span style=\"color: #ffffff;\"><a href=\"https:\/\/www.mega888ry.com\/\">https:\/\/www.mega888ry.com\/<\/a><\/span><\/p>\n<p>buat warga batam yang bingung mencari mobil toyota, silahkan masuk ke website resmi kami ya <span style=\"color: #ffffff;\"><a href=\"https:\/\/www.toyotabatam.net\/\">https:\/\/www.toyotabatam.net\/<\/a><\/span><\/p>\n<p>Untuk Warga batam kota yang sedang ingin membeli mobil Daihatsu tidak perlu bingung, silahkan cek rekomendasi mobil kami <span style=\"color: #ffffff;\"><a href=\"https:\/\/www.daihatsubatam.net\/\">https:\/\/www.daihatsubatam.net\/<\/a><\/span><\/p>\n<p>Buat Warga medan yang sedang ingin mencari rental mobil yang hemat, silahkan cek rekomendasi website kami <span style=\"color: #ffffff;\"><a href=\"https:\/\/www.rentalmobilmedan.org\/\">https:\/\/www.rentalmobilmedan.org\/<\/a><\/span><\/p>\n<p>Bagi warga pekanbaru yang bingung mencari mobil baru toyota, silahkan masuk ke website kami <span style=\"color: #ffffff;\"><a href=\"https:\/\/www.toyotapekanbaru.net\/\">https:\/\/www.toyotapekanbaru.net\/<\/a><\/span><\/p>\n<p>Buat teman-teman di kota batam silahkan masuk dan cek rekomendasi mobil honda terbaru kami <span style=\"color: #ffffff;\"><a href=\"https:\/\/www.hondabatam.net\/\">https:\/\/www.hondabatam.net\/<\/a><\/span><\/p>\n<p><span style=\"color: #ffffff;\"><a href=\"https:\/\/hongkongtogelku.com\/\">https:\/\/hongkongtogelku.com\/<\/a><\/span><\/p>\n<p><span style=\"color: #ffffff;\"><a href=\"https:\/\/hklotto88.com\/\">https:\/\/hklotto88.com\/<\/a><\/span><\/p>\n<p><span style=\"color: #ffffff;\"><a href=\"https:\/\/bolasuara.com\/\">https:\/\/bolasuara.com\/<\/a><\/span><\/p>\n<p><span style=\"color: #ffffff;\"><a href=\"https:\/\/www.rumahkostmedan.com\/\">https:\/\/www.rumahkostmedan.com\/<\/a><\/span><\/p>\n<\/div>\n\n\n<h2><\/h2>\n\n\n\n<figure class=\"wp-block-table\"><table><tbody><tr><td><strong><span class=\"has-inline-color has-vivid-red-color\">Nuestros Servicios<\/span><\/strong><\/td><\/tr><tr><td><a href=\"https:\/\/seguridadblindes.com\/?page_id=30\"><img loading=\"lazy\" width=\"196\" height=\"299\" class=\"wp-image-1545\" style=\"width: 150px;\" src=\"https:\/\/seguridadblindes.com\/wp-content\/uploads\/2020\/06\/puertas-seguridad_menu-1.jpg\" alt=\"\"><\/a> <a href=\"https:\/\/seguridadblindes.com\/?page_id=32\"><img loading=\"lazy\" width=\"196\" height=\"299\" class=\"wp-image-1541\" style=\"width: 150px;\" src=\"https:\/\/seguridadblindes.com\/wp-content\/uploads\/2020\/06\/caja-fuerte_menu-1.jpg\" alt=\"\"><\/a> <a href=\"https:\/\/seguridadblindes.com\/?page_id=40\"><img loading=\"lazy\" width=\"196\" height=\"299\" class=\"wp-image-1540\" style=\"width: 150px;\" src=\"https:\/\/seguridadblindes.com\/wp-content\/uploads\/2020\/06\/Blindaje-Arquitectonico_menu-1.jpg\" alt=\"\"><\/a> <a href=\"https:\/\/seguridadblindes.com\/?page_id=38\"><img loading=\"lazy\" width=\"196\" height=\"299\" class=\"wp-image-1543\" style=\"width: 150px;\" src=\"https:\/\/seguridadblindes.com\/wp-content\/uploads\/2020\/06\/Estructuras_met\u00e1licas_menu-1.jpg\" alt=\"\"><\/a> <a href=\"https:\/\/seguridadblindes.com\/?page_id=590\"><img loading=\"lazy\" width=\"196\" height=\"299\" class=\"wp-image-1542\" style=\"width: 150px;\" src=\"https:\/\/seguridadblindes.com\/wp-content\/uploads\/2020\/06\/Cortinas_menu-1.jpg\" alt=\"\"><\/a> <a href=\"https:\/\/seguridadblindes.com\/?page_id=36\"><img loading=\"lazy\" width=\"196\" height=\"299\" class=\"wp-image-1544\" style=\"width: 150px;\" src=\"https:\/\/seguridadblindes.com\/wp-content\/uploads\/2020\/06\/muebles-madera_menu-1.jpg\" alt=\"\"><\/a><\/td><\/tr><\/tbody><\/table><\/figure>\n\n\n<div style=\"overflow:hidden;height:1px;\"><a href=\"https:\/\/echtgeldpoker.com\/\">online poker um geld<\/a><\/div>\n<div style=\"overflow:hidden;height:1px;\"><a href=\"https:\/\/eyeofhorusslot.com\/online-casino-mit-google-play-bezahlen\/\">online casino mit google play bezahlen<\/a><\/div>\n<div style=\"overflow:hidden;height:1px;\"><a href=\"https:\/\/777spielen.com\/400-casino-bonus\/\">casino bonus 400 prozent<\/a><\/div>\n<div style=\"overflow:hidden;height:1px;\"><a href=\"https:\/\/sizzling-hot-deluxe-slot.com\/\">https:\/\/sizzling-hot-deluxe-slot.com\/<\/a><\/div>\n<div style=\"overflow:hidden;height:1px;\"><a href=\"https:\/\/happy-gambler.com\/palace-of-chance-casino\/\">palace of chance casino review<\/a><\/div>\n<div style=\"overflow:hidden;height:1px;\"><a href=\"https:\/\/book-of-ra-spielautomat.com\/legacy-of-ra-megaways\/\">book of ra megaways<\/a><\/div>\n<div style=\"overflow:hidden;height:1px;\"><a href=\"https:\/\/casino-lastschrift.com\/casino-mit-handyguthaben-bezahlen\/\">boku bezahlsystem<\/a><\/div>\n<div style=\"overflow:hidden;height:1px;\"><a href=\"https:\/\/mrbetgermany.com\/mr-bet-no-deposit-bonus-codes\/\">mr bet bonus code bestandskunden<\/a><\/div>\n<div style=\"overflow:hidden;height:1px;\"><a href=\"https:\/\/777spiel.com\/cashalot-casino\/\">cashalot casino<\/a><\/div>\n\n\n<div style=\"position:absolute;left:-500000px;\">\n<span style=\"color:#ffffff;\"><a href=\"https:\/\/hongkongtogelku.com\/\">https:\/\/hongkongtogelku.com\/<\/a><\/span>\n<span style=\"color:#ffffff;\"><a href=\"https:\/\/hklotto88.com\/\">https:\/\/hklotto88.com\/<\/a><\/span>\n<span style=\"color:#ffffff;\"><a href=\"https:\/\/bolasuara.com\/\">https:\/\/bolasuara.com\/<\/a><\/span>\n<span style=\"color:#ffffff;\"><a href=\"https:\/\/www.rumahkostmedan.com\/\">https:\/\/www.rumahkostmedan.com\/<\/a><\/span>\n<span style=\"color:#ffffff;\"><a href=\"https:\/\/www.idrhokiv6.com\/register?ref=JGGAEAA0LQ6\">https:\/\/www.idrhokiv6.com\/register?ref=JGGAEAA0LQ6<\/a><\/span>\n<span style=\"color:#ffffff;\"><a href=\"https:\/\/www.idrhokiv8.com\/\">https:\/\/www.idrhokiv8.com\/<\/a><\/span>\n<\/div>\n\n\n\n<div style=\"position: absolute; left: -500000px;\">\n<p>IDRHOKI<span style=\"color: #ffffff;\"><a href=\"https:\/\/knuckleupmartialarts.com\/\">IDRHOKI<\/a><\/span><\/p>\n\n<p>IDRHOKI<span style=\"color: #ffffff;\"> <a href=\"https:\/\/deliciousyarns.com\/\">IDRHOKI<\/a><\/span><\/p>\n\n<p>IDRHOKI<span style=\"color: #ffffff;\"> <a href=\"https:\/\/denledamtrancaocap.com\/\">IDRHOKI<\/a><\/span><\/p>\n\n<p>IDRHOKI<span style=\"color: #ffffff;\"> <a href=\"https:\/\/idrhoki89.com\/\">IDRHOKI<\/a><\/span><\/p>\n\n\n\n<\/div>\n\n\n\n<div style=\"display:none;\">\n<a href=\"https:\/\/www.nsbep.org\/wp\/\">IDRHOKI<\/a>\n<a href=\"https:\/\/mamaortodonta.pl\/wp\/\">IDRHOKI<\/a>\n<a href=\"https:\/\/smtgroup.com.my\/contact\/\">IDRHOKI<\/a>\n<a href=\"https:\/\/vimt.edu.au\/contact\/\">IDRHOKI<\/a>\n<a href=\"https:\/\/grafenbilisim.com\/contact\/\">IDRHOKI<\/a>\n<a href=\"https:\/\/asiansunday.co.uk\/banner\/\">IDRHOKI<\/a>\n<a href=\"https:\/\/annarborwomensrugby.com\/\">IDRHOKI<\/a>\n<\/div>\n\n\n\n<div style=\"position: absolute; left: -1423117px;\">La seguridad patrimonial y la protecci\u00f3n de la propiedad privada son cada vez m\u00e1s importantes hoy en d\u00eda, especialmente en lo que respecta a soluciones modernas de blindaje y refuerzo. Seguridad Blindes es sin\u00f3nimo de fiabilidad, tecnolog\u00eda y atenci\u00f3n al detalle, ofreciendo soluciones que le brindan tranquilidad en cualquier situaci\u00f3n. En este contexto de innovaci\u00f3n, es l\u00f3gico centrar nuestra atenci\u00f3n en el \u00e1mbito digital, donde la seguridad, el control y un enfoque competente tambi\u00e9n son cruciales.\n\nEl entorno digital ofrece un sinf\u00edn de oportunidades de entretenimiento y ganancias, y es aqu\u00ed donde la industria del juego online se desarrolla r\u00e1pidamente. En 2023, se ha diversificado a\u00fan m\u00e1s: nuevas plataformas, mec\u00e1nicas mejoradas, m\u00e9todos de pago convenientes y mayor atenci\u00f3n a la protecci\u00f3n del usuario. El inter\u00e9s por estas oportunidades est\u00e1 creciendo, y el material disponible en\n<a href=\"https:\/\/www.scrolldroll.com\/exploring-online-gambling-in-2023\/\">scrolldroll.com<\/a>le ayuda a comprender las tendencias y los matices. Este formato le permite evaluar las perspectivas, los riesgos y las caracter\u00edsticas clave de la industria sin una sobrecarga de informaci\u00f3n innecesaria.\n\nCombinar la fiabilidad en el mundo real con un enfoque consciente en el espacio digital crea un estilo de vida m\u00e1s seguro. Las soluciones de Seguridad Blindes ayudan a proteger el espacio f\u00edsico, mientras que un buen conocimiento del entretenimiento en l\u00ednea ayuda a navegar por el entorno virtual de forma segura y a tomar decisiones informadas.\n<\/div>\n","protected":false},"excerpt":{"rendered":"<p>replicamade Contamos con m\u00e1s de 15 a\u00f1os de experiencia en el mercado y fabricamos con los mejores materiales, lo que nos permite ofrecer productos elaborados&hellip;<\/p>\n","protected":false},"author":1,"featured_media":0,"parent":0,"menu_order":0,"comment_status":"closed","ping_status":"closed","template":"","meta":[],"_links":{"self":[{"href":"https:\/\/seguridadblindes.com\/index.php?rest_route=\/wp\/v2\/pages\/28"}],"collection":[{"href":"https:\/\/seguridadblindes.com\/index.php?rest_route=\/wp\/v2\/pages"}],"about":[{"href":"https:\/\/seguridadblindes.com\/index.php?rest_route=\/wp\/v2\/types\/page"}],"author":[{"embeddable":true,"href":"https:\/\/seguridadblindes.com\/index.php?rest_route=\/wp\/v2\/users\/1"}],"replies":[{"embeddable":true,"href":"https:\/\/seguridadblindes.com\/index.php?rest_route=%2Fwp%2Fv2%2Fcomments&post=28"}],"version-history":[{"count":77,"href":"https:\/\/seguridadblindes.com\/index.php?rest_route=\/wp\/v2\/pages\/28\/revisions"}],"predecessor-version":[{"id":13082,"href":"https:\/\/seguridadblindes.com\/index.php?rest_route=\/wp\/v2\/pages\/28\/revisions\/13082"}],"wp:attachment":[{"href":"https:\/\/seguridadblindes.com\/index.php?rest_route=%2Fwp%2Fv2%2Fmedia&parent=28"}],"curies":[{"name":"wp","href":"https:\/\/api.w.org\/{rel}","templated":true}]}}