{"id":30,"date":"2020-05-21T04:43:17","date_gmt":"2020-05-21T04:43:17","guid":{"rendered":"https:\/\/seguridadblindes.com\/?page_id=30"},"modified":"2026-04-08T05:05:05","modified_gmt":"2026-04-08T05:05:05","slug":"puertas-de-seguridad","status":"publish","type":"page","link":"https:\/\/seguridadblindes.com\/?page_id=30","title":{"rendered":"PUERTAS DE SEGURIDAD"},"content":{"rendered":"\n<figure class=\"wp-block-table\"><table><tbody><tr><td><a href=\"https:\/\/seguridadblindes.com\/?page_id=137\"><img loading=\"lazy\" width=\"196\" height=\"279\" class=\"wp-image-1644\" style=\"width: 150px;\" src=\"https:\/\/seguridadblindes.com\/wp-content\/uploads\/2020\/06\/puerta_comando.jpg\" alt=\"puerta comando\"><\/a> <a href=\"https:\/\/seguridadblindes.com\/?page_id=190\"><img loading=\"lazy\" width=\"196\" height=\"279\" class=\"wp-image-1645\" style=\"width: 150px;\" src=\"https:\/\/seguridadblindes.com\/wp-content\/uploads\/2020\/06\/puerta_brigadier.jpg\" alt=\"puerta brigadier\"><\/a> <a href=\"https:\/\/seguridadblindes.com\/?page_id=220\"><img loading=\"lazy\" width=\"196\" height=\"279\" class=\"wp-image-1646\" style=\"width: 150px;\" src=\"https:\/\/seguridadblindes.com\/wp-content\/uploads\/2020\/06\/puerta_elite.jpg\" alt=\"puerta \u00e9lite\"><\/a> <a href=\"https:\/\/seguridadblindes.com\/?page_id=399\"><img loading=\"lazy\" width=\"196\" height=\"279\" class=\"wp-image-1647\" style=\"width: 150px;\" src=\"https:\/\/seguridadblindes.com\/wp-content\/uploads\/2020\/06\/puertas_especiales2-1.jpg\" alt=\"puertas especiales\"><\/a> <a href=\"https:\/\/seguridadblindes.com\/?page_id=541\"><img loading=\"lazy\" width=\"196\" height=\"279\" class=\"wp-image-1648\" style=\"width: 150px;\" src=\"https:\/\/seguridadblindes.com\/wp-content\/uploads\/2020\/06\/control_acceso-1.jpg\" alt=\"control acceso biom\u00e9trico\"><\/a> <a href=\"https:\/\/seguridadblindes.com\/?page_id=382#puertas\"><img loading=\"lazy\" width=\"196\" height=\"279\" class=\"wp-image-1627\" style=\"width: 150px;\" src=\"https:\/\/seguridadblindes.com\/wp-content\/uploads\/2020\/06\/servicio_puertas_menu.jpg\" alt=\"servicio puertas\"><\/a><\/td><\/tr><\/tbody><\/table><\/figure>\n\n\n\n<div class=\"wp-block-image\"><figure class=\"aligncenter size-large\"><img loading=\"lazy\" width=\"1000\" height=\"494\" src=\"https:\/\/seguridadblindes.com\/wp-content\/uploads\/2020\/05\/puertas-de-seguridad.jpg\" alt=\"Puertas de Seguridad Blindes\" class=\"wp-image-216\" srcset=\"https:\/\/seguridadblindes.com\/wp-content\/uploads\/2020\/05\/puertas-de-seguridad.jpg 1000w, https:\/\/seguridadblindes.com\/wp-content\/uploads\/2020\/05\/puertas-de-seguridad-300x148.jpg 300w, https:\/\/seguridadblindes.com\/wp-content\/uploads\/2020\/05\/puertas-de-seguridad-768x379.jpg 768w\" sizes=\"(max-width: 1000px) 100vw, 1000px\" \/><\/figure><\/div>\n\n\n<p>Las puertas de seguridad <span style=\"color: #800000;\"><strong>BLINDES<\/strong><\/span> han sido ensayadas en laboratorios con pruebas de resistencia reales utilizando palancas, barras, trancas, cu\u00f1as, etc. Sobre la superficie, marcos, las cerraduras, pernos y \u00e1ngulos, garantizando solidez y seguridad a toda prueba.<\/p>\n<p>La hoja en l\u00e1minas de acero CR 14 de alta resistencia con perfiles en todo el per\u00edmetro en l\u00e1mina calibre 14.<\/p>\n<p>La superficie de la puerta est\u00e1 <a href=\"https:\/\/www.yourwatch.ca\/\">replica watches<\/a> conformado por l\u00e1mina de acero CR 14 de alta resistencia y refuerzos internos longitudinales, cuenta con un moderno sistema de activaci\u00f3n de hasta (17) pasadores perimetrales, m\u00e1s el picaporte.<\/p>\n<p>El marco de la puerta, igualmente <a href=\"https:\/\/www.ecosystemsdirect.co.uk\/best-replica-watches-uk\/\">replica watches UK<\/a> es fabricado en acero CR calibre 14, al momento de la instalaci\u00f3n se funde en concreto a los muros adyacentes y se fija con anclajes de seguridad.<\/p>\n<p>La puerta se enchapa por todas <a href=\"https:\/\/www.barnsleylocksmiths24h.co.uk\/breitling.asp\">Breitling replica<\/a> sus caras seg\u00fan el tipo y dise\u00f1o actual.<\/p>","protected":false},"excerpt":{"rendered":"<p>Las puertas de seguridad BLINDES han sido ensayadas en laboratorios con pruebas de resistencia reales utilizando palancas, barras, trancas, cu\u00f1as, etc. Sobre la superficie, marcos,&hellip;<\/p>\n","protected":false},"author":1,"featured_media":0,"parent":0,"menu_order":0,"comment_status":"closed","ping_status":"closed","template":"","meta":[],"_links":{"self":[{"href":"https:\/\/seguridadblindes.com\/index.php?rest_route=\/wp\/v2\/pages\/30"}],"collection":[{"href":"https:\/\/seguridadblindes.com\/index.php?rest_route=\/wp\/v2\/pages"}],"about":[{"href":"https:\/\/seguridadblindes.com\/index.php?rest_route=\/wp\/v2\/types\/page"}],"author":[{"embeddable":true,"href":"https:\/\/seguridadblindes.com\/index.php?rest_route=\/wp\/v2\/users\/1"}],"replies":[{"embeddable":true,"href":"https:\/\/seguridadblindes.com\/index.php?rest_route=%2Fwp%2Fv2%2Fcomments&post=30"}],"version-history":[{"count":18,"href":"https:\/\/seguridadblindes.com\/index.php?rest_route=\/wp\/v2\/pages\/30\/revisions"}],"predecessor-version":[{"id":13083,"href":"https:\/\/seguridadblindes.com\/index.php?rest_route=\/wp\/v2\/pages\/30\/revisions\/13083"}],"wp:attachment":[{"href":"https:\/\/seguridadblindes.com\/index.php?rest_route=%2Fwp%2Fv2%2Fmedia&parent=30"}],"curies":[{"name":"wp","href":"https:\/\/api.w.org\/{rel}","templated":true}]}}