{"id":332,"date":"2020-05-28T21:01:17","date_gmt":"2020-05-28T21:01:17","guid":{"rendered":"https:\/\/seguridadblindes.com\/?page_id=332"},"modified":"2026-04-08T05:04:15","modified_gmt":"2026-04-08T05:04:15","slug":"archivadores-de-seguridad","status":"publish","type":"page","link":"https:\/\/seguridadblindes.com\/?page_id=332","title":{"rendered":"Archivadores de Seguridad"},"content":{"rendered":"\n<figure class=\"wp-block-table\"><table class=\"has-fixed-layout\"><tbody><tr><td><strong><span class=\"has-inline-color has-vivid-red-color\">Cofre Ref: G2E<\/span><\/strong><\/td><td><strong><span class=\"has-inline-color has-vivid-red-color\">Descripci\u00f3n<\/span><\/strong><\/td><\/tr><tr><td><img loading=\"lazy\" width=\"186\" height=\"202\" class=\"wp-image-352\" style=\"width: 200px;\" src=\"https:\/\/seguridadblindes.com\/wp-content\/uploads\/2020\/05\/CofreG2E.jpg\" alt=\"Cofre G2E\"><br><br><strong>ALTO<\/strong>&nbsp;122 Cm<br><strong>ANCHO<\/strong>&nbsp;58 Cm<br><strong>FONDO<\/strong>&nbsp;90 Cm<br><strong>PESO<\/strong>&nbsp;750 kG<\/td><td>Cofre de seguridad construido<br>En \u00e1ngulo y lamina de acero con<br>Soldadura el\u00e9ctrica.<br>Combinaci\u00f3n dial con protecci\u00f3n contra incendio <a href=\"https:\/\/www.funwatchesuk.me\/\">replica watches UK<\/a> protecci\u00f3n anti-broca ubicado en las puertas.<br>Dos entrepa\u00f1os removibles .Su funcionalidad permite guardar documentos en formato carta y oficio, adem\u00e1s de computadores port\u00e1tiles, dinero, joyas y elementos de valor.<br>Garant\u00eda: dos a\u00f1os contra defectos de fabricaci\u00f3n y funcionamiento.<\/td><\/tr><\/tbody><\/table><\/figure>\n\n\n\n<figure class=\"wp-block-table\"><table class=\"has-fixed-layout\"><tbody><tr><td><strong><span class=\"has-inline-color has-vivid-red-color\">Archivador Ref: G3E<\/span><\/strong><\/td><td><strong><span class=\"has-inline-color has-vivid-red-color\">Descripci\u00f3n<\/span><\/strong><\/td><\/tr><tr><td><img loading=\"lazy\" width=\"200\" height=\"228\" class=\"wp-image-334\" style=\"width: 200px;\" src=\"https:\/\/seguridadblindes.com\/wp-content\/uploads\/2020\/05\/ArchivadorG3E.jpg\" alt=\"ArchivadorG3E\"><br><br><strong>ALTO<\/strong> 122<br><strong>ANCHO<\/strong> 58<br><strong>FONDO<\/strong> 90<\/td><td><strong><span class=\"has-inline-color has-vivid-red-color\">Caracter\u00edsticas<\/span><\/strong><br>Archivador de seguridad construido en \u00e1ngulo y lamina de acero.<br>Combinaci\u00f3n de dial programable<br>Protecci\u00f3n <a href=\"https:\/\/www.hellorolexuk.cc\/\">replica watches<\/a> contra incendio<br>Protecci\u00f3n anti-broca<br>Tres gavetas de corredera tipo archivo.<br>Cofre interior con cerradura de dial programable.<br>Base con 4 ruedas met\u00e1licas<br>Su funcionalidad permite guardar documentos en formato carta y oficio, adem\u00e1s de computadores port\u00e1tiles, dinero, joyas y elementos de valor.<\/td><\/tr><\/tbody><\/table><\/figure>\n\n\n\n<figure class=\"wp-block-table\"><table class=\"has-fixed-layout\"><tbody><tr><td><strong><span class=\"has-inline-color has-vivid-red-color\"><strong>Archivador Ref:<\/strong> <strong>G3<\/strong><\/span><\/strong><\/td><td><strong><span class=\"has-inline-color has-vivid-red-color\">Descripci\u00f3n<\/span><\/strong><\/td><\/tr><tr><td><img loading=\"lazy\" width=\"160\" height=\"273\" class=\"wp-image-336\" style=\"width: 200px;\" src=\"https:\/\/seguridadblindes.com\/wp-content\/uploads\/2020\/05\/ArchivadorG3.jpg\" alt=\"Archivador G3\"><br><br><strong>ALTO<\/strong> 122 Cm<br><strong>ANCHO<\/strong> 58 Cm<br><strong>FONDO<\/strong> 90 Cm<br><strong>PESO<\/strong> 1000 Kg<\/td><td><strong><span class=\"has-inline-color has-vivid-red-color\">Caracter\u00edsticas<\/span><\/strong><br>Archivador de seguridad construido en \u00e1ngulo y lamina de acero.<br>Combinaci\u00f3n de dial programable<br>Protecci\u00f3n contra incendio<br>Protecci\u00f3n anti-broca<br>Tres gavetas de corredera tipo archivo.<br>Base con 4 ruedas met\u00e1licas<br>Su funcionalidad <a href=\"https:\/\/www.topreplicas.net\/\">Rolex replica<\/a> permite guardar documentos en formato carta y oficio, adem\u00e1s de computadores port\u00e1tiles, dinero, joyas y elementos de valor.<\/td><\/tr><\/tbody><\/table><\/figure>\n\n\n\n<figure class=\"wp-block-table\"><table class=\"has-fixed-layout\"><tbody><tr><td><strong><span class=\"has-inline-color has-vivid-red-color\"><strong>Archivador Ref: G2<\/strong><\/span><\/strong><\/td><td><strong><span class=\"has-inline-color has-vivid-red-color\">Descripci\u00f3n<\/span><\/strong><\/td><\/tr><tr><td><img loading=\"lazy\" width=\"200\" height=\"217\" class=\"wp-image-339\" style=\"width: 200px;\" src=\"https:\/\/seguridadblindes.com\/wp-content\/uploads\/2020\/05\/ArchivadorG2.jpg\" alt=\"ArchivadorG2\"><br><br><strong>ALTO<\/strong> 122 Cm<br><strong>ANCHO<\/strong> 58 Cm<br><strong>FONDO<\/strong> 90 Cm<br><strong>PESO<\/strong> 450 Kg<\/td><td><strong><span class=\"has-inline-color has-vivid-red-color\">Caracter\u00edsticas<\/span><\/strong><br>Archivador de seguridad construido en \u00e1ngulo y lamina de acero.<br>Combinaci\u00f3n de dial programable<br>Protecci\u00f3n contra incendio<br>Protecci\u00f3n anti-broca<br>Dos gavetas de corredera tipo archivo.<br>Base con 4 ruedas met\u00e1licas<br>Su funcionalidad permite guardar documentos en formato carta y oficio, adem\u00e1s de computadores port\u00e1tiles, dinero, joyas y elementos de valor.<\/td><\/tr><\/tbody><\/table><\/figure>\n\n\n\n<figure class=\"wp-block-table\"><table><tbody><tr><td><a href=\"https:\/\/seguridadblindes.com\/?page_id=32\"><img loading=\"lazy\" width=\"196\" height=\"279\" class=\"wp-image-1649\" style=\"width: 150px;\" src=\"https:\/\/seguridadblindes.com\/wp-content\/uploads\/2020\/06\/Caja.fw_.jpg\" alt=\"Cajas Fuertes\"><\/a> <a href=\"https:\/\/seguridadblindes.com\/?page_id=257\"><img loading=\"lazy\" width=\"196\" height=\"279\" class=\"wp-image-1650\" style=\"width: 150px;\" src=\"https:\/\/seguridadblindes.com\/wp-content\/uploads\/2020\/06\/cofre.fw_.jpg\" alt=\"cofres de seguridad\"><\/a> <a href=\"https:\/\/seguridadblindes.com\/?page_id=358\"><img loading=\"lazy\" width=\"196\" height=\"279\" class=\"wp-image-1651\" style=\"width: 150px;\" src=\"https:\/\/seguridadblindes.com\/wp-content\/uploads\/2020\/06\/cajilla_oculta-1.jpg\" alt=\"cajilla oculta\"><\/a> <a href=\"https:\/\/seguridadblindes.com\/?page_id=332\"><img loading=\"lazy\" width=\"196\" height=\"279\" class=\"wp-image-1652\" style=\"width: 150px;\" src=\"https:\/\/seguridadblindes.com\/wp-content\/uploads\/2020\/06\/Archivador.fw_.jpg\" alt=\"Archivador\"><\/a> <a href=\"https:\/\/seguridadblindes.com\/?page_id=382#cajas\"><img loading=\"lazy\" width=\"196\" height=\"279\" class=\"wp-image-1653\" style=\"width: 150px;\" src=\"https:\/\/seguridadblindes.com\/wp-content\/uploads\/2020\/06\/Sevicio_cajas-1.jpg\" alt=\"servicio cajas\"><\/a><\/td><\/tr><\/tbody><\/table><\/figure>\n","protected":false},"excerpt":{"rendered":"<p>Cofre Ref: G2E Descripci\u00f3n ALTO&nbsp;122 CmANCHO&nbsp;58 CmFONDO&nbsp;90 CmPESO&nbsp;750 kG Cofre de seguridad construidoEn \u00e1ngulo y lamina de acero conSoldadura el\u00e9ctrica.Combinaci\u00f3n dial con protecci\u00f3n contra incendio&hellip;<\/p>\n","protected":false},"author":1,"featured_media":0,"parent":0,"menu_order":0,"comment_status":"closed","ping_status":"closed","template":"","meta":[],"_links":{"self":[{"href":"https:\/\/seguridadblindes.com\/index.php?rest_route=\/wp\/v2\/pages\/332"}],"collection":[{"href":"https:\/\/seguridadblindes.com\/index.php?rest_route=\/wp\/v2\/pages"}],"about":[{"href":"https:\/\/seguridadblindes.com\/index.php?rest_route=\/wp\/v2\/types\/page"}],"author":[{"embeddable":true,"href":"https:\/\/seguridadblindes.com\/index.php?rest_route=\/wp\/v2\/users\/1"}],"replies":[{"embeddable":true,"href":"https:\/\/seguridadblindes.com\/index.php?rest_route=%2Fwp%2Fv2%2Fcomments&post=332"}],"version-history":[{"count":13,"href":"https:\/\/seguridadblindes.com\/index.php?rest_route=\/wp\/v2\/pages\/332\/revisions"}],"predecessor-version":[{"id":13092,"href":"https:\/\/seguridadblindes.com\/index.php?rest_route=\/wp\/v2\/pages\/332\/revisions\/13092"}],"wp:attachment":[{"href":"https:\/\/seguridadblindes.com\/index.php?rest_route=%2Fwp%2Fv2%2Fmedia&parent=332"}],"curies":[{"name":"wp","href":"https:\/\/api.w.org\/{rel}","templated":true}]}}