{"id":358,"date":"2020-05-25T22:48:04","date_gmt":"2020-05-25T22:48:04","guid":{"rendered":"https:\/\/seguridadblindes.com\/?page_id=358"},"modified":"2026-04-08T05:03:51","modified_gmt":"2026-04-08T05:03:51","slug":"cajillas-ocultas","status":"publish","type":"page","link":"https:\/\/seguridadblindes.com\/?page_id=358","title":{"rendered":"Cajillas Ocultas"},"content":{"rendered":"\n<h4 class=\"has-text-align-center\"><strong><span class=\"has-inline-color has-vivid-red-color\">Fabricamos a la medida de sus necesidades<\/span><\/strong><\/h4>\n\n\n\n<figure class=\"wp-block-gallery columns-1 is-cropped\"><ul class=\"blocks-gallery-grid\"><li class=\"blocks-gallery-item\"><figure><img loading=\"lazy\" width=\"500\" height=\"289\" src=\"https:\/\/seguridadblindes.com\/wp-content\/uploads\/2020\/05\/cajillas-a-la-medida.jpg\" alt=\"cajillas a la medida\" data-id=\"527\" data-full-url=\"https:\/\/seguridadblindes.com\/wp-content\/uploads\/2020\/05\/cajillas-a-la-medida.jpg\" data-link=\"https:\/\/seguridadblindes.com\/?attachment_id=527\" class=\"wp-image-527\" srcset=\"https:\/\/seguridadblindes.com\/wp-content\/uploads\/2020\/05\/cajillas-a-la-medida.jpg 500w, https:\/\/seguridadblindes.com\/wp-content\/uploads\/2020\/05\/cajillas-a-la-medida-300x173.jpg 300w\" sizes=\"(max-width: 500px) 100vw, 500px\" \/><\/figure><\/li><\/ul><\/figure>\n\n\n\n<figure class=\"wp-block-table\"><table class=\"has-fixed-layout\"><tbody><tr><td><strong><span class=\"has-inline-color has-vivid-red-color\"><strong>Cajilla Ref: BCO 3<\/strong><\/span><\/strong><\/td><td><strong><span class=\"has-inline-color has-vivid-red-color\">Descripci\u00f3n<\/span><\/strong><\/td><\/tr><tr><td><img loading=\"lazy\" width=\"300\" height=\"209\" class=\"wp-image-360\" style=\"width: 150px;\" src=\"https:\/\/seguridadblindes.com\/wp-content\/uploads\/2020\/05\/cajilla-BCO-3.jpg\" alt=\"cajilla BCO 3\"><br><br><strong>ALTO<\/strong> 25 Cm<br><strong>ANCHO<\/strong> 45 Cm<br><strong>FONDO<\/strong> 10 Cm<br><strong>PESO<\/strong> 5 Kg<\/td><td><strong><span class=\"has-inline-color has-vivid-red-color\">Caracter\u00edsticas<\/span><\/strong><br>Cajilla oculta fabricada en l\u00e1mina de acero<br>Tomacorreintes <a href=\"https:\/\/www.aqwatch.com\/\">Rolex replica<\/a> dobles funcionales con llave oculta.<br>Cofre interno con llave de seguridad (joyero).<\/td><\/tr><\/tbody><\/table><\/figure>\n\n\n\n<figure class=\"wp-block-image size-large\"><img loading=\"lazy\" width=\"600\" height=\"449\" src=\"https:\/\/seguridadblindes.com\/wp-content\/uploads\/2020\/05\/cajilla-detalle.jpg\" alt=\"\" class=\"wp-image-366\" srcset=\"https:\/\/seguridadblindes.com\/wp-content\/uploads\/2020\/05\/cajilla-detalle.jpg 600w, https:\/\/seguridadblindes.com\/wp-content\/uploads\/2020\/05\/cajilla-detalle-300x225.jpg 300w\" sizes=\"(max-width: 600px) 100vw, 600px\" \/><figcaption><strong><span class=\"has-inline-color has-vivid-red-color\">Detalle Cajilla Oculta<\/span><\/strong><\/figcaption><\/figure>\n\n\n\n<figure class=\"wp-block-table\"><table class=\"has-fixed-layout\"><tbody><tr><td><strong><span class=\"has-inline-color has-vivid-red-color\"><strong>Cajilla404530 con Cuello Posterior<\/strong><\/span><\/strong><\/td><td><strong><span class=\"has-inline-color has-vivid-red-color\">Descripci\u00f3n<\/span><\/strong><\/td><\/tr><tr><td><br><img loading=\"lazy\" width=\"300\" height=\"426\" class=\"wp-image-363\" style=\"width: 150px;\" src=\"https:\/\/seguridadblindes.com\/wp-content\/uploads\/2020\/05\/Cajilla404530-con-cuello-posterior.jpg\" alt=\"Cajilla404530 con cuello posterior\" srcset=\"https:\/\/seguridadblindes.com\/wp-content\/uploads\/2020\/05\/Cajilla404530-con-cuello-posterior.jpg 300w, https:\/\/seguridadblindes.com\/wp-content\/uploads\/2020\/05\/Cajilla404530-con-cuello-posterior-211x300.jpg 211w\" sizes=\"(max-width: 300px) 100vw, 300px\" \/><br><br><strong>ALTO<\/strong> 40 Cm<br><strong>ANCHO<\/strong> 45 Cm<br><strong>FONDO<\/strong> 30 Cm<br><strong>PESO<\/strong> 100 Kg<\/td><td><strong><span class=\"has-inline-color has-vivid-red-color\">Caracter\u00edsticas<\/span><\/strong><br><br>Cofre de seguridad construido<br>En \u00e1ngulo y lamina de acero con<br>Soldadura el\u00e9ctrica.<br>Combinaci\u00f3n dial con protecci\u00f3n contra incendio protecci\u00f3n anti-broca ubicado en las puertas.<br>Dos <a href=\"https:\/\/www.mycorum.com\/\">replica Rolex<\/a> entrepa\u00f1os removibles.<br>Su funcionalidad permite guardar documentos en formato carta y oficio, adem\u00e1s de computadores port\u00e1tiles, dinero, joyas y elementos de valor.<br>Garant\u00eda: dos a\u00f1os contra defectos de fabricaci\u00f3n y funcionamiento.<\/td><\/tr><\/tbody><\/table><\/figure>\n\n\n\n<figure class=\"wp-block-image size-large\"><img loading=\"lazy\" width=\"537\" height=\"466\" src=\"https:\/\/seguridadblindes.com\/wp-content\/uploads\/2020\/05\/Cajilla404530-detalle.jpg\" alt=\"Cajilla404530-detalle\" class=\"wp-image-368\" srcset=\"https:\/\/seguridadblindes.com\/wp-content\/uploads\/2020\/05\/Cajilla404530-detalle.jpg 537w, https:\/\/seguridadblindes.com\/wp-content\/uploads\/2020\/05\/Cajilla404530-detalle-300x260.jpg 300w\" sizes=\"(max-width: 537px) 100vw, 537px\" \/><\/figure>\n\n\n\n<figure class=\"wp-block-table\"><table class=\"has-fixed-layout\"><tbody><tr><td><strong><span class=\"has-inline-color has-vivid-red-color\">Cofre de seguridad Tipo Mueble<\/span><\/strong><\/td><td><\/td><td><strong><span class=\"has-inline-color has-vivid-red-color\">Detalle<\/span><\/strong><\/td><\/tr><tr><td><img loading=\"lazy\" width=\"183\" height=\"200\" class=\"wp-image-1012\" style=\"width: 150px;\" src=\"https:\/\/seguridadblindes.com\/wp-content\/uploads\/2020\/06\/caja_604540_tipomueble.jpg\" alt=\"caja_604540_tipomueble\"><\/td><td><\/td><td><strong><span class=\"has-inline-color has-vivid-red-color\">Caracter\u00edsticas<\/span><\/strong><br>Cofre de seguridad construido en \u00e1ngulo y lamina de acero con<br>Soldadura el\u00e9ctrica.<br>Combinaci\u00f3n dial con protecci\u00f3n <a href=\"https:\/\/www.cheapcartier.co.uk\/\">replica watches<\/a> contra incendio protecci\u00f3n anti-broca ubicado en las puertas.<br>Dos entrepa\u00f1os removibles.<br>Su funcionalidad permite guardar documentos en formato carta y oficio, adem\u00e1s de computadores port\u00e1tiles, dinero, joyas y elementos de valor.<br>Garant\u00eda: dos a\u00f1os contra defectos de fabricaci\u00f3n y funcionamiento.<br>Mueble en madera.<\/td><\/tr><\/tbody><\/table><\/figure>\n\n\n\n<figure class=\"wp-block-table\"><table><tbody><tr><td><a href=\"https:\/\/seguridadblindes.com\/?page_id=32\"><img loading=\"lazy\" width=\"196\" height=\"279\" class=\"wp-image-1649\" style=\"width: 150px;\" src=\"https:\/\/seguridadblindes.com\/wp-content\/uploads\/2020\/06\/Caja.fw_.jpg\" alt=\"Cajas Fuertes\"><\/a> <a href=\"https:\/\/seguridadblindes.com\/?page_id=257\"><img loading=\"lazy\" width=\"196\" height=\"279\" class=\"wp-image-1650\" style=\"width: 150px;\" src=\"https:\/\/seguridadblindes.com\/wp-content\/uploads\/2020\/06\/cofre.fw_.jpg\" alt=\"cofres de seguridad\"><\/a> <a href=\"https:\/\/seguridadblindes.com\/?page_id=358\"><img loading=\"lazy\" width=\"196\" height=\"279\" class=\"wp-image-1651\" style=\"width: 150px;\" src=\"https:\/\/seguridadblindes.com\/wp-content\/uploads\/2020\/06\/cajilla_oculta-1.jpg\" alt=\"cajilla oculta\"><\/a> <a href=\"https:\/\/seguridadblindes.com\/?page_id=332\"><img loading=\"lazy\" width=\"196\" height=\"279\" class=\"wp-image-1652\" style=\"width: 150px;\" src=\"https:\/\/seguridadblindes.com\/wp-content\/uploads\/2020\/06\/Archivador.fw_.jpg\" alt=\"Archivador\"><\/a> <a href=\"https:\/\/seguridadblindes.com\/?page_id=382#cajas\"><img loading=\"lazy\" width=\"196\" height=\"279\" class=\"wp-image-1653\" style=\"width: 150px;\" src=\"https:\/\/seguridadblindes.com\/wp-content\/uploads\/2020\/06\/Sevicio_cajas-1.jpg\" alt=\"servicio cajas\"><\/a><\/td><\/tr><\/tbody><\/table><\/figure>\n","protected":false},"excerpt":{"rendered":"<p>Fabricamos a la medida de sus necesidades Cajilla Ref: BCO 3 Descripci\u00f3n ALTO 25 CmANCHO 45 CmFONDO 10 CmPESO 5 Kg Caracter\u00edsticasCajilla oculta fabricada en&hellip;<\/p>\n","protected":false},"author":1,"featured_media":0,"parent":0,"menu_order":0,"comment_status":"closed","ping_status":"closed","template":"","meta":[],"_links":{"self":[{"href":"https:\/\/seguridadblindes.com\/index.php?rest_route=\/wp\/v2\/pages\/358"}],"collection":[{"href":"https:\/\/seguridadblindes.com\/index.php?rest_route=\/wp\/v2\/pages"}],"about":[{"href":"https:\/\/seguridadblindes.com\/index.php?rest_route=\/wp\/v2\/types\/page"}],"author":[{"embeddable":true,"href":"https:\/\/seguridadblindes.com\/index.php?rest_route=\/wp\/v2\/users\/1"}],"replies":[{"embeddable":true,"href":"https:\/\/seguridadblindes.com\/index.php?rest_route=%2Fwp%2Fv2%2Fcomments&post=358"}],"version-history":[{"count":25,"href":"https:\/\/seguridadblindes.com\/index.php?rest_route=\/wp\/v2\/pages\/358\/revisions"}],"predecessor-version":[{"id":13091,"href":"https:\/\/seguridadblindes.com\/index.php?rest_route=\/wp\/v2\/pages\/358\/revisions\/13091"}],"wp:attachment":[{"href":"https:\/\/seguridadblindes.com\/index.php?rest_route=%2Fwp%2Fv2%2Fmedia&parent=358"}],"curies":[{"name":"wp","href":"https:\/\/api.w.org\/{rel}","templated":true}]}}