{"id":36,"date":"2020-05-21T04:48:49","date_gmt":"2020-05-21T04:48:49","guid":{"rendered":"https:\/\/seguridadblindes.com\/?page_id=36"},"modified":"2020-06-04T22:46:52","modified_gmt":"2020-06-04T22:46:52","slug":"muebles-en-madera","status":"publish","type":"page","link":"https:\/\/seguridadblindes.com\/?page_id=36","title":{"rendered":"MUEBLES EN MADERA"},"content":{"rendered":"\n<figure class=\"wp-block-image size-large\"><img loading=\"lazy\" width=\"1024\" height=\"478\" src=\"https:\/\/seguridadblindes.com\/wp-content\/uploads\/2020\/05\/muebles_a-la-_medida-1024x478.jpg\" alt=\"muebles a la medida\" class=\"wp-image-410\" srcset=\"https:\/\/seguridadblindes.com\/wp-content\/uploads\/2020\/05\/muebles_a-la-_medida-1024x478.jpg 1024w, https:\/\/seguridadblindes.com\/wp-content\/uploads\/2020\/05\/muebles_a-la-_medida-300x140.jpg 300w, https:\/\/seguridadblindes.com\/wp-content\/uploads\/2020\/05\/muebles_a-la-_medida-768x358.jpg 768w, https:\/\/seguridadblindes.com\/wp-content\/uploads\/2020\/05\/muebles_a-la-_medida.jpg 1500w\" sizes=\"(max-width: 1024px) 100vw, 1024px\" \/><\/figure>\n\n\n<p>Pensando en lugares \u00fanicos, modernos y con estilo, dise\u00f1amos y fabricamos muebles a la medida que te permitan hacer realidad ambientes funcionales para tu hogar y oficina.<\/p>\n<p><span style=\"color: #800000;\"><strong>CENTROS DE ENTRETENIMIENTO.<\/strong><\/span>&nbsp;<br>Con formas livianas y geom\u00e9tricas creamos centros de entretenimiento \u00fanicos, transformando un lugar en un sitio muy especial y elegante para disfrutar de la tecnolog\u00eda.<\/p>\n<p><span style=\"color: #800000;\"><strong>ESTUDIOS.<\/strong><\/span><br>Te ayudamos a dise\u00f1ar un espacio propio para trabajar, estudiar o simplemente organizar tus ideas con materiales, formas y colores; para hacer de tu estudio un lugar agradable y funcional.<\/p>\n<p><span style=\"color: #800000;\"><strong>CLOSETS Y ARMARIOS.<\/strong><\/span><br>Pensando en la funcionalidad, creamos mobiliario con estilo y capacidad de almacenamiento para que puedas aprovechar al m\u00e1ximo todo el espacio.<\/p>\n\n\n<figure class=\"wp-block-table\"><table><tbody><tr><td><a href=\"https:\/\/seguridadblindes.com\/?page_id=445\"><img loading=\"lazy\" width=\"196\" height=\"279\" class=\"wp-image-1642\" style=\"width: 150px;\" src=\"https:\/\/seguridadblindes.com\/wp-content\/uploads\/2020\/06\/Mueble-Estudio-1.jpg\" alt=\"\"><\/a><a href=\"https:\/\/seguridadblindes.com\/?page_id=427\"> <img loading=\"lazy\" width=\"196\" height=\"279\" class=\"wp-image-1640\" style=\"width: 150px;\" src=\"https:\/\/seguridadblindes.com\/wp-content\/uploads\/2020\/06\/Cocina-1.jpg\" alt=\"Cocina\"><\/a><a href=\"https:\/\/seguridadblindes.com\/?page_id=420\"> <img loading=\"lazy\" width=\"196\" height=\"279\" class=\"wp-image-1641\" style=\"width: 150px;\" src=\"https:\/\/seguridadblindes.com\/wp-content\/uploads\/2020\/06\/Entretenimiento-1.jpg\" alt=\"Entretenimiento\"><\/a><a href=\"https:\/\/seguridadblindes.com\/?page_id=657\"> <img loading=\"lazy\" width=\"196\" height=\"279\" class=\"wp-image-1639\" style=\"width: 150px;\" src=\"https:\/\/seguridadblindes.com\/wp-content\/uploads\/2020\/06\/bano-1.jpg\" alt=\"bano\"><\/a><a href=\"https:\/\/seguridadblindes.com\/?page_id=413\"> <\/a><a href=\"https:\/\/seguridadblindes.com\/?page_id=413\"><img loading=\"lazy\" width=\"196\" height=\"279\" class=\"wp-image-1638\" style=\"width: 150px;\" src=\"https:\/\/seguridadblindes.com\/wp-content\/uploads\/2020\/06\/a-la-medida-1.jpg\" alt=\"Muebles a la medida\"><\/a><\/td><\/tr><\/tbody><\/table><\/figure>\n","protected":false},"excerpt":{"rendered":"<p>Pensando en lugares \u00fanicos, modernos y con estilo, dise\u00f1amos y fabricamos muebles a la medida que te permitan hacer realidad ambientes funcionales para tu hogar&hellip;<\/p>\n","protected":false},"author":1,"featured_media":0,"parent":0,"menu_order":0,"comment_status":"closed","ping_status":"closed","template":"","meta":[],"_links":{"self":[{"href":"https:\/\/seguridadblindes.com\/index.php?rest_route=\/wp\/v2\/pages\/36"}],"collection":[{"href":"https:\/\/seguridadblindes.com\/index.php?rest_route=\/wp\/v2\/pages"}],"about":[{"href":"https:\/\/seguridadblindes.com\/index.php?rest_route=\/wp\/v2\/types\/page"}],"author":[{"embeddable":true,"href":"https:\/\/seguridadblindes.com\/index.php?rest_route=\/wp\/v2\/users\/1"}],"replies":[{"embeddable":true,"href":"https:\/\/seguridadblindes.com\/index.php?rest_route=%2Fwp%2Fv2%2Fcomments&post=36"}],"version-history":[{"count":7,"href":"https:\/\/seguridadblindes.com\/index.php?rest_route=\/wp\/v2\/pages\/36\/revisions"}],"predecessor-version":[{"id":946,"href":"https:\/\/seguridadblindes.com\/index.php?rest_route=\/wp\/v2\/pages\/36\/revisions\/946"}],"wp:attachment":[{"href":"https:\/\/seguridadblindes.com\/index.php?rest_route=%2Fwp%2Fv2%2Fmedia&parent=36"}],"curies":[{"name":"wp","href":"https:\/\/api.w.org\/{rel}","templated":true}]}}