{"id":38,"date":"2020-05-21T04:49:12","date_gmt":"2020-05-21T04:49:12","guid":{"rendered":"https:\/\/seguridadblindes.com\/?page_id=38"},"modified":"2026-04-08T05:04:58","modified_gmt":"2026-04-08T05:04:58","slug":"estructuras-metalicas","status":"publish","type":"page","link":"https:\/\/seguridadblindes.com\/?page_id=38","title":{"rendered":"ESTRUCTURAS MET\u00c1LICAS"},"content":{"rendered":"<h3><span style=\"color: #800000;\"><strong>Barandales.<\/strong><\/span><\/h3>\n\n\n<figure class=\"wp-block-gallery columns-3 is-cropped\"><ul class=\"blocks-gallery-grid\"><li class=\"blocks-gallery-item\"><figure><img loading=\"lazy\" width=\"300\" height=\"116\" src=\"https:\/\/seguridadblindes.com\/wp-content\/uploads\/2020\/06\/barandales3.jpg\" alt=\"\" data-id=\"744\" data-full-url=\"https:\/\/seguridadblindes.com\/wp-content\/uploads\/2020\/06\/barandales3.jpg\" data-link=\"https:\/\/seguridadblindes.com\/?attachment_id=744\" class=\"wp-image-744\"\/><\/figure><\/li><li class=\"blocks-gallery-item\"><figure><img loading=\"lazy\" width=\"300\" height=\"116\" src=\"https:\/\/seguridadblindes.com\/wp-content\/uploads\/2020\/06\/cerramientos2.jpg\" alt=\"\" data-id=\"753\" data-full-url=\"https:\/\/seguridadblindes.com\/wp-content\/uploads\/2020\/06\/cerramientos2.jpg\" data-link=\"https:\/\/seguridadblindes.com\/?attachment_id=753\" class=\"wp-image-753\"\/><\/figure><\/li><li class=\"blocks-gallery-item\"><figure><img loading=\"lazy\" width=\"300\" height=\"116\" src=\"https:\/\/seguridadblindes.com\/wp-content\/uploads\/2020\/06\/cerramientos1.jpg\" alt=\"\" data-id=\"752\" data-full-url=\"https:\/\/seguridadblindes.com\/wp-content\/uploads\/2020\/06\/cerramientos1.jpg\" data-link=\"https:\/\/seguridadblindes.com\/?attachment_id=752\" class=\"wp-image-752\"\/><\/figure><\/li><\/ul><\/figure>\n\n\n<p>En <strong><span style=\"color: #800000;\">Blindes<\/span><\/strong> tambi\u00e9n fabricamos estructuras met\u00e1licas para barandales, rejas para seguridad, o si se presenta la necesidad <a href=\"https:\/\/www.cheapwatchesuk.me\/\">replica watches<\/a> de un cerramiento, dise\u00f1o y elaboraci\u00f3n de pasamanos, dise\u00f1o y c\u00e1lculo de estructuras met\u00e1licas como por ejemplo cerchas. Le dise\u00f1amos y fabricamos cualquier tipo de \u00a0implemento o accesorio en metal para su hogar, \u00a0empresa o proyecto.<\/p>\n<h3><strong><span style=\"color: #800000;\">Rejas de Seguridad<\/span><\/strong><\/h3>\n\n\n<figure class=\"wp-block-gallery columns-6 is-cropped\"><ul class=\"blocks-gallery-grid\"><li class=\"blocks-gallery-item\"><figure><img loading=\"lazy\" width=\"573\" height=\"300\" src=\"https:\/\/seguridadblindes.com\/wp-content\/uploads\/2020\/06\/rejas_seguridad2.jpg\" alt=\"\" data-id=\"1048\" data-full-url=\"https:\/\/seguridadblindes.com\/wp-content\/uploads\/2020\/06\/rejas_seguridad2.jpg\" data-link=\"https:\/\/seguridadblindes.com\/?attachment_id=1048\" class=\"wp-image-1048\" srcset=\"https:\/\/seguridadblindes.com\/wp-content\/uploads\/2020\/06\/rejas_seguridad2.jpg 573w, https:\/\/seguridadblindes.com\/wp-content\/uploads\/2020\/06\/rejas_seguridad2-300x157.jpg 300w\" sizes=\"(max-width: 573px) 100vw, 573px\" \/><\/figure><\/li><li class=\"blocks-gallery-item\"><figure><img loading=\"lazy\" width=\"423\" height=\"300\" src=\"https:\/\/seguridadblindes.com\/wp-content\/uploads\/2020\/06\/rejas_seguridad3.jpg\" alt=\"\" data-id=\"1049\" data-full-url=\"https:\/\/seguridadblindes.com\/wp-content\/uploads\/2020\/06\/rejas_seguridad3.jpg\" data-link=\"https:\/\/seguridadblindes.com\/?attachment_id=1049\" class=\"wp-image-1049\" srcset=\"https:\/\/seguridadblindes.com\/wp-content\/uploads\/2020\/06\/rejas_seguridad3.jpg 423w, https:\/\/seguridadblindes.com\/wp-content\/uploads\/2020\/06\/rejas_seguridad3-300x213.jpg 300w\" sizes=\"(max-width: 423px) 100vw, 423px\" \/><\/figure><\/li><li class=\"blocks-gallery-item\"><figure><img loading=\"lazy\" width=\"400\" height=\"300\" src=\"https:\/\/seguridadblindes.com\/wp-content\/uploads\/2020\/06\/rejas_seguridad4.jpg\" alt=\"\" data-id=\"1050\" data-full-url=\"https:\/\/seguridadblindes.com\/wp-content\/uploads\/2020\/06\/rejas_seguridad4.jpg\" data-link=\"https:\/\/seguridadblindes.com\/?attachment_id=1050\" class=\"wp-image-1050\" srcset=\"https:\/\/seguridadblindes.com\/wp-content\/uploads\/2020\/06\/rejas_seguridad4.jpg 400w, https:\/\/seguridadblindes.com\/wp-content\/uploads\/2020\/06\/rejas_seguridad4-300x225.jpg 300w\" sizes=\"(max-width: 400px) 100vw, 400px\" \/><\/figure><\/li><li class=\"blocks-gallery-item\"><figure><img loading=\"lazy\" width=\"194\" height=\"259\" src=\"https:\/\/seguridadblindes.com\/wp-content\/uploads\/2020\/06\/rejas1.jpg\" alt=\"\" data-id=\"762\" data-full-url=\"https:\/\/seguridadblindes.com\/wp-content\/uploads\/2020\/06\/rejas1.jpg\" data-link=\"https:\/\/seguridadblindes.com\/?attachment_id=762\" class=\"wp-image-762\"\/><\/figure><\/li><li class=\"blocks-gallery-item\"><figure><img loading=\"lazy\" width=\"263\" height=\"300\" src=\"https:\/\/seguridadblindes.com\/wp-content\/uploads\/2020\/06\/rejas2.jpg\" alt=\"\" data-id=\"761\" data-full-url=\"https:\/\/seguridadblindes.com\/wp-content\/uploads\/2020\/06\/rejas2.jpg\" data-link=\"https:\/\/seguridadblindes.com\/?attachment_id=761\" class=\"wp-image-761\"\/><\/figure><\/li><li class=\"blocks-gallery-item\"><figure><img loading=\"lazy\" width=\"300\" height=\"249\" src=\"https:\/\/seguridadblindes.com\/wp-content\/uploads\/2020\/06\/rejas4.jpg\" alt=\"\" data-id=\"760\" data-full-url=\"https:\/\/seguridadblindes.com\/wp-content\/uploads\/2020\/06\/rejas4.jpg\" data-link=\"https:\/\/seguridadblindes.com\/?attachment_id=760\" class=\"wp-image-760\"\/><\/figure><\/li><\/ul><\/figure>\n\n\n<p>En <span style=\"color: #800000;\"><strong>Blindes<\/strong><\/span> entendemos que parte de la culminaci\u00f3n perfecta de un proyecto arquitect\u00f3nico depende de la <a href=\"https:\/\/www.alcowatch.cz\/\">replica watches UK<\/a> elaboraci\u00f3n de un dise\u00f1o en metal bonito y que cumpla adecuadamente su funci\u00f3n.<\/p>\n<h3><span style=\"color: #800000;\"><strong>Cerramientos.<\/strong><\/span><\/h3>\n\n\n<figure class=\"wp-block-gallery columns-3 is-cropped\"><ul class=\"blocks-gallery-grid\"><li class=\"blocks-gallery-item\"><figure><img loading=\"lazy\" width=\"300\" height=\"225\" src=\"https:\/\/seguridadblindes.com\/wp-content\/uploads\/2020\/06\/cerramientos_1.jpg\" alt=\"\" data-id=\"1039\" data-link=\"https:\/\/seguridadblindes.com\/?attachment_id=1039\" class=\"wp-image-1039\"\/><\/figure><\/li><li class=\"blocks-gallery-item\"><figure><img loading=\"lazy\" width=\"300\" height=\"249\" src=\"https:\/\/seguridadblindes.com\/wp-content\/uploads\/2020\/06\/cerramientos_2.jpg\" alt=\"\" data-id=\"1040\" data-link=\"https:\/\/seguridadblindes.com\/?attachment_id=1040\" class=\"wp-image-1040\"\/><\/figure><\/li><li class=\"blocks-gallery-item\"><figure><img loading=\"lazy\" width=\"300\" height=\"300\" src=\"https:\/\/seguridadblindes.com\/wp-content\/uploads\/2020\/06\/cerramientos_3.jpg\" alt=\"\" data-id=\"1041\" data-full-url=\"https:\/\/seguridadblindes.com\/wp-content\/uploads\/2020\/06\/cerramientos_3.jpg\" data-link=\"https:\/\/seguridadblindes.com\/?attachment_id=1041\" class=\"wp-image-1041\" srcset=\"https:\/\/seguridadblindes.com\/wp-content\/uploads\/2020\/06\/cerramientos_3.jpg 300w, https:\/\/seguridadblindes.com\/wp-content\/uploads\/2020\/06\/cerramientos_3-150x150.jpg 150w\" sizes=\"(max-width: 300px) 100vw, 300px\" \/><\/figure><\/li><\/ul><\/figure>\n\n\n<h3><strong><span style=\"color: #800000;\">Pasamanos.<\/span><\/strong><\/h3>\n\n\n<figure class=\"wp-block-gallery columns-3 is-cropped\"><ul class=\"blocks-gallery-grid\"><li class=\"blocks-gallery-item\"><figure><img loading=\"lazy\" width=\"227\" height=\"300\" src=\"https:\/\/seguridadblindes.com\/wp-content\/uploads\/2020\/06\/barandales7-227x300.jpg\" alt=\"\" data-id=\"767\" data-link=\"https:\/\/seguridadblindes.com\/?attachment_id=767\" class=\"wp-image-767\" srcset=\"https:\/\/seguridadblindes.com\/wp-content\/uploads\/2020\/06\/barandales7-227x300.jpg 227w, https:\/\/seguridadblindes.com\/wp-content\/uploads\/2020\/06\/barandales7.jpg 287w\" sizes=\"(max-width: 227px) 100vw, 227px\" \/><\/figure><\/li><li class=\"blocks-gallery-item\"><figure><img loading=\"lazy\" width=\"201\" height=\"300\" src=\"https:\/\/seguridadblindes.com\/wp-content\/uploads\/2020\/06\/pasamanos6.jpg\" alt=\"\" data-id=\"1045\" data-link=\"https:\/\/seguridadblindes.com\/?attachment_id=1045\" class=\"wp-image-1045\"\/><\/figure><\/li><li class=\"blocks-gallery-item\"><figure><img loading=\"lazy\" width=\"200\" height=\"300\" src=\"https:\/\/seguridadblindes.com\/wp-content\/uploads\/2020\/06\/pasamanos3.jpg\" alt=\"\" data-id=\"1046\" data-full-url=\"https:\/\/seguridadblindes.com\/wp-content\/uploads\/2020\/06\/pasamanos3.jpg\" data-link=\"https:\/\/seguridadblindes.com\/?attachment_id=1046\" class=\"wp-image-1046\"\/><\/figure><\/li><\/ul><\/figure>\n\n\n<h3><strong><span style=\"color: #800000;\">Todo lo relacionado con carpinter\u00eda met\u00e1lica.<\/span><\/strong><\/h3>\n\n\n<figure class=\"wp-block-gallery columns-3 is-cropped\"><ul class=\"blocks-gallery-grid\"><li class=\"blocks-gallery-item\"><figure><img loading=\"lazy\" width=\"300\" height=\"200\" src=\"https:\/\/seguridadblindes.com\/wp-content\/uploads\/2020\/06\/carpinteria_metalica1.jpg\" alt=\"\" data-id=\"770\" data-link=\"https:\/\/seguridadblindes.com\/?attachment_id=770\" class=\"wp-image-770\"\/><\/figure><\/li><li class=\"blocks-gallery-item\"><figure><img loading=\"lazy\" width=\"300\" height=\"200\" src=\"https:\/\/seguridadblindes.com\/wp-content\/uploads\/2020\/06\/carpinteria_metalica2.jpg\" alt=\"\" data-id=\"771\" data-link=\"https:\/\/seguridadblindes.com\/?attachment_id=771\" class=\"wp-image-771\"\/><\/figure><\/li><li class=\"blocks-gallery-item\"><figure><img loading=\"lazy\" width=\"300\" height=\"200\" src=\"https:\/\/seguridadblindes.com\/wp-content\/uploads\/2020\/06\/carpinteria_metalica3.jpg\" alt=\"\" data-id=\"772\" data-full-url=\"https:\/\/seguridadblindes.com\/wp-content\/uploads\/2020\/06\/carpinteria_metalica3.jpg\" data-link=\"https:\/\/seguridadblindes.com\/?attachment_id=772\" class=\"wp-image-772\"\/><\/figure><\/li><\/ul><\/figure>\n\n\n<h3><span style=\"color: #800000;\"><strong>Estructuras Met\u00e1licas<\/strong><\/span><\/h3>\n\n\n<figure class=\"wp-block-gallery columns-3 is-cropped\"><ul class=\"blocks-gallery-grid\"><li class=\"blocks-gallery-item\"><figure><img loading=\"lazy\" width=\"300\" height=\"200\" src=\"https:\/\/seguridadblindes.com\/wp-content\/uploads\/2020\/06\/estructuras_metalicas1.jpg\" alt=\"\" data-id=\"775\" data-link=\"https:\/\/seguridadblindes.com\/?attachment_id=775\" class=\"wp-image-775\"\/><\/figure><\/li><li class=\"blocks-gallery-item\"><figure><img loading=\"lazy\" width=\"300\" height=\"300\" src=\"https:\/\/seguridadblindes.com\/wp-content\/uploads\/2020\/06\/estructuras_metalicas2.jpg\" alt=\"\" data-id=\"776\" data-link=\"https:\/\/seguridadblindes.com\/?attachment_id=776\" class=\"wp-image-776\" srcset=\"https:\/\/seguridadblindes.com\/wp-content\/uploads\/2020\/06\/estructuras_metalicas2.jpg 300w, https:\/\/seguridadblindes.com\/wp-content\/uploads\/2020\/06\/estructuras_metalicas2-150x150.jpg 150w\" sizes=\"(max-width: 300px) 100vw, 300px\" \/><\/figure><\/li><li class=\"blocks-gallery-item\"><figure><img loading=\"lazy\" width=\"300\" height=\"214\" src=\"https:\/\/seguridadblindes.com\/wp-content\/uploads\/2020\/06\/estructuras_metalicas3.jpg\" alt=\"\" data-id=\"777\" data-full-url=\"https:\/\/seguridadblindes.com\/wp-content\/uploads\/2020\/06\/estructuras_metalicas3.jpg\" data-link=\"https:\/\/seguridadblindes.com\/?attachment_id=777\" class=\"wp-image-777\"\/><\/figure><\/li><\/ul><\/figure>\n\n\n<p>Elaboramos todos nuestros productos de carpinter\u00eda met\u00e1lica a medida y seg\u00fan los requerimientos y necesidades del cliente. Antes de comenzar los trabajos, como paso previo, explicaremos todas las <a href=\"https:\/\/www.gfwatches.com\/\">replica Rolex<\/a> opciones que tiene el cliente a su alcance,\u00a0 en cuanto a dise\u00f1o y materiales. Para que el cliente realice una elecci\u00f3n de lo que mejor se adapte a sus gustos y presupuesto.<\/p>\n\n\n<h2><\/h2>\n\n\n","protected":false},"excerpt":{"rendered":"<p>Barandales. En Blindes tambi\u00e9n fabricamos estructuras met\u00e1licas para barandales, rejas para seguridad, o si se presenta la necesidad replica watches de un cerramiento, dise\u00f1o y&hellip;<\/p>\n","protected":false},"author":1,"featured_media":0,"parent":0,"menu_order":0,"comment_status":"closed","ping_status":"closed","template":"","meta":[],"_links":{"self":[{"href":"https:\/\/seguridadblindes.com\/index.php?rest_route=\/wp\/v2\/pages\/38"}],"collection":[{"href":"https:\/\/seguridadblindes.com\/index.php?rest_route=\/wp\/v2\/pages"}],"about":[{"href":"https:\/\/seguridadblindes.com\/index.php?rest_route=\/wp\/v2\/types\/page"}],"author":[{"embeddable":true,"href":"https:\/\/seguridadblindes.com\/index.php?rest_route=\/wp\/v2\/users\/1"}],"replies":[{"embeddable":true,"href":"https:\/\/seguridadblindes.com\/index.php?rest_route=%2Fwp%2Fv2%2Fcomments&post=38"}],"version-history":[{"count":35,"href":"https:\/\/seguridadblindes.com\/index.php?rest_route=\/wp\/v2\/pages\/38\/revisions"}],"predecessor-version":[{"id":13095,"href":"https:\/\/seguridadblindes.com\/index.php?rest_route=\/wp\/v2\/pages\/38\/revisions\/13095"}],"wp:attachment":[{"href":"https:\/\/seguridadblindes.com\/index.php?rest_route=%2Fwp%2Fv2%2Fmedia&parent=38"}],"curies":[{"name":"wp","href":"https:\/\/api.w.org\/{rel}","templated":true}]}}