{"id":382,"date":"2020-05-27T00:27:17","date_gmt":"2020-05-27T00:27:17","guid":{"rendered":"https:\/\/seguridadblindes.com\/?page_id=382"},"modified":"2020-06-22T23:44:20","modified_gmt":"2020-06-22T23:44:20","slug":"servicio-tecnico-especializado","status":"publish","type":"page","link":"https:\/\/seguridadblindes.com\/?page_id=382","title":{"rendered":"Servicio T\u00e9cnico Especializado"},"content":{"rendered":"\n<figure class=\"wp-block-table\"><table><tbody><tr><td><a href=\"https:\/\/seguridadblindes.com\/?page_id=382#puertas\"><img loading=\"lazy\" width=\"196\" height=\"279\" class=\"wp-image-1627\" style=\"width: 150px;\" src=\"https:\/\/seguridadblindes.com\/wp-content\/uploads\/2020\/06\/servicio_puertas_menu.jpg\" alt=\"servicio puertas\"><\/a> <a href=\"https:\/\/seguridadblindes.com\/?page_id=382#cortinas\"><img loading=\"lazy\" width=\"196\" height=\"279\" class=\"wp-image-1600\" style=\"width: 150px;\" src=\"https:\/\/seguridadblindes.com\/wp-content\/uploads\/2020\/06\/servicio_cortinas_blindes.jpg\" alt=\"servicio cortinas\"><\/a> <a href=\"https:\/\/seguridadblindes.com\/?page_id=382#cajas\"><img loading=\"lazy\" width=\"196\" height=\"279\" class=\"wp-image-1628\" style=\"width: 150px;\" src=\"https:\/\/seguridadblindes.com\/wp-content\/uploads\/2020\/06\/servicio_cajas.jpg\" alt=\"servicio cajas\"><\/a><\/td><\/tr><\/tbody><\/table><\/figure>\n\n\n<h4 id=\"cajas\"><strong><span style=\"color: #800000;\">SERVICIOS PARA CAJAS FUERTES (24 horas):<\/span><\/strong><\/h4>\n<p><img loading=\"lazy\" class=\"size-full wp-image-390 alignleft\" src=\"https:\/\/seguridadblindes.com\/wp-content\/uploads\/2020\/05\/servicios_cajas.jpg\" alt=\"servicios_cajas\" width=\"250\" height=\"167\">Ofrecemos mantenimiento, reparaci\u00f3n y modificaci\u00f3n para todo tipo de cajas fuertes y cofres de seguridad, mec\u00e1nicas y electr\u00f3nicas, modernas y antiguas, programaci\u00f3n de claves (c\u00f3digos de acceso); tambi\u00e9n abrimos todo tipo de caja fuerte, b\u00f3vedas y cajillas de seguridad.<\/p>\n<h4>&nbsp;<\/h4>\n<h4><span style=\"color: #800000;\"><strong>APERTURAS DE CAJAS FUERTES.<\/strong><\/span><\/h4>\n<p>Contamos con personal id\u00f3neo y herramental t\u00e9cnico que nos permite realizar la apertura eficaz de una caja fuerte con el menor da\u00f1o posible. Adem\u00e1s de garantizar la integridad de los elementos guardados en ella.<br>***incluir fotograf\u00edas de personas manipulando una caja fuerte, cerraduras de cajas fuertes, personas taladrando cajas fuertes***<\/p>\n<h4 id=\"puertas\"><strong><span style=\"color: #800000;\">SERVICIOS PARA PUERTAS DE SEGURIDAD (24 HORAS).<\/span><\/strong><\/h4>\n<p><img loading=\"lazy\" class=\"size-full wp-image-387 alignright\" src=\"https:\/\/seguridadblindes.com\/wp-content\/uploads\/2020\/05\/servicio_puertas.jpg\" alt=\"servicio_puertas\" width=\"180\" height=\"210\">Abrimos y reparamos todo tipo de puertas y cerraduras de seguridad en edificios, casas, locales comerciales, bancos etc, disponemos de un completo equipo t\u00e9cnico, especializado en:<\/p>\n<ul>\n<li>Reparaciones urgentes y no urgentes<\/li>\n<li>Apertura de cerraduras de alta seguridad<\/li>\n<li>Cambio de guardas<\/li>\n<li>Mantenimiento preventivo y correctivo<\/li>\n<li>Duplicaci\u00f3n de llaves de seguridad<\/li>\n<li>Instalaci\u00f3n de cerraduras<\/li>\n<li>Instalaci\u00f3n de platinas para reforzar los marcos<\/li>\n<li>Instalaci\u00f3n de ojos m\u00e1gicos.<\/li>\n<\/ul>\n<p>Trabajamos con materiales de m\u00e1xima calidad y repuestos de todas las marcas, en fin, todo lo relacionado con el soporte t\u00e9cnico que garantice el correcto funcionamiento de su puerta.<\/p>\n<h4 id=\"cortinas\"><strong><span style=\"color: #800000;\">SERVICIOS PARA CORTINAS:<\/span><\/strong><\/h4>\n<p><img loading=\"lazy\" class=\"size-full wp-image-392 alignleft\" src=\"https:\/\/seguridadblindes.com\/wp-content\/uploads\/2020\/05\/servicio_cortinas.png\" alt=\"servicio cortinas\" width=\"300\" height=\"225\">Somos una Empresa con m\u00e1s de 10 a\u00f1os de experiencia, que se destaca en el mercado por su excelente trabajo en la Limpieza de cortinas. Realizamos el lavado de sus cortinas (Sheer, Romanas, Enrollables, Panel Japon\u00e9s, tradicionales, celulares o duette, Mini persianas, etc&#8230;) ofreciendo un excelente acabado y trato especializado a sus telas.<br>Nos caracterizamos por prestar un servicio de calidad y accesibilidad seg\u00fan su presupuesto, brindamos un servicio completo con implementaci\u00f3n de tecnolog\u00eda de punta para preservar sus cortinas.<br>Desinstalamos sus cortinas, las trasladamos a nuestra planta de tratamiento para realizar el proceso de limpieza e instalamos nuevamente.<br>Nos destacamos por nuestra variedad de productos biodegradables y especializados que garantizan el cuidado de las telas, cabezales, mandos y dem\u00e1s elementos que conforman las cortinas.<\/p>\n<p><strong><span style=\"color: #800000;\">RENOVACI\u00d3N:<\/span><\/strong>&nbsp; Quieres cambiar o renovar un espacio? Tenemos un amplio y variado portafolio para darte soluciones que har\u00e1n ver mejor tus ventanas y ambiente. Si tus cortinas o persianas est\u00e1n decoloradas por el sol, te ofrecemos el servicio de renovaci\u00f3n, restauraci\u00f3n y pintura para sus persianas con excelente acabado final y garant\u00eda.<\/p>\n<p><strong><span style=\"color: #800000;\">TRASLADO:<\/span><\/strong>&nbsp; S\u00ed te cambiaste de casa o apartamento no des por perdidas tus cortinas, en Blindes te ofrecemos el servicio de adaptaci\u00f3n a nuevas medidas e instalaci\u00f3n en tu nueva vivienda.<\/p>\n<p><strong><span style=\"color: #800000;\">SERVICIOS PARA ESTRUCTURAS MET\u00c1LICAS:&nbsp;<\/span><\/strong> Fabricamos y realizamos todo tipo de mantenimiento en estructuras y carpinter\u00eda met\u00e1lica del sector industrial, residencial y comercial, tales como cerramientos, fachadas, cubiertas.<\/p>\n<p><strong><span style=\"color: #800000;\">BLINDAJE ARQUITECT\u00d3NICO:<\/span><\/strong>&nbsp; Somos especialistas en el mantenimiento e instalaci\u00f3n de Vidrios blindados, equipos de seguridad, puertas blindadas, pel\u00edculas, habitaciones de p\u00e1nico, garitas, controles de acceso, exclusas, b\u00f3vedas, cajas fuertes, traslado de cajas fuertes etc.<\/p>\n\n\n<figure class=\"wp-block-table\"><table><tbody><tr><td><strong><span class=\"has-inline-color has-vivid-red-color\">Nuestros Servicios<\/span><\/strong><\/td><\/tr><tr><td><a href=\"https:\/\/seguridadblindes.com\/?page_id=30\"><img loading=\"lazy\" width=\"196\" height=\"299\" class=\"wp-image-1545\" style=\"width: 150px;\" src=\"https:\/\/seguridadblindes.com\/wp-content\/uploads\/2020\/06\/puertas-seguridad_menu-1.jpg\" alt=\"\"><\/a> <a href=\"https:\/\/seguridadblindes.com\/?page_id=32\"><img loading=\"lazy\" width=\"196\" height=\"299\" class=\"wp-image-1541\" style=\"width: 150px;\" src=\"https:\/\/seguridadblindes.com\/wp-content\/uploads\/2020\/06\/caja-fuerte_menu-1.jpg\" alt=\"\"><\/a> <a href=\"https:\/\/seguridadblindes.com\/?page_id=40\"><img loading=\"lazy\" width=\"196\" height=\"299\" class=\"wp-image-1540\" style=\"width: 150px;\" src=\"https:\/\/seguridadblindes.com\/wp-content\/uploads\/2020\/06\/Blindaje-Arquitectonico_menu-1.jpg\" alt=\"\"><\/a> <a href=\"https:\/\/seguridadblindes.com\/?page_id=38\"><img loading=\"lazy\" width=\"196\" height=\"299\" class=\"wp-image-1543\" style=\"width: 150px;\" src=\"https:\/\/seguridadblindes.com\/wp-content\/uploads\/2020\/06\/Estructuras_met\u00e1licas_menu-1.jpg\" alt=\"\"><\/a> <a href=\"https:\/\/seguridadblindes.com\/?page_id=590\"><img loading=\"lazy\" width=\"196\" height=\"299\" class=\"wp-image-1542\" style=\"width: 150px;\" src=\"https:\/\/seguridadblindes.com\/wp-content\/uploads\/2020\/06\/Cortinas_menu-1.jpg\" alt=\"\"><\/a> <a href=\"https:\/\/seguridadblindes.com\/?page_id=36\"><img loading=\"lazy\" width=\"196\" height=\"299\" class=\"wp-image-1544\" style=\"width: 150px;\" src=\"https:\/\/seguridadblindes.com\/wp-content\/uploads\/2020\/06\/muebles-madera_menu-1.jpg\" alt=\"\"><\/a><\/td><\/tr><\/tbody><\/table><\/figure>\n","protected":false},"excerpt":{"rendered":"<p>SERVICIOS PARA CAJAS FUERTES (24 horas): Ofrecemos mantenimiento, reparaci\u00f3n y modificaci\u00f3n para todo tipo de cajas fuertes y cofres de seguridad, mec\u00e1nicas y electr\u00f3nicas, modernas&hellip;<\/p>\n","protected":false},"author":1,"featured_media":0,"parent":0,"menu_order":0,"comment_status":"closed","ping_status":"closed","template":"","meta":[],"_links":{"self":[{"href":"https:\/\/seguridadblindes.com\/index.php?rest_route=\/wp\/v2\/pages\/382"}],"collection":[{"href":"https:\/\/seguridadblindes.com\/index.php?rest_route=\/wp\/v2\/pages"}],"about":[{"href":"https:\/\/seguridadblindes.com\/index.php?rest_route=\/wp\/v2\/types\/page"}],"author":[{"embeddable":true,"href":"https:\/\/seguridadblindes.com\/index.php?rest_route=\/wp\/v2\/users\/1"}],"replies":[{"embeddable":true,"href":"https:\/\/seguridadblindes.com\/index.php?rest_route=%2Fwp%2Fv2%2Fcomments&post=382"}],"version-history":[{"count":22,"href":"https:\/\/seguridadblindes.com\/index.php?rest_route=\/wp\/v2\/pages\/382\/revisions"}],"predecessor-version":[{"id":1655,"href":"https:\/\/seguridadblindes.com\/index.php?rest_route=\/wp\/v2\/pages\/382\/revisions\/1655"}],"wp:attachment":[{"href":"https:\/\/seguridadblindes.com\/index.php?rest_route=%2Fwp%2Fv2%2Fmedia&parent=382"}],"curies":[{"name":"wp","href":"https:\/\/api.w.org\/{rel}","templated":true}]}}