{"id":399,"date":"2020-05-27T01:46:46","date_gmt":"2020-05-27T01:46:46","guid":{"rendered":"https:\/\/seguridadblindes.com\/?page_id=399"},"modified":"2026-04-08T04:02:49","modified_gmt":"2026-04-08T04:02:49","slug":"puertas-especiales","status":"publish","type":"page","link":"https:\/\/seguridadblindes.com\/?page_id=399","title":{"rendered":"Puertas Especiales"},"content":{"rendered":"<h4><span style=\"color: #800000;\"><strong>PUERTAS CORTAFUEGO<\/strong><\/span><\/h4>\n<p><strong><span style=\"color: #800000;\">ESPECIFICACIONES T\u00c9CNICAS:<\/span><\/strong><\/p>\n<p>Fabricaci\u00f3n con tecnolog\u00eda desarrollada por la empresa Colombiana <strong><span style=\"color: #800000;\">BLINDES Ltda.<\/span><\/strong><\/p>\n<p><span style=\"color: #800000;\"><strong><img loading=\"lazy\" class=\"size-full wp-image-401 alignleft\" src=\"https:\/\/seguridadblindes.com\/wp-content\/uploads\/2020\/05\/puertacortafuego3.jpg\" alt=\"puerta corta fuego\" width=\"248\" height=\"300\" \/>Cubierta:<\/strong><\/span> En l\u00e1mina de acero Galvanizado en Cal. 14 BWG <a href=\"https:\/\/www.replicaoutletuk.me\/\">replica Rolex watches<\/a> para la cara interior (expuesta al fuego), y en l\u00e1mina de acero Galvanizado en Cal. 14 BWG para la cara exterior (no expuesta al fuego). La oxidaci\u00f3n la evita el tratamiento galvanizado que trae la l\u00e1mina.<br \/><span style=\"color: #800000;\"><strong>Aislamiento T\u00e9rmico:<\/strong><\/span> Por medio de manta cer\u00e1mica importada con Certificado ISO, resistente al fuego, instalada dentro de cada hoja.<br \/>Cubierta de cierre (astr\u00e1galo): Es formado en el desarrollo de las puertas por medio de la l\u00e1mina galvanizada a la que se le adhiere el empaque intumescente certificado UL.<\/p>\n<p><strong><span style=\"color: #800000;\"><img loading=\"lazy\" class=\"size-medium wp-image-403 alignleft\" src=\"https:\/\/seguridadblindes.com\/wp-content\/uploads\/2020\/05\/Puerta_cortafuego2-287x300.jpg\" alt=\"Puerta corta fuego\" width=\"287\" height=\"300\" srcset=\"https:\/\/seguridadblindes.com\/wp-content\/uploads\/2020\/05\/Puerta_cortafuego2-287x300.jpg 287w, https:\/\/seguridadblindes.com\/wp-content\/uploads\/2020\/05\/Puerta_cortafuego2.jpg 300w\" sizes=\"(max-width: 287px) 100vw, 287px\" \/>Cerradura antip\u00e1nico:<\/span><\/strong> Importada con Certificado UL que abrir\u00e1 desde dentro tan solo con <a href=\"https:\/\/www.verdetuk.cc\/\">replica Breitling watches<\/a> la aplicaci\u00f3n de presi\u00f3n a la barra, aun cuando se encuentre asegurada con llave desde afuera. El mecanismo consta de una barra horizontal situada sobre la hoja normalmente activa de la puerta y es activada al ser empujada.<br \/>Empaque intumescente: Perimetralmente tiene empaque intumescente importado certificado UL que le brinda mayor cierre herm\u00e9tico (al expandirse aproximadamente unas 20 veces en el momento del siniestro) que evita la salida del humo y gases.<br \/>Las hojas son accionadas por medio <a href=\"https:\/\/www.watchourwatches.com\/\">Rolex replica watches<\/a> de tres bisagras capsuladas de \u00be\u201d instaladas en el marco y en la hoja por el lado exterior (cara no expuesta al fuego).<br \/>Se entrega en l\u00e1mina galvanizada; sin fondo ni ning\u00fan tipo de tratamiento de acabado.<br \/>Instalaci\u00f3n marco fijado con platina y perno expansivo y cargado en concreto.<\/p>\n\n\n<figure class=\"wp-block-table\"><table><tbody><tr><td><a href=\"https:\/\/seguridadblindes.com\/?page_id=137\"><img loading=\"lazy\" width=\"196\" height=\"279\" class=\"wp-image-1644\" style=\"width: 150px;\" src=\"https:\/\/seguridadblindes.com\/wp-content\/uploads\/2020\/06\/puerta_comando.jpg\" alt=\"puerta comando\"><\/a> <a href=\"https:\/\/seguridadblindes.com\/?page_id=190\"><img loading=\"lazy\" width=\"196\" height=\"279\" class=\"wp-image-1645\" style=\"width: 150px;\" src=\"https:\/\/seguridadblindes.com\/wp-content\/uploads\/2020\/06\/puerta_brigadier.jpg\" alt=\"puerta brigadier\"><\/a> <a href=\"https:\/\/seguridadblindes.com\/?page_id=220\"><img loading=\"lazy\" width=\"196\" height=\"279\" class=\"wp-image-1646\" style=\"width: 150px;\" src=\"https:\/\/seguridadblindes.com\/wp-content\/uploads\/2020\/06\/puerta_elite.jpg\" alt=\"puerta \u00e9lite\"><\/a> <a href=\"https:\/\/seguridadblindes.com\/?page_id=399\"><img loading=\"lazy\" width=\"196\" height=\"279\" class=\"wp-image-1647\" style=\"width: 150px;\" src=\"https:\/\/seguridadblindes.com\/wp-content\/uploads\/2020\/06\/puertas_especiales2-1.jpg\" alt=\"puertas especiales\"><\/a> <a href=\"https:\/\/seguridadblindes.com\/?page_id=541\"><img loading=\"lazy\" width=\"196\" height=\"279\" class=\"wp-image-1648\" style=\"width: 150px;\" src=\"https:\/\/seguridadblindes.com\/wp-content\/uploads\/2020\/06\/control_acceso-1.jpg\" alt=\"control acceso biom\u00e9trico\"><\/a> <a href=\"https:\/\/seguridadblindes.com\/?page_id=382#puertas\"><img loading=\"lazy\" width=\"196\" height=\"279\" class=\"wp-image-1627\" style=\"width: 150px;\" src=\"https:\/\/seguridadblindes.com\/wp-content\/uploads\/2020\/06\/servicio_puertas_menu.jpg\" alt=\"servicio puertas\"><\/a><\/td><\/tr><\/tbody><\/table><\/figure>\n","protected":false},"excerpt":{"rendered":"<p>PUERTAS CORTAFUEGO ESPECIFICACIONES T\u00c9CNICAS: Fabricaci\u00f3n con tecnolog\u00eda desarrollada por la empresa Colombiana BLINDES Ltda. Cubierta: En l\u00e1mina de acero Galvanizado en Cal. 14 BWG replica&hellip;<\/p>\n","protected":false},"author":1,"featured_media":0,"parent":0,"menu_order":0,"comment_status":"closed","ping_status":"closed","template":"","meta":[],"_links":{"self":[{"href":"https:\/\/seguridadblindes.com\/index.php?rest_route=\/wp\/v2\/pages\/399"}],"collection":[{"href":"https:\/\/seguridadblindes.com\/index.php?rest_route=\/wp\/v2\/pages"}],"about":[{"href":"https:\/\/seguridadblindes.com\/index.php?rest_route=\/wp\/v2\/types\/page"}],"author":[{"embeddable":true,"href":"https:\/\/seguridadblindes.com\/index.php?rest_route=\/wp\/v2\/users\/1"}],"replies":[{"embeddable":true,"href":"https:\/\/seguridadblindes.com\/index.php?rest_route=%2Fwp%2Fv2%2Fcomments&post=399"}],"version-history":[{"count":8,"href":"https:\/\/seguridadblindes.com\/index.php?rest_route=\/wp\/v2\/pages\/399\/revisions"}],"predecessor-version":[{"id":13087,"href":"https:\/\/seguridadblindes.com\/index.php?rest_route=\/wp\/v2\/pages\/399\/revisions\/13087"}],"wp:attachment":[{"href":"https:\/\/seguridadblindes.com\/index.php?rest_route=%2Fwp%2Fv2%2Fmedia&parent=399"}],"curies":[{"name":"wp","href":"https:\/\/api.w.org\/{rel}","templated":true}]}}