{"id":40,"date":"2020-05-21T04:49:49","date_gmt":"2020-05-21T04:49:49","guid":{"rendered":"https:\/\/seguridadblindes.com\/?page_id=40"},"modified":"2020-06-16T01:44:48","modified_gmt":"2020-06-16T01:44:48","slug":"blindaje-arquitectonico","status":"publish","type":"page","link":"https:\/\/seguridadblindes.com\/?page_id=40","title":{"rendered":"BLINDAJE ARQUITECT\u00d3NICO"},"content":{"rendered":"\n<figure class=\"wp-block-table\"><table><tbody><tr><td><a href=\"https:\/\/seguridadblindes.com\/?page_id=40\"><img loading=\"lazy\" width=\"196\" height=\"279\" class=\"wp-image-1635\" style=\"width: 150px;\" src=\"https:\/\/seguridadblindes.com\/wp-content\/uploads\/2020\/06\/ventanas_blindadas-1.jpg\" alt=\"vidrios blindados\"><\/a> <a href=\"https:\/\/seguridadblindes.com\/?page_id=536\"><img loading=\"lazy\" width=\"196\" height=\"279\" class=\"wp-image-1633\" style=\"width: 150px;\" src=\"https:\/\/seguridadblindes.com\/wp-content\/uploads\/2020\/06\/garitas_seguridad-1.jpg\" alt=\"garitas seguridad\"><\/a> <a href=\"https:\/\/seguridadblindes.com\/?page_id=539\"><img loading=\"lazy\" width=\"196\" height=\"279\" class=\"wp-image-1634\" style=\"width: 150px;\" src=\"https:\/\/seguridadblindes.com\/wp-content\/uploads\/2020\/06\/puertas_blindadas-1.jpg\" alt=\"puertas blindadas\"><\/a><\/td><\/tr><\/tbody><\/table><\/figure>\n\n\n<h4><strong><span style=\"color: #800000;\">Vidrios Blindados<\/span><\/strong><\/h4>\n<p><img loading=\"lazy\" class=\"size-full wp-image-686 alignleft\" src=\"https:\/\/seguridadblindes.com\/wp-content\/uploads\/2020\/05\/ventanillas_blindadas_4.jpg\" alt=\"Vidrios Blindados\" width=\"300\" height=\"270\" \/>\u00bfQu\u00e9 ser\u00eda de \u00e9l General Maza M\u00e1rquez si en su oficina no hubiera existido blindaje arquitect\u00f3nico? En las duras \u00e9pocas del narcoterrorismo a\u00f1o 1989 enviaron un cami\u00f3n lleno de explosivos al edificio del entonces DAS.\u00a0 La verdad s\u00f3lo DIOS sabe que hubiera sucedido.<\/p>\n<p>Pero su oficina contaba con algo que los terroristas no tuvieron en cuenta y era que estaba blindada contra cualquier cosa y es as\u00ed que en ese entonces todos los vidrios de un edificio de aproximadamente 10 pisos volaron, puertas, marcos, autos y todo cuanto estuvo a su paso vol\u00f3 por los cielos, pero incre\u00edblemente la oficina que qued\u00f3 intacta como por arte del esp\u00edritu santo fue la del General y director del DAS en ese entonces.<\/p>\n<p><img loading=\"lazy\" class=\"size-medium wp-image-1029 alignright\" src=\"https:\/\/seguridadblindes.com\/wp-content\/uploads\/2020\/06\/blindaje-arquitectonico-03-300x225.jpg\" alt=\"Vidrio Blindado\" width=\"300\" height=\"225\" srcset=\"https:\/\/seguridadblindes.com\/wp-content\/uploads\/2020\/06\/blindaje-arquitectonico-03-300x225.jpg 300w, https:\/\/seguridadblindes.com\/wp-content\/uploads\/2020\/06\/blindaje-arquitectonico-03-1024x768.jpg 1024w, https:\/\/seguridadblindes.com\/wp-content\/uploads\/2020\/06\/blindaje-arquitectonico-03-768x576.jpg 768w, https:\/\/seguridadblindes.com\/wp-content\/uploads\/2020\/06\/blindaje-arquitectonico-03-1536x1152.jpg 1536w, https:\/\/seguridadblindes.com\/wp-content\/uploads\/2020\/06\/blindaje-arquitectonico-03.jpg 1600w\" sizes=\"(max-width: 300px) 100vw, 300px\" \/>Que duro recordar hechos que aterrorizan; pero siempre es bueno saber de la historia porque como citaba Marco Tulio Cicer\u00f3n \u201cQuien olvida su historia est\u00e1 obligado a repetirla\u201d, tristemente tenemos que poner los pies en la tierra y nuestro pa\u00eds es uno de los m\u00e1s violentos del mundo.<\/p>\n<p><span style=\"color: #800000;\"><strong>Blindes<\/strong><\/span> lo sabe y no es que nuestra empresa sea pesimista,\u00a0 pero hay que ser precavido. Por eso tenemos productos que cubren una necesidad de protecci\u00f3n.<\/p>\n\n\n<h2><\/h2>\n\n\n\n<figure class=\"wp-block-gallery columns-5 is-cropped\"><ul class=\"blocks-gallery-grid\"><li class=\"blocks-gallery-item\"><figure><img loading=\"lazy\" width=\"150\" height=\"150\" src=\"https:\/\/seguridadblindes.com\/wp-content\/uploads\/2020\/05\/ventanillas_blindadas_1-150x150.jpg\" alt=\"\" data-id=\"688\" data-link=\"https:\/\/seguridadblindes.com\/?attachment_id=688\" class=\"wp-image-688\"\/><\/figure><\/li><li class=\"blocks-gallery-item\"><figure><img loading=\"lazy\" width=\"150\" height=\"150\" src=\"https:\/\/seguridadblindes.com\/wp-content\/uploads\/2020\/05\/ventanillas_blindadas_5-150x150.jpg\" alt=\"\" data-id=\"689\" data-link=\"https:\/\/seguridadblindes.com\/?attachment_id=689\" class=\"wp-image-689\"\/><\/figure><\/li><li class=\"blocks-gallery-item\"><figure><img loading=\"lazy\" width=\"150\" height=\"139\" src=\"https:\/\/seguridadblindes.com\/wp-content\/uploads\/2020\/05\/ventanillas_blindadas_7-150x139.jpg\" alt=\"\" data-id=\"690\" data-link=\"https:\/\/seguridadblindes.com\/?attachment_id=690\" class=\"wp-image-690\"\/><\/figure><\/li><li class=\"blocks-gallery-item\"><figure><img loading=\"lazy\" width=\"150\" height=\"150\" src=\"https:\/\/seguridadblindes.com\/wp-content\/uploads\/2020\/05\/ventanillas_blindadas_6-150x150.jpg\" alt=\"\" data-id=\"694\" data-link=\"https:\/\/seguridadblindes.com\/?attachment_id=694\" class=\"wp-image-694\"\/><\/figure><\/li><li class=\"blocks-gallery-item\"><figure><img loading=\"lazy\" width=\"150\" height=\"150\" src=\"https:\/\/seguridadblindes.com\/wp-content\/uploads\/2020\/06\/blindaje_arquitectonico-150x150.jpg\" alt=\"\" data-id=\"1027\" data-link=\"https:\/\/seguridadblindes.com\/?attachment_id=1027\" class=\"wp-image-1027\"\/><\/figure><\/li><li class=\"blocks-gallery-item\"><figure><img loading=\"lazy\" width=\"300\" height=\"300\" src=\"https:\/\/seguridadblindes.com\/wp-content\/uploads\/2020\/06\/blindaje_arquitectonico2-300x300.jpg\" alt=\"\" data-id=\"1028\" data-link=\"https:\/\/seguridadblindes.com\/?attachment_id=1028\" class=\"wp-image-1028\" srcset=\"https:\/\/seguridadblindes.com\/wp-content\/uploads\/2020\/06\/blindaje_arquitectonico2.jpg 300w, https:\/\/seguridadblindes.com\/wp-content\/uploads\/2020\/06\/blindaje_arquitectonico2-150x150.jpg 150w\" sizes=\"(max-width: 300px) 100vw, 300px\" \/><\/figure><\/li><li class=\"blocks-gallery-item\"><figure><img loading=\"lazy\" width=\"1024\" height=\"768\" src=\"https:\/\/seguridadblindes.com\/wp-content\/uploads\/2020\/06\/blindaje-arquitectonico-03-1024x768.jpg\" alt=\"\" data-id=\"1029\" data-link=\"https:\/\/seguridadblindes.com\/?attachment_id=1029\" class=\"wp-image-1029\" srcset=\"https:\/\/seguridadblindes.com\/wp-content\/uploads\/2020\/06\/blindaje-arquitectonico-03-1024x768.jpg 1024w, https:\/\/seguridadblindes.com\/wp-content\/uploads\/2020\/06\/blindaje-arquitectonico-03-300x225.jpg 300w, https:\/\/seguridadblindes.com\/wp-content\/uploads\/2020\/06\/blindaje-arquitectonico-03-768x576.jpg 768w, https:\/\/seguridadblindes.com\/wp-content\/uploads\/2020\/06\/blindaje-arquitectonico-03-1536x1152.jpg 1536w, https:\/\/seguridadblindes.com\/wp-content\/uploads\/2020\/06\/blindaje-arquitectonico-03.jpg 1600w\" sizes=\"(max-width: 1024px) 100vw, 1024px\" \/><\/figure><\/li><li class=\"blocks-gallery-item\"><figure><img loading=\"lazy\" width=\"150\" height=\"150\" src=\"https:\/\/seguridadblindes.com\/wp-content\/uploads\/2020\/06\/vidrio_blindado-150x150.jpg\" alt=\"\" data-id=\"1031\" data-link=\"https:\/\/seguridadblindes.com\/?attachment_id=1031\" class=\"wp-image-1031\"\/><\/figure><\/li><li class=\"blocks-gallery-item\"><figure><img loading=\"lazy\" width=\"150\" height=\"150\" src=\"https:\/\/seguridadblindes.com\/wp-content\/uploads\/2020\/06\/vidrio_blindado2-150x150.jpg\" alt=\"\" data-id=\"1032\" data-full-url=\"https:\/\/seguridadblindes.com\/wp-content\/uploads\/2020\/06\/vidrio_blindado2.jpg\" data-link=\"https:\/\/seguridadblindes.com\/?attachment_id=1032\" class=\"wp-image-1032\"\/><\/figure><\/li><\/ul><\/figure>\n","protected":false},"excerpt":{"rendered":"<p>Vidrios Blindados \u00bfQu\u00e9 ser\u00eda de \u00e9l General Maza M\u00e1rquez si en su oficina no hubiera existido blindaje arquitect\u00f3nico? En las duras \u00e9pocas del narcoterrorismo a\u00f1o&hellip;<\/p>\n","protected":false},"author":1,"featured_media":0,"parent":0,"menu_order":0,"comment_status":"closed","ping_status":"closed","template":"","meta":[],"_links":{"self":[{"href":"https:\/\/seguridadblindes.com\/index.php?rest_route=\/wp\/v2\/pages\/40"}],"collection":[{"href":"https:\/\/seguridadblindes.com\/index.php?rest_route=\/wp\/v2\/pages"}],"about":[{"href":"https:\/\/seguridadblindes.com\/index.php?rest_route=\/wp\/v2\/types\/page"}],"author":[{"embeddable":true,"href":"https:\/\/seguridadblindes.com\/index.php?rest_route=\/wp\/v2\/users\/1"}],"replies":[{"embeddable":true,"href":"https:\/\/seguridadblindes.com\/index.php?rest_route=%2Fwp%2Fv2%2Fcomments&post=40"}],"version-history":[{"count":21,"href":"https:\/\/seguridadblindes.com\/index.php?rest_route=\/wp\/v2\/pages\/40\/revisions"}],"predecessor-version":[{"id":1421,"href":"https:\/\/seguridadblindes.com\/index.php?rest_route=\/wp\/v2\/pages\/40\/revisions\/1421"}],"wp:attachment":[{"href":"https:\/\/seguridadblindes.com\/index.php?rest_route=%2Fwp%2Fv2%2Fmedia&parent=40"}],"curies":[{"name":"wp","href":"https:\/\/api.w.org\/{rel}","templated":true}]}}