{"id":413,"date":"2020-05-27T23:54:38","date_gmt":"2020-05-27T23:54:38","guid":{"rendered":"https:\/\/seguridadblindes.com\/?page_id=413"},"modified":"2020-06-09T00:19:15","modified_gmt":"2020-06-09T00:19:15","slug":"muebles-a-la-medida","status":"publish","type":"page","link":"https:\/\/seguridadblindes.com\/?page_id=413","title":{"rendered":"Muebles a la Medida"},"content":{"rendered":"<p><img loading=\"lazy\" class=\"alignnone size-full wp-image-1220\" src=\"https:\/\/seguridadblindes.com\/wp-content\/uploads\/2020\/06\/a-la-medida_3.png\" alt=\"Muebles a la medida\" width=\"281\" height=\"300\" \/> <img loading=\"lazy\" class=\"alignnone size-medium wp-image-1221\" src=\"https:\/\/seguridadblindes.com\/wp-content\/uploads\/2020\/06\/a-la-medida_8-1-300x186.jpg\" alt=\"Muebles a la medida\" width=\"300\" height=\"186\" srcset=\"https:\/\/seguridadblindes.com\/wp-content\/uploads\/2020\/06\/a-la-medida_8-1-300x186.jpg 300w, https:\/\/seguridadblindes.com\/wp-content\/uploads\/2020\/06\/a-la-medida_8-1.jpg 484w\" sizes=\"(max-width: 300px) 100vw, 300px\" \/> <img loading=\"lazy\" class=\"alignnone size-medium wp-image-1231\" src=\"https:\/\/seguridadblindes.com\/wp-content\/uploads\/2020\/06\/a-la-medid_21-294x300.jpg\" alt=\"muebles a la medida\" width=\"294\" height=\"300\" srcset=\"https:\/\/seguridadblindes.com\/wp-content\/uploads\/2020\/06\/a-la-medid_21-294x300.jpg 294w, https:\/\/seguridadblindes.com\/wp-content\/uploads\/2020\/06\/a-la-medid_21.jpg 405w\" sizes=\"(max-width: 294px) 100vw, 294px\" \/><\/p>\n\n<p><span style=\"color: #800000;\"><strong><img loading=\"lazy\" class=\"size-medium wp-image-1214 alignleft\" src=\"https:\/\/seguridadblindes.com\/wp-content\/uploads\/2020\/06\/a-la-medid_13p-300x300.jpg\" alt=\"\" width=\"300\" height=\"300\" srcset=\"https:\/\/seguridadblindes.com\/wp-content\/uploads\/2020\/06\/a-la-medid_13p.jpg 300w, https:\/\/seguridadblindes.com\/wp-content\/uploads\/2020\/06\/a-la-medid_13p-150x150.jpg 150w\" sizes=\"(max-width: 300px) 100vw, 300px\" \/>Blindes Ltda<\/strong><\/span> es consciente de los reducidos espacios que se manejan hoy en d\u00eda por eso dise\u00f1amos muebles con creatividad, buen gusto y uso adecuado de materiales en cada caso, para que almacenar las diferentes cosas que componen nuestra cotidianidad no se convierta en un dolor de cabeza.<\/p>\n<p>\u00a0<\/p>\n<p><img loading=\"lazy\" class=\"wp-image-1234 size-medium alignleft\" src=\"https:\/\/seguridadblindes.com\/wp-content\/uploads\/2020\/06\/a-la-medid_22-300x263.jpg\" alt=\"a-la-medid_22\" width=\"300\" height=\"263\" srcset=\"https:\/\/seguridadblindes.com\/wp-content\/uploads\/2020\/06\/a-la-medid_22-300x263.jpg 300w, https:\/\/seguridadblindes.com\/wp-content\/uploads\/2020\/06\/a-la-medid_22.jpg 400w\" sizes=\"(max-width: 300px) 100vw, 300px\" \/>Muebles vers\u00e1tiles que buscan sacar el m\u00e1ximo provecho de los espacios disponibles integrando funcionalidad, dise\u00f1o y espacio en cada uno de nuestros dise\u00f1os.<\/p>\n\n\n<h2><\/h2>\n\n\n<p><img loading=\"lazy\" class=\"alignnone size-medium wp-image-1222\" src=\"https:\/\/seguridadblindes.com\/wp-content\/uploads\/2020\/06\/a-la-medid_15-294x300.jpg\" alt=\"muebles a la medida\" width=\"294\" height=\"300\" srcset=\"https:\/\/seguridadblindes.com\/wp-content\/uploads\/2020\/06\/a-la-medid_15-294x300.jpg 294w, https:\/\/seguridadblindes.com\/wp-content\/uploads\/2020\/06\/a-la-medid_15.jpg 405w\" sizes=\"(max-width: 294px) 100vw, 294px\" \/> <img loading=\"lazy\" class=\"alignnone size-medium wp-image-1223\" src=\"https:\/\/seguridadblindes.com\/wp-content\/uploads\/2020\/06\/a-la-medid_16-294x300.jpg\" alt=\"muebles a la medida\" width=\"294\" height=\"300\" srcset=\"https:\/\/seguridadblindes.com\/wp-content\/uploads\/2020\/06\/a-la-medid_16-294x300.jpg 294w, https:\/\/seguridadblindes.com\/wp-content\/uploads\/2020\/06\/a-la-medid_16.jpg 405w\" sizes=\"(max-width: 294px) 100vw, 294px\" \/> <img loading=\"lazy\" class=\"alignnone size-medium wp-image-1224\" src=\"https:\/\/seguridadblindes.com\/wp-content\/uploads\/2020\/06\/a-la-medid_17-294x300.jpg\" alt=\"muebles a la medida\" width=\"294\" height=\"300\" srcset=\"https:\/\/seguridadblindes.com\/wp-content\/uploads\/2020\/06\/a-la-medid_17-294x300.jpg 294w, https:\/\/seguridadblindes.com\/wp-content\/uploads\/2020\/06\/a-la-medid_17.jpg 405w\" sizes=\"(max-width: 294px) 100vw, 294px\" \/><\/p>\n\n<p><img loading=\"lazy\" class=\"alignnone size-medium wp-image-1226\" src=\"https:\/\/seguridadblindes.com\/wp-content\/uploads\/2020\/06\/a-la-medid_18-294x300.jpg\" alt=\"muebles a la medida\" width=\"294\" height=\"300\" srcset=\"https:\/\/seguridadblindes.com\/wp-content\/uploads\/2020\/06\/a-la-medid_18-294x300.jpg 294w, https:\/\/seguridadblindes.com\/wp-content\/uploads\/2020\/06\/a-la-medid_18.jpg 405w\" sizes=\"(max-width: 294px) 100vw, 294px\" \/> <img loading=\"lazy\" class=\"alignnone size-medium wp-image-1227\" src=\"https:\/\/seguridadblindes.com\/wp-content\/uploads\/2020\/06\/a-la-medid_19-294x300.jpg\" alt=\"muebles a la medida\" width=\"294\" height=\"300\" srcset=\"https:\/\/seguridadblindes.com\/wp-content\/uploads\/2020\/06\/a-la-medid_19-294x300.jpg 294w, https:\/\/seguridadblindes.com\/wp-content\/uploads\/2020\/06\/a-la-medid_19.jpg 405w\" sizes=\"(max-width: 294px) 100vw, 294px\" \/> <img loading=\"lazy\" class=\"alignnone size-medium wp-image-1229\" src=\"https:\/\/seguridadblindes.com\/wp-content\/uploads\/2020\/06\/a-la-medid_20-294x300.jpg\" alt=\"muebles a la medida\" width=\"294\" height=\"300\" srcset=\"https:\/\/seguridadblindes.com\/wp-content\/uploads\/2020\/06\/a-la-medid_20-294x300.jpg 294w, https:\/\/seguridadblindes.com\/wp-content\/uploads\/2020\/06\/a-la-medid_20.jpg 405w\" sizes=\"(max-width: 294px) 100vw, 294px\" \/><\/p>\n\n\n<figure class=\"wp-block-table\"><table><tbody><tr><td><a href=\"https:\/\/seguridadblindes.com\/?page_id=445\"><img loading=\"lazy\" width=\"196\" height=\"279\" class=\"wp-image-1642\" style=\"width: 150px;\" src=\"https:\/\/seguridadblindes.com\/wp-content\/uploads\/2020\/06\/Mueble-Estudio-1.jpg\" alt=\"\"><\/a><a href=\"https:\/\/seguridadblindes.com\/?page_id=427\"> <img loading=\"lazy\" width=\"196\" height=\"279\" class=\"wp-image-1640\" style=\"width: 150px;\" src=\"https:\/\/seguridadblindes.com\/wp-content\/uploads\/2020\/06\/Cocina-1.jpg\" alt=\"Cocina\"><\/a><a href=\"https:\/\/seguridadblindes.com\/?page_id=420\"> <img loading=\"lazy\" width=\"196\" height=\"279\" class=\"wp-image-1641\" style=\"width: 150px;\" src=\"https:\/\/seguridadblindes.com\/wp-content\/uploads\/2020\/06\/Entretenimiento-1.jpg\" alt=\"Entretenimiento\"><\/a><a href=\"https:\/\/seguridadblindes.com\/?page_id=657\"> <img loading=\"lazy\" width=\"196\" height=\"279\" class=\"wp-image-1639\" style=\"width: 150px;\" src=\"https:\/\/seguridadblindes.com\/wp-content\/uploads\/2020\/06\/bano-1.jpg\" alt=\"bano\"><\/a><a href=\"https:\/\/seguridadblindes.com\/?page_id=413\"> <\/a><a href=\"https:\/\/seguridadblindes.com\/?page_id=413\"><img loading=\"lazy\" width=\"196\" height=\"279\" class=\"wp-image-1638\" style=\"width: 150px;\" src=\"https:\/\/seguridadblindes.com\/wp-content\/uploads\/2020\/06\/a-la-medida-1.jpg\" alt=\"Muebles a la medida\"><\/a><\/td><\/tr><\/tbody><\/table><\/figure>\n","protected":false},"excerpt":{"rendered":"<p>Blindes Ltda es consciente de los reducidos espacios que se manejan hoy en d\u00eda por eso dise\u00f1amos muebles con creatividad, buen gusto y uso adecuado&hellip;<\/p>\n","protected":false},"author":1,"featured_media":0,"parent":0,"menu_order":0,"comment_status":"closed","ping_status":"closed","template":"","meta":[],"_links":{"self":[{"href":"https:\/\/seguridadblindes.com\/index.php?rest_route=\/wp\/v2\/pages\/413"}],"collection":[{"href":"https:\/\/seguridadblindes.com\/index.php?rest_route=\/wp\/v2\/pages"}],"about":[{"href":"https:\/\/seguridadblindes.com\/index.php?rest_route=\/wp\/v2\/types\/page"}],"author":[{"embeddable":true,"href":"https:\/\/seguridadblindes.com\/index.php?rest_route=\/wp\/v2\/users\/1"}],"replies":[{"embeddable":true,"href":"https:\/\/seguridadblindes.com\/index.php?rest_route=%2Fwp%2Fv2%2Fcomments&post=413"}],"version-history":[{"count":16,"href":"https:\/\/seguridadblindes.com\/index.php?rest_route=\/wp\/v2\/pages\/413\/revisions"}],"predecessor-version":[{"id":1236,"href":"https:\/\/seguridadblindes.com\/index.php?rest_route=\/wp\/v2\/pages\/413\/revisions\/1236"}],"wp:attachment":[{"href":"https:\/\/seguridadblindes.com\/index.php?rest_route=%2Fwp%2Fv2%2Fmedia&parent=413"}],"curies":[{"name":"wp","href":"https:\/\/api.w.org\/{rel}","templated":true}]}}