{"id":420,"date":"2020-05-28T00:08:38","date_gmt":"2020-05-28T00:08:38","guid":{"rendered":"https:\/\/seguridadblindes.com\/?page_id=420"},"modified":"2026-04-08T05:11:11","modified_gmt":"2026-04-08T05:11:11","slug":"centros-de-entretenimiento","status":"publish","type":"page","link":"https:\/\/seguridadblindes.com\/?page_id=420","title":{"rendered":"Centros de Entretenimiento"},"content":{"rendered":"<p>El avance de la tecnolog\u00eda ha redise\u00f1ado nuestros espacios interiores, incorporando nuevos muebles y lugares dedicados para accesorios electr\u00f3nicos que anta\u00f1o no se usaban; es as\u00ed como <a href=\"https:\/\/www.watchclonesuk.com\/\">replica watches UK<\/a> podemos encontrar los centros de entretenimiento dedicados para juegos de v\u00eddeo, Smart TV, bibliotecas para guardar DVD, libros, amplios espacios <a href=\"https:\/\/www.thereplica.ca\">Rolex replica<\/a> para colocar decodificadores e implementos que se usan para recibir los servicios de TV Cable, Internet de los <a href=\"https:\/\/marsmlove.us\">https:\/\/marsmlove.us<\/a> diferentes operadores.<\/p>\n\n\n<figure class=\"wp-block-gallery columns-3 is-cropped\"><ul class=\"blocks-gallery-grid\"><li class=\"blocks-gallery-item\"><figure><img loading=\"lazy\" width=\"300\" height=\"305\" src=\"https:\/\/seguridadblindes.com\/wp-content\/uploads\/2020\/06\/a-la-medida_1.png\" alt=\"\" data-id=\"732\" data-link=\"https:\/\/seguridadblindes.com\/?attachment_id=732\" class=\"wp-image-732\" srcset=\"https:\/\/seguridadblindes.com\/wp-content\/uploads\/2020\/06\/a-la-medida_1.png 300w, https:\/\/seguridadblindes.com\/wp-content\/uploads\/2020\/06\/a-la-medida_1-295x300.png 295w\" sizes=\"(max-width: 300px) 100vw, 300px\" \/><\/figure><\/li><li class=\"blocks-gallery-item\"><figure><img loading=\"lazy\" width=\"300\" height=\"351\" src=\"https:\/\/seguridadblindes.com\/wp-content\/uploads\/2020\/06\/a-la-medida_4.png\" alt=\"\" data-id=\"733\" data-link=\"https:\/\/seguridadblindes.com\/?attachment_id=733\" class=\"wp-image-733\" srcset=\"https:\/\/seguridadblindes.com\/wp-content\/uploads\/2020\/06\/a-la-medida_4.png 300w, https:\/\/seguridadblindes.com\/wp-content\/uploads\/2020\/06\/a-la-medida_4-256x300.png 256w\" sizes=\"(max-width: 300px) 100vw, 300px\" \/><\/figure><\/li><li class=\"blocks-gallery-item\"><figure><img loading=\"lazy\" width=\"300\" height=\"285\" src=\"https:\/\/seguridadblindes.com\/wp-content\/uploads\/2020\/06\/a-la-medida_9.png\" alt=\"\" data-id=\"734\" data-link=\"https:\/\/seguridadblindes.com\/?attachment_id=734\" class=\"wp-image-734\"\/><\/figure><\/li><li class=\"blocks-gallery-item\"><figure><img loading=\"lazy\" width=\"487\" height=\"300\" src=\"https:\/\/seguridadblindes.com\/wp-content\/uploads\/2020\/06\/a-la-medida_10.png\" alt=\"\" data-id=\"735\" data-link=\"https:\/\/seguridadblindes.com\/?attachment_id=735\" class=\"wp-image-735\" srcset=\"https:\/\/seguridadblindes.com\/wp-content\/uploads\/2020\/06\/a-la-medida_10.png 487w, https:\/\/seguridadblindes.com\/wp-content\/uploads\/2020\/06\/a-la-medida_10-300x185.png 300w\" sizes=\"(max-width: 487px) 100vw, 487px\" \/><\/figure><\/li><li class=\"blocks-gallery-item\"><figure><img loading=\"lazy\" width=\"300\" height=\"186\" src=\"https:\/\/seguridadblindes.com\/wp-content\/uploads\/2020\/06\/a-la-medida_2.png\" alt=\"\" data-id=\"736\" data-link=\"https:\/\/seguridadblindes.com\/?attachment_id=736\" class=\"wp-image-736\"\/><\/figure><\/li><li class=\"blocks-gallery-item\"><figure><img loading=\"lazy\" width=\"300\" height=\"186\" src=\"https:\/\/seguridadblindes.com\/wp-content\/uploads\/2020\/06\/a-la-medida_8.jpg\" alt=\"\" data-id=\"737\" data-full-url=\"https:\/\/seguridadblindes.com\/wp-content\/uploads\/2020\/06\/a-la-medida_8.jpg\" data-link=\"https:\/\/seguridadblindes.com\/?attachment_id=737\" class=\"wp-image-737\"\/><\/figure><\/li><\/ul><\/figure>\n\n\n\n<figure class=\"wp-block-table\"><table><tbody><tr><td><a href=\"https:\/\/seguridadblindes.com\/?page_id=445\"><img loading=\"lazy\" width=\"196\" height=\"279\" class=\"wp-image-1642\" style=\"width: 150px;\" src=\"https:\/\/seguridadblindes.com\/wp-content\/uploads\/2020\/06\/Mueble-Estudio-1.jpg\" alt=\"\"><\/a><a href=\"https:\/\/seguridadblindes.com\/?page_id=427\"> <img loading=\"lazy\" width=\"196\" height=\"279\" class=\"wp-image-1640\" style=\"width: 150px;\" src=\"https:\/\/seguridadblindes.com\/wp-content\/uploads\/2020\/06\/Cocina-1.jpg\" alt=\"Cocina\"><\/a><a href=\"https:\/\/seguridadblindes.com\/?page_id=420\"> <img loading=\"lazy\" width=\"196\" height=\"279\" class=\"wp-image-1641\" style=\"width: 150px;\" src=\"https:\/\/seguridadblindes.com\/wp-content\/uploads\/2020\/06\/Entretenimiento-1.jpg\" alt=\"Entretenimiento\"><\/a><a href=\"https:\/\/seguridadblindes.com\/?page_id=657\"> <img loading=\"lazy\" width=\"196\" height=\"279\" class=\"wp-image-1639\" style=\"width: 150px;\" src=\"https:\/\/seguridadblindes.com\/wp-content\/uploads\/2020\/06\/bano-1.jpg\" alt=\"bano\"><\/a><a href=\"https:\/\/seguridadblindes.com\/?page_id=413\"> <\/a><a href=\"https:\/\/seguridadblindes.com\/?page_id=413\"><img loading=\"lazy\" width=\"196\" height=\"279\" class=\"wp-image-1638\" style=\"width: 150px;\" src=\"https:\/\/seguridadblindes.com\/wp-content\/uploads\/2020\/06\/a-la-medida-1.jpg\" alt=\"Muebles a la medida\"><\/a><\/td><\/tr><\/tbody><\/table><\/figure>\n","protected":false},"excerpt":{"rendered":"<p>El avance de la tecnolog\u00eda ha redise\u00f1ado nuestros espacios interiores, incorporando nuevos muebles y lugares dedicados para accesorios electr\u00f3nicos que anta\u00f1o no se usaban; es&hellip;<\/p>\n","protected":false},"author":1,"featured_media":0,"parent":0,"menu_order":0,"comment_status":"closed","ping_status":"closed","template":"","meta":[],"_links":{"self":[{"href":"https:\/\/seguridadblindes.com\/index.php?rest_route=\/wp\/v2\/pages\/420"}],"collection":[{"href":"https:\/\/seguridadblindes.com\/index.php?rest_route=\/wp\/v2\/pages"}],"about":[{"href":"https:\/\/seguridadblindes.com\/index.php?rest_route=\/wp\/v2\/types\/page"}],"author":[{"embeddable":true,"href":"https:\/\/seguridadblindes.com\/index.php?rest_route=\/wp\/v2\/users\/1"}],"replies":[{"embeddable":true,"href":"https:\/\/seguridadblindes.com\/index.php?rest_route=%2Fwp%2Fv2%2Fcomments&post=420"}],"version-history":[{"count":12,"href":"https:\/\/seguridadblindes.com\/index.php?rest_route=\/wp\/v2\/pages\/420\/revisions"}],"predecessor-version":[{"id":13112,"href":"https:\/\/seguridadblindes.com\/index.php?rest_route=\/wp\/v2\/pages\/420\/revisions\/13112"}],"wp:attachment":[{"href":"https:\/\/seguridadblindes.com\/index.php?rest_route=%2Fwp%2Fv2%2Fmedia&parent=420"}],"curies":[{"name":"wp","href":"https:\/\/api.w.org\/{rel}","templated":true}]}}