{"id":539,"date":"2020-06-01T01:07:04","date_gmt":"2020-06-01T01:07:04","guid":{"rendered":"https:\/\/seguridadblindes.com\/?page_id=539"},"modified":"2026-04-08T05:04:43","modified_gmt":"2026-04-08T05:04:43","slug":"puertas-blindadas","status":"publish","type":"page","link":"https:\/\/seguridadblindes.com\/?page_id=539","title":{"rendered":"Puertas Blindadas"},"content":{"rendered":"<p><img loading=\"lazy\" class=\"size-medium wp-image-707 alignleft\" src=\"https:\/\/seguridadblindes.com\/wp-content\/uploads\/2020\/06\/puerta_brigadier_4-278x300.png\" alt=\"puerta_brigadier\" width=\"278\" height=\"300\" srcset=\"https:\/\/seguridadblindes.com\/wp-content\/uploads\/2020\/06\/puerta_brigadier_4-278x300.png 278w, https:\/\/seguridadblindes.com\/wp-content\/uploads\/2020\/06\/puerta_brigadier_4.png 400w\" sizes=\"(max-width: 278px) 100vw, 278px\" \/>Diferencias entre puertas de seguridad y puertas \u00abblindadas\u00bb<br \/>En el mercado existen varios tipos de puertas de seguridad muy efectivas y elegantes. Cualquier ne\u00f3fito en el tema caer\u00eda en la creencia err\u00f3nea de que las llamadas \u201cpuertas de seguridad\u00bb pertenecen al\u00a0 grupo <a href=\"https:\/\/www.bestreplicas.me\/\">Rolex replica<\/a> de puertas Blindadas. Aqu\u00ed mostraremos algunas de sus diferencias.<\/p>\n<p><strong><span style=\"color: #993300;\">Diferencias principales.<\/span><\/strong><\/p>\n<p>Las principales diferencias radican en <a href=\"https:\/\/www.buy-watches.co.uk\/\">replica Rolex<\/a> la estructura y el marco de unas y otras. En las de seguridad, la estructura es de madera, mientras que en las blindadas la estructura es de acero, much\u00edsimo m\u00e1s resistente.<\/p>\n<h4>\u00a0<\/h4>\n<h4><strong><span style=\"color: #993300;\">Puerta de Seguridad<\/span><\/strong><\/h4>\n<p>Su estructura base est\u00e1 compuesta en su mayor parte por madera, y se compone de dos planchas met\u00e1licas pegadas a cada lado de la hoja, sobre las que se pegan a su vez, los tableros de la puerta.<\/p>\n<p>Dichos tableros no pueden sustituirse si llegan a estropearse o si se desea cambiar la decoraci\u00f3n, ya que est\u00e1n pegados.<\/p>\n<p>En algunos casos el marco tambi\u00e9n es de madera y las bisagras van atornilladas, lo cual provoca que la madera ceda y se descuelgue al cabo del tiempo.<\/p>\n<p>A pesar de su nombre, la puerta seguridad es en realidad bastante d\u00e9bil, lo cual supone su mayor inconveniente a la hora de una necesidad a\u00fan superior de resistencia.<\/p>\n<h4><strong><span style=\"color: #993300;\"><img loading=\"lazy\" class=\"size-medium wp-image-712 alignleft\" src=\"https:\/\/seguridadblindes.com\/wp-content\/uploads\/2020\/06\/puertas_blindadas1-300x188.jpg\" alt=\"puertas blindadas\" width=\"300\" height=\"188\" srcset=\"https:\/\/seguridadblindes.com\/wp-content\/uploads\/2020\/06\/puertas_blindadas1-300x188.jpg 300w, https:\/\/seguridadblindes.com\/wp-content\/uploads\/2020\/06\/puertas_blindadas1.jpg 400w\" sizes=\"(max-width: 300px) 100vw, 300px\" \/>Puerta Blindada.<\/span><\/strong><\/h4>\n<ul>\n<li>Una puerta Blindada posee una estructura b\u00e1sicamente de acero.<\/li>\n<li>La bandeja y el cerco tambi\u00e9n son de este material y tienen distintos espesores.\u00a0<\/li>\n<li>La cerradura suele ser de seguridad.<\/li>\n<li>El nombre Blindada sugiere igualmente seguridad, pero debemos tener en cuenta que en el mercado existen puertas de este tipo con un nivel de seguridad m\u00ednimo, por lo que hay que informarse bien de la composici\u00f3n y grado de protecci\u00f3n antes de adquirirlas.<br \/>\n<figure id=\"attachment_1414\" aria-describedby=\"caption-attachment-1414\" style=\"width: 300px\" class=\"wp-caption alignright\"><img loading=\"lazy\" class=\"wp-image-1414 size-medium\" src=\"https:\/\/seguridadblindes.com\/wp-content\/uploads\/2020\/06\/caja-fuerte-clave3-300x200.png\" alt=\"puerta boveda\" width=\"300\" height=\"200\" srcset=\"https:\/\/seguridadblindes.com\/wp-content\/uploads\/2020\/06\/caja-fuerte-clave3-300x200.png 300w, https:\/\/seguridadblindes.com\/wp-content\/uploads\/2020\/06\/caja-fuerte-clave3.png 348w\" sizes=\"(max-width: 300px) 100vw, 300px\" \/><figcaption id=\"caption-attachment-1414\" class=\"wp-caption-text\">Blindes tambi\u00e9n fabrica puertas para b\u00f3vedas bancarias de alt\u00edsima seguridad<\/figcaption><\/figure>\n<\/li>\n<li>Resistente a la penetraci\u00f3n de proyectiles en los niveles I, II y III de la norma UL.752 (Underwrites Laboratories Inc. U.S.A). y no otra anterior (derogada), a trav\u00e9s de un laboratorio homologado y un organismo certificador oficial. Aseg\u00farese bien de que el certificado es aut\u00e9ntico.<\/li>\n<\/ul>\n\n\n<figure class=\"wp-block-table\"><table><tbody><tr><td><a href=\"https:\/\/seguridadblindes.com\/?page_id=40\"><img loading=\"lazy\" width=\"196\" height=\"279\" class=\"wp-image-1635\" style=\"width: 150px;\" src=\"https:\/\/seguridadblindes.com\/wp-content\/uploads\/2020\/06\/ventanas_blindadas-1.jpg\" alt=\"vidrios blindados\"><\/a> <a href=\"https:\/\/seguridadblindes.com\/?page_id=536\"><img loading=\"lazy\" width=\"196\" height=\"279\" class=\"wp-image-1633\" style=\"width: 150px;\" src=\"https:\/\/seguridadblindes.com\/wp-content\/uploads\/2020\/06\/garitas_seguridad-1.jpg\" alt=\"garitas seguridad\"><\/a> <a href=\"https:\/\/seguridadblindes.com\/?page_id=539\"><img loading=\"lazy\" width=\"196\" height=\"279\" class=\"wp-image-1634\" style=\"width: 150px;\" src=\"https:\/\/seguridadblindes.com\/wp-content\/uploads\/2020\/06\/puertas_blindadas-1.jpg\" alt=\"puertas blindadas\"><\/a><\/td><\/tr><\/tbody><\/table><\/figure>\n","protected":false},"excerpt":{"rendered":"<p>Diferencias entre puertas de seguridad y puertas \u00abblindadas\u00bbEn el mercado existen varios tipos de puertas de seguridad muy efectivas y elegantes. Cualquier ne\u00f3fito en el&hellip;<\/p>\n","protected":false},"author":1,"featured_media":0,"parent":0,"menu_order":0,"comment_status":"closed","ping_status":"closed","template":"","meta":[],"_links":{"self":[{"href":"https:\/\/seguridadblindes.com\/index.php?rest_route=\/wp\/v2\/pages\/539"}],"collection":[{"href":"https:\/\/seguridadblindes.com\/index.php?rest_route=\/wp\/v2\/pages"}],"about":[{"href":"https:\/\/seguridadblindes.com\/index.php?rest_route=\/wp\/v2\/types\/page"}],"author":[{"embeddable":true,"href":"https:\/\/seguridadblindes.com\/index.php?rest_route=\/wp\/v2\/users\/1"}],"replies":[{"embeddable":true,"href":"https:\/\/seguridadblindes.com\/index.php?rest_route=%2Fwp%2Fv2%2Fcomments&post=539"}],"version-history":[{"count":22,"href":"https:\/\/seguridadblindes.com\/index.php?rest_route=\/wp\/v2\/pages\/539\/revisions"}],"predecessor-version":[{"id":13094,"href":"https:\/\/seguridadblindes.com\/index.php?rest_route=\/wp\/v2\/pages\/539\/revisions\/13094"}],"wp:attachment":[{"href":"https:\/\/seguridadblindes.com\/index.php?rest_route=%2Fwp%2Fv2%2Fmedia&parent=539"}],"curies":[{"name":"wp","href":"https:\/\/api.w.org\/{rel}","templated":true}]}}