{"id":550,"date":"2020-05-30T21:04:39","date_gmt":"2020-05-30T21:04:39","guid":{"rendered":"https:\/\/seguridadblindes.com\/?page_id=550"},"modified":"2026-04-08T05:07:37","modified_gmt":"2026-04-08T05:07:37","slug":"panel-japones","status":"publish","type":"page","link":"https:\/\/seguridadblindes.com\/?page_id=550","title":{"rendered":"Panel Japon\u00e9s"},"content":{"rendered":"<p><img loading=\"lazy\" class=\"size-medium wp-image-922 alignleft\" src=\"https:\/\/seguridadblindes.com\/wp-content\/uploads\/2020\/06\/cortina_panel_japones6-300x200.jpg\" alt=\"Panel Japon\u00e9s\" width=\"300\" height=\"200\" srcset=\"https:\/\/seguridadblindes.com\/wp-content\/uploads\/2020\/06\/cortina_panel_japones6-300x200.jpg 300w, https:\/\/seguridadblindes.com\/wp-content\/uploads\/2020\/06\/cortina_panel_japones6.jpg 326w\" sizes=\"(max-width: 300px) 100vw, 300px\" \/>La l\u00ednea de panel Japon\u00e9s define tendencias de dise\u00f1o moderno y vers\u00e1til que <a href=\"https:\/\/www.repliquedesmontres.me\/\">montres r\u00e9pliques<\/a> se adapta de manera impecable a cada ambiente.<\/p>\n<p>Un producto minimalista y limpio especial para puertaventanas y para grandes ventanas de piso a techo. Se fabrican con <a href=\"https:\/\/www.toplevelwatch.com\/\">replica Rolex<\/a> diferentes tipos de recogida y en una gran cantidad de tejidos, est\u00e1 disponible en gran variedad de telas entre las cuales hay diferentes colecciones se puede solicitar en telas combinadas.<br \/>Se puede fabricar de manera que todos los telas queden recogiendo a la derecha, a la izquierda, a los extremos o al centro, seg\u00fan <a href=\"https:\/\/www.watchesetc.nl\/\">Fake Rolex<\/a> las caracter\u00edsticas de cada espacio.<br \/>Se fabrican en rieles de 2, 3, 4, 5 y hasta 6 v\u00edas lo cual permite tener desde 2 hasta 10 telas en una misma cortina.<\/p>\n\n\n<figure class=\"wp-block-gallery aligncenter columns-3 is-cropped\"><ul class=\"blocks-gallery-grid\"><li class=\"blocks-gallery-item\"><figure><img loading=\"lazy\" width=\"300\" height=\"216\" src=\"https:\/\/seguridadblindes.com\/wp-content\/uploads\/2020\/06\/cortina_panel_japones7.jpg\" alt=\"panel japones\" data-id=\"913\" data-link=\"https:\/\/seguridadblindes.com\/?attachment_id=913\" class=\"wp-image-913\"\/><\/figure><\/li><li class=\"blocks-gallery-item\"><figure><img loading=\"lazy\" width=\"343\" height=\"217\" src=\"https:\/\/seguridadblindes.com\/wp-content\/uploads\/2020\/06\/cortina_panel_japones8.jpg\" alt=\"\" data-id=\"914\" data-link=\"https:\/\/seguridadblindes.com\/?attachment_id=914\" class=\"wp-image-914\" srcset=\"https:\/\/seguridadblindes.com\/wp-content\/uploads\/2020\/06\/cortina_panel_japones8.jpg 343w, https:\/\/seguridadblindes.com\/wp-content\/uploads\/2020\/06\/cortina_panel_japones8-300x190.jpg 300w\" sizes=\"(max-width: 343px) 100vw, 343px\" \/><\/figure><\/li><li class=\"blocks-gallery-item\"><figure><img loading=\"lazy\" width=\"248\" height=\"217\" src=\"https:\/\/seguridadblindes.com\/wp-content\/uploads\/2020\/06\/cortina_panel_japones9.jpg\" alt=\"\" data-id=\"915\" data-link=\"https:\/\/seguridadblindes.com\/?attachment_id=915\" class=\"wp-image-915\"\/><\/figure><\/li><li class=\"blocks-gallery-item\"><figure><img loading=\"lazy\" width=\"259\" height=\"217\" src=\"https:\/\/seguridadblindes.com\/wp-content\/uploads\/2020\/06\/cortina_panel_japones10.jpg\" alt=\"\" data-id=\"916\" data-link=\"https:\/\/seguridadblindes.com\/?attachment_id=916\" class=\"wp-image-916\"\/><\/figure><\/li><li class=\"blocks-gallery-item\"><figure><img loading=\"lazy\" width=\"297\" height=\"217\" src=\"https:\/\/seguridadblindes.com\/wp-content\/uploads\/2020\/06\/cortina_panel_japones1.jpg\" alt=\"\" data-id=\"917\" data-link=\"https:\/\/seguridadblindes.com\/?attachment_id=917\" class=\"wp-image-917\"\/><\/figure><\/li><li class=\"blocks-gallery-item\"><figure><img loading=\"lazy\" width=\"300\" height=\"217\" src=\"https:\/\/seguridadblindes.com\/wp-content\/uploads\/2020\/06\/cortina_panel_japones2.jpg\" alt=\"\" data-id=\"918\" data-link=\"https:\/\/seguridadblindes.com\/?attachment_id=918\" class=\"wp-image-918\"\/><\/figure><\/li><li class=\"blocks-gallery-item\"><figure><img loading=\"lazy\" width=\"300\" height=\"217\" src=\"https:\/\/seguridadblindes.com\/wp-content\/uploads\/2020\/06\/cortina_panel_japones3.jpg\" alt=\"\" data-id=\"919\" data-link=\"https:\/\/seguridadblindes.com\/?attachment_id=919\" class=\"wp-image-919\"\/><\/figure><\/li><li class=\"blocks-gallery-item\"><figure><img loading=\"lazy\" width=\"300\" height=\"217\" src=\"https:\/\/seguridadblindes.com\/wp-content\/uploads\/2020\/06\/cortina_panel_japones4.jpg\" alt=\"\" data-id=\"920\" data-link=\"https:\/\/seguridadblindes.com\/?attachment_id=920\" class=\"wp-image-920\"\/><\/figure><\/li><li class=\"blocks-gallery-item\"><figure><img loading=\"lazy\" width=\"300\" height=\"217\" src=\"https:\/\/seguridadblindes.com\/wp-content\/uploads\/2020\/06\/cortina_panel_japones5.jpg\" alt=\"\" data-id=\"921\" data-link=\"https:\/\/seguridadblindes.com\/?attachment_id=921\" class=\"wp-image-921\"\/><\/figure><\/li><\/ul><\/figure>\n\n\n\n<figure class=\"wp-block-table\"><table><tbody><tr><td><a href=\"https:\/\/seguridadblindes.com\/?page_id=590\"><img loading=\"lazy\" width=\"196\" height=\"279\" class=\"wp-image-1594\" style=\"width: 150px;\" src=\"https:\/\/seguridadblindes.com\/wp-content\/uploads\/2020\/06\/cortinas_sheer_blindes.jpg\" alt=\"cortinas Sheer\"><\/a> <a href=\"https:\/\/seguridadblindes.com\/?page_id=1105\"><img loading=\"lazy\" width=\"196\" height=\"279\" class=\"wp-image-1597\" style=\"width: 150px;\" src=\"https:\/\/seguridadblindes.com\/wp-content\/uploads\/2020\/06\/enrollable_blindes.jpg\" alt=\"enrollable\"><\/a><a href=\"https:\/\/seguridadblindes.com\/?page_id=550\"><img loading=\"lazy\" width=\"196\" height=\"279\" class=\"wp-image-1591\" style=\"width: 150px;\" src=\"https:\/\/seguridadblindes.com\/wp-content\/uploads\/2020\/06\/cortinas_japones_blindes.jpg\" alt=\"cortinas_japones\"><\/a> <a href=\"https:\/\/seguridadblindes.com\/?page_id=605\"><img loading=\"lazy\" width=\"196\" height=\"279\" class=\"wp-image-1593\" style=\"width: 150px;\" src=\"https:\/\/seguridadblindes.com\/wp-content\/uploads\/2020\/06\/cortinas_romana_blindes.jpg\" alt=\"cortinas_romana\"><\/a> <a href=\"https:\/\/seguridadblindes.com\/?page_id=616\"><img loading=\"lazy\" width=\"196\" height=\"279\" class=\"wp-image-1590\" style=\"width: 150px;\" src=\"https:\/\/seguridadblindes.com\/wp-content\/uploads\/2020\/06\/cortinas_blackout_blindes.jpg\" alt=\"cortinas_blackout\"><\/a> <a href=\"https:\/\/seguridadblindes.com\/?page_id=1086\"><img loading=\"lazy\" width=\"196\" height=\"279\" class=\"wp-image-1598\" style=\"width: 150px;\" src=\"https:\/\/seguridadblindes.com\/wp-content\/uploads\/2020\/06\/madera_blindes.jpg\" alt=\"persiana en madera\"><\/a> <a href=\"https:\/\/seguridadblindes.com\/?page_id=630\"><img loading=\"lazy\" width=\"196\" height=\"279\" class=\"wp-image-1592\" style=\"width: 150px;\" src=\"https:\/\/seguridadblindes.com\/wp-content\/uploads\/2020\/06\/cortinas_motorizada_blindes.jpg\" alt=\"cortinas_motorizada\"><\/a> <a href=\"https:\/\/seguridadblindes.com\/?page_id=1192\"><img loading=\"lazy\" width=\"196\" height=\"279\" class=\"wp-image-1596\" style=\"width: 150px;\" src=\"https:\/\/seguridadblindes.com\/wp-content\/uploads\/2020\/06\/domotica_blindes.jpg\" alt=\"domotica\"><\/a> <a href=\"https:\/\/seguridadblindes.com\/?page_id=1237\"><img loading=\"lazy\" width=\"196\" height=\"279\" class=\"wp-image-1599\" style=\"width: 150px;\" src=\"https:\/\/seguridadblindes.com\/wp-content\/uploads\/2020\/06\/pelicula_control_blindes.jpg\" alt=\"pelicula control solar\"><\/a> <a href=\"https:\/\/seguridadblindes.com\/?page_id=1282\"><img loading=\"lazy\" width=\"196\" height=\"279\" class=\"wp-image-1595\" style=\"width: 150px;\" src=\"https:\/\/seguridadblindes.com\/wp-content\/uploads\/2020\/06\/division-bano_blindes.jpg\" alt=\"division bano\"><\/a> <a href=\"https:\/\/seguridadblindes.com\/?page_id=1496\"><img loading=\"lazy\" width=\"196\" height=\"279\" class=\"wp-image-1607\" style=\"width: 150px;\" src=\"https:\/\/seguridadblindes.com\/wp-content\/uploads\/2020\/06\/cortinas_antifluidos.jpg\" alt=\"cortinas antiflu\u00eddos\"><\/a> <a href=\"https:\/\/seguridadblindes.com\/?page_id=1078&amp;preview=true\"><img loading=\"lazy\" width=\"196\" height=\"279\" class=\"wp-image-1601\" style=\"width: 150px;\" src=\"https:\/\/seguridadblindes.com\/wp-content\/uploads\/2020\/06\/toldos_blindes.jpg\" alt=\"toldos\"><\/a> <a href=\"https:\/\/seguridadblindes.com\/?page_id=1153\"><img loading=\"lazy\" width=\"196\" height=\"279\" class=\"wp-image-1589\" style=\"width: 150px;\" src=\"https:\/\/seguridadblindes.com\/wp-content\/uploads\/2020\/06\/claraboya_blindes.jpg\" alt=\"claraboya\"><\/a>  <a href=\"https:\/\/seguridadblindes.com\/?page_id=382#cortinas\"><img loading=\"lazy\" width=\"196\" height=\"279\" class=\"wp-image-1600\" style=\"width: 150px;\" src=\"https:\/\/seguridadblindes.com\/wp-content\/uploads\/2020\/06\/servicio_cortinas_blindes.jpg\" alt=\"servicio cortinas\"><\/a><\/td><\/tr><\/tbody><\/table><\/figure>\n","protected":false},"excerpt":{"rendered":"<p>La l\u00ednea de panel Japon\u00e9s define tendencias de dise\u00f1o moderno y vers\u00e1til que montres r\u00e9pliques se adapta de manera impecable a cada ambiente. Un producto&hellip;<\/p>\n","protected":false},"author":1,"featured_media":0,"parent":0,"menu_order":0,"comment_status":"closed","ping_status":"closed","template":"","meta":[],"_links":{"self":[{"href":"https:\/\/seguridadblindes.com\/index.php?rest_route=\/wp\/v2\/pages\/550"}],"collection":[{"href":"https:\/\/seguridadblindes.com\/index.php?rest_route=\/wp\/v2\/pages"}],"about":[{"href":"https:\/\/seguridadblindes.com\/index.php?rest_route=\/wp\/v2\/types\/page"}],"author":[{"embeddable":true,"href":"https:\/\/seguridadblindes.com\/index.php?rest_route=\/wp\/v2\/users\/1"}],"replies":[{"embeddable":true,"href":"https:\/\/seguridadblindes.com\/index.php?rest_route=%2Fwp%2Fv2%2Fcomments&post=550"}],"version-history":[{"count":13,"href":"https:\/\/seguridadblindes.com\/index.php?rest_route=\/wp\/v2\/pages\/550\/revisions"}],"predecessor-version":[{"id":13097,"href":"https:\/\/seguridadblindes.com\/index.php?rest_route=\/wp\/v2\/pages\/550\/revisions\/13097"}],"wp:attachment":[{"href":"https:\/\/seguridadblindes.com\/index.php?rest_route=%2Fwp%2Fv2%2Fmedia&parent=550"}],"curies":[{"name":"wp","href":"https:\/\/api.w.org\/{rel}","templated":true}]}}