{"id":590,"date":"2020-05-30T23:20:39","date_gmt":"2020-05-30T23:20:39","guid":{"rendered":"https:\/\/seguridadblindes.com\/?page_id=590"},"modified":"2020-06-20T23:37:18","modified_gmt":"2020-06-20T23:37:18","slug":"cortinas-sheer","status":"publish","type":"page","link":"https:\/\/seguridadblindes.com\/?page_id=590","title":{"rendered":"Cortinas"},"content":{"rendered":"\n<figure class=\"wp-block-table\"><table><tbody><tr><td><a href=\"https:\/\/seguridadblindes.com\/?page_id=590\"><img loading=\"lazy\" width=\"196\" height=\"279\" class=\"wp-image-1594\" style=\"width: 150px;\" src=\"https:\/\/seguridadblindes.com\/wp-content\/uploads\/2020\/06\/cortinas_sheer_blindes.jpg\" alt=\"cortinas Sheer\"><\/a> <a href=\"https:\/\/seguridadblindes.com\/?page_id=1105\"><img loading=\"lazy\" width=\"196\" height=\"279\" class=\"wp-image-1597\" style=\"width: 150px;\" src=\"https:\/\/seguridadblindes.com\/wp-content\/uploads\/2020\/06\/enrollable_blindes.jpg\" alt=\"enrollable\"><\/a><a href=\"https:\/\/seguridadblindes.com\/?page_id=550\"><img loading=\"lazy\" width=\"196\" height=\"279\" class=\"wp-image-1591\" style=\"width: 150px;\" src=\"https:\/\/seguridadblindes.com\/wp-content\/uploads\/2020\/06\/cortinas_japones_blindes.jpg\" alt=\"cortinas_japones\"><\/a> <a href=\"https:\/\/seguridadblindes.com\/?page_id=605\"><img loading=\"lazy\" width=\"196\" height=\"279\" class=\"wp-image-1593\" style=\"width: 150px;\" src=\"https:\/\/seguridadblindes.com\/wp-content\/uploads\/2020\/06\/cortinas_romana_blindes.jpg\" alt=\"cortinas_romana\"><\/a> <a href=\"https:\/\/seguridadblindes.com\/?page_id=616\"><img loading=\"lazy\" width=\"196\" height=\"279\" class=\"wp-image-1590\" style=\"width: 150px;\" src=\"https:\/\/seguridadblindes.com\/wp-content\/uploads\/2020\/06\/cortinas_blackout_blindes.jpg\" alt=\"cortinas_blackout\"><\/a> <a href=\"https:\/\/seguridadblindes.com\/?page_id=1086\"><img loading=\"lazy\" width=\"196\" height=\"279\" class=\"wp-image-1598\" style=\"width: 150px;\" src=\"https:\/\/seguridadblindes.com\/wp-content\/uploads\/2020\/06\/madera_blindes.jpg\" alt=\"persiana en madera\"><\/a> <a href=\"https:\/\/seguridadblindes.com\/?page_id=630\"><img loading=\"lazy\" width=\"196\" height=\"279\" class=\"wp-image-1592\" style=\"width: 150px;\" src=\"https:\/\/seguridadblindes.com\/wp-content\/uploads\/2020\/06\/cortinas_motorizada_blindes.jpg\" alt=\"cortinas_motorizada\"><\/a> <a href=\"https:\/\/seguridadblindes.com\/?page_id=1192\"><img loading=\"lazy\" width=\"196\" height=\"279\" class=\"wp-image-1596\" style=\"width: 150px;\" src=\"https:\/\/seguridadblindes.com\/wp-content\/uploads\/2020\/06\/domotica_blindes.jpg\" alt=\"domotica\"><\/a> <a href=\"https:\/\/seguridadblindes.com\/?page_id=1237\"><img loading=\"lazy\" width=\"196\" height=\"279\" class=\"wp-image-1599\" style=\"width: 150px;\" src=\"https:\/\/seguridadblindes.com\/wp-content\/uploads\/2020\/06\/pelicula_control_blindes.jpg\" alt=\"pelicula control solar\"><\/a> <a href=\"https:\/\/seguridadblindes.com\/?page_id=1282\"><img loading=\"lazy\" width=\"196\" height=\"279\" class=\"wp-image-1595\" style=\"width: 150px;\" src=\"https:\/\/seguridadblindes.com\/wp-content\/uploads\/2020\/06\/division-bano_blindes.jpg\" alt=\"division bano\"><\/a> <a href=\"https:\/\/seguridadblindes.com\/?page_id=1496\"><img loading=\"lazy\" width=\"196\" height=\"279\" class=\"wp-image-1607\" style=\"width: 150px;\" src=\"https:\/\/seguridadblindes.com\/wp-content\/uploads\/2020\/06\/cortinas_antifluidos.jpg\" alt=\"cortinas antiflu\u00eddos\"><\/a> <a href=\"https:\/\/seguridadblindes.com\/?page_id=1078&amp;preview=true\"><img loading=\"lazy\" width=\"196\" height=\"279\" class=\"wp-image-1601\" style=\"width: 150px;\" src=\"https:\/\/seguridadblindes.com\/wp-content\/uploads\/2020\/06\/toldos_blindes.jpg\" alt=\"toldos\"><\/a> <a href=\"https:\/\/seguridadblindes.com\/?page_id=1153\"><img loading=\"lazy\" width=\"196\" height=\"279\" class=\"wp-image-1589\" style=\"width: 150px;\" src=\"https:\/\/seguridadblindes.com\/wp-content\/uploads\/2020\/06\/claraboya_blindes.jpg\" alt=\"claraboya\"><\/a>  <a href=\"https:\/\/seguridadblindes.com\/?page_id=382#cortinas\"><img loading=\"lazy\" width=\"196\" height=\"279\" class=\"wp-image-1600\" style=\"width: 150px;\" src=\"https:\/\/seguridadblindes.com\/wp-content\/uploads\/2020\/06\/servicio_cortinas_blindes.jpg\" alt=\"servicio cortinas\"><\/a><\/td><\/tr><\/tbody><\/table><\/figure>\n\n\n<h4><strong><span style=\"color: #800000;\">Sheer Elegance<\/span><\/strong><\/h4>\n<p><img loading=\"lazy\" class=\"size-medium wp-image-592 alignleft\" src=\"https:\/\/seguridadblindes.com\/wp-content\/uploads\/2020\/05\/cortina_Sheer_1-300x155.jpg\" alt=\"cortina Sheer\" width=\"300\" height=\"155\" srcset=\"https:\/\/seguridadblindes.com\/wp-content\/uploads\/2020\/05\/cortina_Sheer_1-300x155.jpg 300w, https:\/\/seguridadblindes.com\/wp-content\/uploads\/2020\/05\/cortina_Sheer_1.jpg 400w\" sizes=\"(max-width: 300px) 100vw, 300px\" \/>Cortinas de dise\u00f1o exclusivo en donde la tela se destaca puesto que est\u00e1 compuesta por dos capas de tela sheer, unidad por l\u00e1minas horizontales de poli\u00e9ster, que giran controlando la estrada de luz y los niveles de privacidad.<br \/>La l\u00ednea Sheer est\u00e1 compuesta por telones en tejido opacos y en velos que se intercalan horizontalmente y permiten un perfecto control del paso de la luz.<br \/>Excelente visibilidad del exterior durante el d\u00eda, filtrando la luz solar y manteniendo la privacidad del interior.<\/p>\n<p>\u00a0<\/p>\n\n\n<blockquote class=\"wp-block-quote is-style-large\"><p><span class=\"has-inline-color has-vivid-red-color\">La l\u00ednea Sheer est\u00e1 compuesta por telones en tejido opacos y en velos<\/span><\/p><\/blockquote>\n\n\n<p><img loading=\"lazy\" class=\"alignnone size-full wp-image-900\" src=\"https:\/\/seguridadblindes.com\/wp-content\/uploads\/2020\/06\/cortina_Sheer_2.jpg\" alt=\"cortina Sheer\" width=\"223\" height=\"300\"> <img loading=\"lazy\" class=\"alignnone size-medium wp-image-901\" src=\"https:\/\/seguridadblindes.com\/wp-content\/uploads\/2020\/06\/cortina_Sheer_3-300x300.jpg\" alt=\"cortina Sheer\" width=\"300\" height=\"300\" srcset=\"https:\/\/seguridadblindes.com\/wp-content\/uploads\/2020\/06\/cortina_Sheer_3.jpg 300w, https:\/\/seguridadblindes.com\/wp-content\/uploads\/2020\/06\/cortina_Sheer_3-150x150.jpg 150w\" sizes=\"(max-width: 300px) 100vw, 300px\" \/> <img loading=\"lazy\" class=\"alignnone size-medium wp-image-902\" src=\"https:\/\/seguridadblindes.com\/wp-content\/uploads\/2020\/06\/cortina_Sheer_4-300x232.jpg\" alt=\"cortina Sheer\" width=\"300\" height=\"232\" srcset=\"https:\/\/seguridadblindes.com\/wp-content\/uploads\/2020\/06\/cortina_Sheer_4-300x232.jpg 300w, https:\/\/seguridadblindes.com\/wp-content\/uploads\/2020\/06\/cortina_Sheer_4.jpg 388w\" sizes=\"(max-width: 300px) 100vw, 300px\" \/>&nbsp;<\/p>\n<p><img loading=\"lazy\" class=\"alignnone size-medium wp-image-903\" src=\"https:\/\/seguridadblindes.com\/wp-content\/uploads\/2020\/06\/cortina_Sheer_5-300x300.jpg\" alt=\"cortina Sheer\" width=\"300\" height=\"300\" srcset=\"https:\/\/seguridadblindes.com\/wp-content\/uploads\/2020\/06\/cortina_Sheer_5.jpg 300w, https:\/\/seguridadblindes.com\/wp-content\/uploads\/2020\/06\/cortina_Sheer_5-150x150.jpg 150w\" sizes=\"(max-width: 300px) 100vw, 300px\" \/> <img loading=\"lazy\" class=\"alignnone size-medium wp-image-904\" src=\"https:\/\/seguridadblindes.com\/wp-content\/uploads\/2020\/06\/cortina_Sheer_6-300x199.jpg\" alt=\"cortina Sheer\" width=\"300\" height=\"199\" srcset=\"https:\/\/seguridadblindes.com\/wp-content\/uploads\/2020\/06\/cortina_Sheer_6-300x199.jpg 300w, https:\/\/seguridadblindes.com\/wp-content\/uploads\/2020\/06\/cortina_Sheer_6.jpg 453w\" sizes=\"(max-width: 300px) 100vw, 300px\" \/> <img loading=\"lazy\" class=\"alignnone size-medium wp-image-905\" src=\"https:\/\/seguridadblindes.com\/wp-content\/uploads\/2020\/06\/cortina_Sheer_7-300x300.jpg\" alt=\"cortina Sheer\" width=\"300\" height=\"300\" srcset=\"https:\/\/seguridadblindes.com\/wp-content\/uploads\/2020\/06\/cortina_Sheer_7.jpg 300w, https:\/\/seguridadblindes.com\/wp-content\/uploads\/2020\/06\/cortina_Sheer_7-150x150.jpg 150w\" sizes=\"(max-width: 300px) 100vw, 300px\" \/><\/p>\n<p><img loading=\"lazy\" class=\"alignnone size-medium wp-image-907\" src=\"https:\/\/seguridadblindes.com\/wp-content\/uploads\/2020\/06\/cortina_Sheer_8-300x190.jpg\" alt=\"cortina Sheer\" width=\"300\" height=\"190\" srcset=\"https:\/\/seguridadblindes.com\/wp-content\/uploads\/2020\/06\/cortina_Sheer_8-300x190.jpg 300w, https:\/\/seguridadblindes.com\/wp-content\/uploads\/2020\/06\/cortina_Sheer_8.jpg 474w\" sizes=\"(max-width: 300px) 100vw, 300px\" \/> <img loading=\"lazy\" class=\"alignnone size-full wp-image-908\" src=\"https:\/\/seguridadblindes.com\/wp-content\/uploads\/2020\/06\/cortina_Sheer_9.jpg\" alt=\"cortina Sheer\" width=\"222\" height=\"300\"> <img loading=\"lazy\" class=\"alignnone size-medium wp-image-909\" src=\"https:\/\/seguridadblindes.com\/wp-content\/uploads\/2020\/06\/cortina_Sheer_10-300x264.jpg\" alt=\"cortina Sheer\" width=\"300\" height=\"264\" srcset=\"https:\/\/seguridadblindes.com\/wp-content\/uploads\/2020\/06\/cortina_Sheer_10-300x264.jpg 300w, https:\/\/seguridadblindes.com\/wp-content\/uploads\/2020\/06\/cortina_Sheer_10.jpg 341w\" sizes=\"(max-width: 300px) 100vw, 300px\" \/><\/p>\n\n\n<h2><\/h2>\n\n\n<h2 class=\"titlebar-title h4\"><strong><span style=\"color: #800000;\">Sheer Screen<\/span><\/strong><\/h2>\n<p><img loading=\"lazy\" class=\"size-medium wp-image-581 alignleft\" src=\"https:\/\/seguridadblindes.com\/wp-content\/uploads\/2020\/05\/cortina_Sheer_Screen8-300x300.jpg\" alt=\"cortina Sheer Screen\" width=\"300\" height=\"300\" srcset=\"https:\/\/seguridadblindes.com\/wp-content\/uploads\/2020\/05\/cortina_Sheer_Screen8-300x300.jpg 300w, https:\/\/seguridadblindes.com\/wp-content\/uploads\/2020\/05\/cortina_Sheer_Screen8-150x150.jpg 150w, https:\/\/seguridadblindes.com\/wp-content\/uploads\/2020\/05\/cortina_Sheer_Screen8.jpg 341w\" sizes=\"(max-width: 300px) 100vw, 300px\" \/>Cortinas de dise\u00f1o exclusivo en donde la tela se destaca puesto que est\u00e1 compuesta por dos capas de tela sheer, unidad por l\u00e1minas horizontales de poli\u00e9ster, que giran controlando la estrada de luz y los niveles de privacidad.<br>La l\u00ednea Sheer est\u00e1 compuesta por telones en tejido opacos y en velos que se intercalan horizontalmente y permiten un perfecto control del paso de la luz.<\/p>\n<p>Las cortinas screen son probamente el modelo de cortina m\u00e1s actual y funcional ideales para el control de la luz en las habitaciones y sin ning\u00fan tipo de mantenimiento con una gran variedad de tejidos para estores como filtros solar, screen, blackout, opacos, para todo tipo de ambientes y necesidades.<\/p>\n<p>Las distintas aperturas nos van a permitir controlar la entrada de la luz y la visibilidad hacia el exterior con diferentes accionamiento, protecci\u00f3n y filtro solar.<br>Excelente visibilidad del exterior durante el d\u00eda, filtrando la luz solar y manteniendo la privacidad del interior.<\/p>\n<p><\/p>\n\n\n<blockquote class=\"wp-block-quote is-style-large\"><p><span class=\"has-inline-color has-vivid-red-color\">Las cortinas Sheer Screen son probamente el modelo de cortina m\u00e1s actual y funcional<\/span><\/p><\/blockquote>\n\n\n\n<figure class=\"wp-block-gallery columns-3 is-cropped\"><ul class=\"blocks-gallery-grid\"><li class=\"blocks-gallery-item\"><figure><img loading=\"lazy\" width=\"344\" height=\"347\" src=\"https:\/\/seguridadblindes.com\/wp-content\/uploads\/2020\/05\/cortina_Sheer_Screen3.jpg\" alt=\"cortina Sheer Screen\" data-id=\"570\" data-full-url=\"https:\/\/seguridadblindes.com\/wp-content\/uploads\/2020\/05\/cortina_Sheer_Screen3.jpg\" data-link=\"https:\/\/seguridadblindes.com\/?attachment_id=570\" class=\"wp-image-570\" srcset=\"https:\/\/seguridadblindes.com\/wp-content\/uploads\/2020\/05\/cortina_Sheer_Screen3.jpg 344w, https:\/\/seguridadblindes.com\/wp-content\/uploads\/2020\/05\/cortina_Sheer_Screen3-297x300.jpg 297w, https:\/\/seguridadblindes.com\/wp-content\/uploads\/2020\/05\/cortina_Sheer_Screen3-150x150.jpg 150w\" sizes=\"(max-width: 344px) 100vw, 344px\" \/><\/figure><\/li><li class=\"blocks-gallery-item\"><figure><img loading=\"lazy\" width=\"344\" height=\"347\" src=\"https:\/\/seguridadblindes.com\/wp-content\/uploads\/2020\/05\/cortina_Sheer_Screen4.jpg\" alt=\"\" data-id=\"571\" data-full-url=\"https:\/\/seguridadblindes.com\/wp-content\/uploads\/2020\/05\/cortina_Sheer_Screen4.jpg\" data-link=\"https:\/\/seguridadblindes.com\/?attachment_id=571\" class=\"wp-image-571\" srcset=\"https:\/\/seguridadblindes.com\/wp-content\/uploads\/2020\/05\/cortina_Sheer_Screen4.jpg 344w, https:\/\/seguridadblindes.com\/wp-content\/uploads\/2020\/05\/cortina_Sheer_Screen4-297x300.jpg 297w, https:\/\/seguridadblindes.com\/wp-content\/uploads\/2020\/05\/cortina_Sheer_Screen4-150x150.jpg 150w\" sizes=\"(max-width: 344px) 100vw, 344px\" \/><\/figure><\/li><li class=\"blocks-gallery-item\"><figure><img loading=\"lazy\" width=\"342\" height=\"344\" src=\"https:\/\/seguridadblindes.com\/wp-content\/uploads\/2020\/05\/cortina_Sheer_Screen5.jpg\" alt=\"Cortina Sheer Screen\" data-id=\"572\" data-full-url=\"https:\/\/seguridadblindes.com\/wp-content\/uploads\/2020\/05\/cortina_Sheer_Screen5.jpg\" data-link=\"https:\/\/seguridadblindes.com\/?attachment_id=572\" class=\"wp-image-572\" srcset=\"https:\/\/seguridadblindes.com\/wp-content\/uploads\/2020\/05\/cortina_Sheer_Screen5.jpg 342w, https:\/\/seguridadblindes.com\/wp-content\/uploads\/2020\/05\/cortina_Sheer_Screen5-298x300.jpg 298w, https:\/\/seguridadblindes.com\/wp-content\/uploads\/2020\/05\/cortina_Sheer_Screen5-150x150.jpg 150w\" sizes=\"(max-width: 342px) 100vw, 342px\" \/><\/figure><\/li><li class=\"blocks-gallery-item\"><figure><img loading=\"lazy\" width=\"341\" height=\"340\" src=\"https:\/\/seguridadblindes.com\/wp-content\/uploads\/2020\/05\/cortina_Sheer_Screen6.jpg\" alt=\"Cortina Sheer Screen\" data-id=\"573\" data-full-url=\"https:\/\/seguridadblindes.com\/wp-content\/uploads\/2020\/05\/cortina_Sheer_Screen6.jpg\" data-link=\"https:\/\/seguridadblindes.com\/?attachment_id=573\" class=\"wp-image-573\" srcset=\"https:\/\/seguridadblindes.com\/wp-content\/uploads\/2020\/05\/cortina_Sheer_Screen6.jpg 341w, https:\/\/seguridadblindes.com\/wp-content\/uploads\/2020\/05\/cortina_Sheer_Screen6-300x300.jpg 300w, https:\/\/seguridadblindes.com\/wp-content\/uploads\/2020\/05\/cortina_Sheer_Screen6-150x150.jpg 150w\" sizes=\"(max-width: 341px) 100vw, 341px\" \/><\/figure><\/li><li class=\"blocks-gallery-item\"><figure><img loading=\"lazy\" width=\"341\" height=\"340\" src=\"https:\/\/seguridadblindes.com\/wp-content\/uploads\/2020\/06\/cortina_Sheer_Screen2.jpg\" alt=\"Sheer Screen\" data-id=\"1280\" data-full-url=\"https:\/\/seguridadblindes.com\/wp-content\/uploads\/2020\/06\/cortina_Sheer_Screen2.jpg\" data-link=\"https:\/\/seguridadblindes.com\/?attachment_id=1280\" class=\"wp-image-1280\" srcset=\"https:\/\/seguridadblindes.com\/wp-content\/uploads\/2020\/06\/cortina_Sheer_Screen2.jpg 341w, https:\/\/seguridadblindes.com\/wp-content\/uploads\/2020\/06\/cortina_Sheer_Screen2-300x300.jpg 300w, https:\/\/seguridadblindes.com\/wp-content\/uploads\/2020\/06\/cortina_Sheer_Screen2-150x150.jpg 150w\" sizes=\"(max-width: 341px) 100vw, 341px\" \/><\/figure><\/li><li class=\"blocks-gallery-item\"><figure><img loading=\"lazy\" width=\"300\" height=\"300\" src=\"https:\/\/seguridadblindes.com\/wp-content\/uploads\/2020\/06\/cortina_Sheer_Screen.jpg\" alt=\"Sheer Screen\" data-id=\"1278\" data-full-url=\"https:\/\/seguridadblindes.com\/wp-content\/uploads\/2020\/06\/cortina_Sheer_Screen.jpg\" data-link=\"https:\/\/seguridadblindes.com\/?attachment_id=1278\" class=\"wp-image-1278\" srcset=\"https:\/\/seguridadblindes.com\/wp-content\/uploads\/2020\/06\/cortina_Sheer_Screen.jpg 300w, https:\/\/seguridadblindes.com\/wp-content\/uploads\/2020\/06\/cortina_Sheer_Screen-150x150.jpg 150w\" sizes=\"(max-width: 300px) 100vw, 300px\" \/><\/figure><\/li><\/ul><\/figure>\n\n\n\n<p><\/p>\n","protected":false},"excerpt":{"rendered":"<p>Sheer Elegance Cortinas de dise\u00f1o exclusivo en donde la tela se destaca puesto que est\u00e1 compuesta por dos capas de tela sheer, unidad por l\u00e1minas&hellip;<\/p>\n","protected":false},"author":1,"featured_media":0,"parent":0,"menu_order":0,"comment_status":"closed","ping_status":"closed","template":"","meta":[],"_links":{"self":[{"href":"https:\/\/seguridadblindes.com\/index.php?rest_route=\/wp\/v2\/pages\/590"}],"collection":[{"href":"https:\/\/seguridadblindes.com\/index.php?rest_route=\/wp\/v2\/pages"}],"about":[{"href":"https:\/\/seguridadblindes.com\/index.php?rest_route=\/wp\/v2\/types\/page"}],"author":[{"embeddable":true,"href":"https:\/\/seguridadblindes.com\/index.php?rest_route=\/wp\/v2\/users\/1"}],"replies":[{"embeddable":true,"href":"https:\/\/seguridadblindes.com\/index.php?rest_route=%2Fwp%2Fv2%2Fcomments&post=590"}],"version-history":[{"count":44,"href":"https:\/\/seguridadblindes.com\/index.php?rest_route=\/wp\/v2\/pages\/590\/revisions"}],"predecessor-version":[{"id":1611,"href":"https:\/\/seguridadblindes.com\/index.php?rest_route=\/wp\/v2\/pages\/590\/revisions\/1611"}],"wp:attachment":[{"href":"https:\/\/seguridadblindes.com\/index.php?rest_route=%2Fwp%2Fv2%2Fmedia&parent=590"}],"curies":[{"name":"wp","href":"https:\/\/api.w.org\/{rel}","templated":true}]}}