{"id":605,"date":"2020-05-30T23:42:33","date_gmt":"2020-05-30T23:42:33","guid":{"rendered":"https:\/\/seguridadblindes.com\/?page_id=605"},"modified":"2026-04-08T05:07:56","modified_gmt":"2026-04-08T05:07:56","slug":"romanas","status":"publish","type":"page","link":"https:\/\/seguridadblindes.com\/?page_id=605","title":{"rendered":"Romanas"},"content":{"rendered":"<p><img loading=\"lazy\" class=\"size-medium wp-image-607 alignleft\" src=\"https:\/\/seguridadblindes.com\/wp-content\/uploads\/2020\/05\/cortina_Romana1-300x205.jpg\" alt=\"cortina Romana\" width=\"300\" height=\"205\" srcset=\"https:\/\/seguridadblindes.com\/wp-content\/uploads\/2020\/05\/cortina_Romana1-300x205.jpg 300w, https:\/\/seguridadblindes.com\/wp-content\/uploads\/2020\/05\/cortina_Romana1.jpg 448w\" sizes=\"(max-width: 300px) 100vw, 300px\" \/>Con las persianas romanas podr\u00e1s cubrir grandes ventanales adem\u00e1s de dividir varias <a href=\"https:\/\/www.yak.me.uk\/\">replica watches UK<\/a> \u00e1reas, esta estructura logra combinar texturas, colores, formas o estilos .Una cortina <a href=\"https:\/\/www.watchesreplicaus.com\/\">replica Rolex Watches<\/a> Romana, est\u00e1 compuesta por un panel plegado en forma vertical, permite un sofisticado control de luz y privacidad. Las puedes encontrar <a href=\"https:\/\/www.bestreplica.net\/\">replica watches<\/a> disponibles en texturas, colores, estilos y telas, las persianas romanas se utilizan en habitaciones, ya que ofrece aspectos o entornos c\u00f3modos, elegantes y c\u00e1lidos.<\/p>\n<p>\u00a0<\/p>\n\n\n<h2><\/h2>\n\n\n\n<figure class=\"wp-block-gallery aligncenter columns-3 is-cropped\"><ul class=\"blocks-gallery-grid\"><li class=\"blocks-gallery-item\"><figure><img loading=\"lazy\" width=\"300\" height=\"300\" src=\"https:\/\/seguridadblindes.com\/wp-content\/uploads\/2020\/06\/cortina_Romana4.jpg\" alt=\"\" data-id=\"1054\" data-full-url=\"https:\/\/seguridadblindes.com\/wp-content\/uploads\/2020\/06\/cortina_Romana4.jpg\" data-link=\"https:\/\/seguridadblindes.com\/?attachment_id=1054\" class=\"wp-image-1054\" srcset=\"https:\/\/seguridadblindes.com\/wp-content\/uploads\/2020\/06\/cortina_Romana4.jpg 300w, https:\/\/seguridadblindes.com\/wp-content\/uploads\/2020\/06\/cortina_Romana4-150x150.jpg 150w\" sizes=\"(max-width: 300px) 100vw, 300px\" \/><\/figure><\/li><li class=\"blocks-gallery-item\"><figure><img loading=\"lazy\" width=\"300\" height=\"300\" src=\"https:\/\/seguridadblindes.com\/wp-content\/uploads\/2020\/06\/cortina_Romana6.jpg\" alt=\"\" data-id=\"1055\" data-full-url=\"https:\/\/seguridadblindes.com\/wp-content\/uploads\/2020\/06\/cortina_Romana6.jpg\" data-link=\"https:\/\/seguridadblindes.com\/?attachment_id=1055\" class=\"wp-image-1055\" srcset=\"https:\/\/seguridadblindes.com\/wp-content\/uploads\/2020\/06\/cortina_Romana6.jpg 300w, https:\/\/seguridadblindes.com\/wp-content\/uploads\/2020\/06\/cortina_Romana6-150x150.jpg 150w\" sizes=\"(max-width: 300px) 100vw, 300px\" \/><\/figure><\/li><li class=\"blocks-gallery-item\"><figure><img loading=\"lazy\" width=\"300\" height=\"300\" src=\"https:\/\/seguridadblindes.com\/wp-content\/uploads\/2020\/06\/cortina_Romana7.jpg\" alt=\"\" data-id=\"1057\" data-full-url=\"https:\/\/seguridadblindes.com\/wp-content\/uploads\/2020\/06\/cortina_Romana7.jpg\" data-link=\"https:\/\/seguridadblindes.com\/?attachment_id=1057\" class=\"wp-image-1057\" srcset=\"https:\/\/seguridadblindes.com\/wp-content\/uploads\/2020\/06\/cortina_Romana7.jpg 300w, https:\/\/seguridadblindes.com\/wp-content\/uploads\/2020\/06\/cortina_Romana7-150x150.jpg 150w\" sizes=\"(max-width: 300px) 100vw, 300px\" \/><\/figure><\/li><li class=\"blocks-gallery-item\"><figure><img loading=\"lazy\" width=\"300\" height=\"300\" src=\"https:\/\/seguridadblindes.com\/wp-content\/uploads\/2020\/06\/cortina_Romana2.jpg\" alt=\"cortina Romana\" data-id=\"1060\" data-full-url=\"https:\/\/seguridadblindes.com\/wp-content\/uploads\/2020\/06\/cortina_Romana2.jpg\" data-link=\"https:\/\/seguridadblindes.com\/?attachment_id=1060\" class=\"wp-image-1060\" srcset=\"https:\/\/seguridadblindes.com\/wp-content\/uploads\/2020\/06\/cortina_Romana2.jpg 300w, https:\/\/seguridadblindes.com\/wp-content\/uploads\/2020\/06\/cortina_Romana2-150x150.jpg 150w\" sizes=\"(max-width: 300px) 100vw, 300px\" \/><\/figure><\/li><li class=\"blocks-gallery-item\"><figure><img loading=\"lazy\" width=\"273\" height=\"300\" src=\"https:\/\/seguridadblindes.com\/wp-content\/uploads\/2020\/06\/cortina_Romana5.jpg\" alt=\"\" data-id=\"1062\" data-full-url=\"https:\/\/seguridadblindes.com\/wp-content\/uploads\/2020\/06\/cortina_Romana5.jpg\" data-link=\"https:\/\/seguridadblindes.com\/?attachment_id=1062\" class=\"wp-image-1062\"\/><\/figure><\/li><li class=\"blocks-gallery-item\"><figure><img loading=\"lazy\" width=\"230\" height=\"300\" src=\"https:\/\/seguridadblindes.com\/wp-content\/uploads\/2020\/06\/cortina_Romana3-1.jpg\" alt=\"cortina Romana\" data-id=\"1066\" data-full-url=\"https:\/\/seguridadblindes.com\/wp-content\/uploads\/2020\/06\/cortina_Romana3-1.jpg\" data-link=\"https:\/\/seguridadblindes.com\/?attachment_id=1066\" class=\"wp-image-1066\"\/><\/figure><\/li><\/ul><\/figure>\n\n\n\n<figure class=\"wp-block-table\"><table><tbody><tr><td><a href=\"https:\/\/seguridadblindes.com\/?page_id=590\"><img loading=\"lazy\" width=\"196\" height=\"279\" class=\"wp-image-1594\" style=\"width: 150px;\" src=\"https:\/\/seguridadblindes.com\/wp-content\/uploads\/2020\/06\/cortinas_sheer_blindes.jpg\" alt=\"cortinas Sheer\"><\/a> <a href=\"https:\/\/seguridadblindes.com\/?page_id=1105\"><img loading=\"lazy\" width=\"196\" height=\"279\" class=\"wp-image-1597\" style=\"width: 150px;\" src=\"https:\/\/seguridadblindes.com\/wp-content\/uploads\/2020\/06\/enrollable_blindes.jpg\" alt=\"enrollable\"><\/a><a href=\"https:\/\/seguridadblindes.com\/?page_id=550\"><img loading=\"lazy\" width=\"196\" height=\"279\" class=\"wp-image-1591\" style=\"width: 150px;\" src=\"https:\/\/seguridadblindes.com\/wp-content\/uploads\/2020\/06\/cortinas_japones_blindes.jpg\" alt=\"cortinas_japones\"><\/a> <a href=\"https:\/\/seguridadblindes.com\/?page_id=605\"><img loading=\"lazy\" width=\"196\" height=\"279\" class=\"wp-image-1593\" style=\"width: 150px;\" src=\"https:\/\/seguridadblindes.com\/wp-content\/uploads\/2020\/06\/cortinas_romana_blindes.jpg\" alt=\"cortinas_romana\"><\/a> <a href=\"https:\/\/seguridadblindes.com\/?page_id=616\"><img loading=\"lazy\" width=\"196\" height=\"279\" class=\"wp-image-1590\" style=\"width: 150px;\" src=\"https:\/\/seguridadblindes.com\/wp-content\/uploads\/2020\/06\/cortinas_blackout_blindes.jpg\" alt=\"cortinas_blackout\"><\/a> <a href=\"https:\/\/seguridadblindes.com\/?page_id=1086\"><img loading=\"lazy\" width=\"196\" height=\"279\" class=\"wp-image-1598\" style=\"width: 150px;\" src=\"https:\/\/seguridadblindes.com\/wp-content\/uploads\/2020\/06\/madera_blindes.jpg\" alt=\"persiana en madera\"><\/a> <a href=\"https:\/\/seguridadblindes.com\/?page_id=630\"><img loading=\"lazy\" width=\"196\" height=\"279\" class=\"wp-image-1592\" style=\"width: 150px;\" src=\"https:\/\/seguridadblindes.com\/wp-content\/uploads\/2020\/06\/cortinas_motorizada_blindes.jpg\" alt=\"cortinas_motorizada\"><\/a> <a href=\"https:\/\/seguridadblindes.com\/?page_id=1192\"><img loading=\"lazy\" width=\"196\" height=\"279\" class=\"wp-image-1596\" style=\"width: 150px;\" src=\"https:\/\/seguridadblindes.com\/wp-content\/uploads\/2020\/06\/domotica_blindes.jpg\" alt=\"domotica\"><\/a> <a href=\"https:\/\/seguridadblindes.com\/?page_id=1237\"><img loading=\"lazy\" width=\"196\" height=\"279\" class=\"wp-image-1599\" style=\"width: 150px;\" src=\"https:\/\/seguridadblindes.com\/wp-content\/uploads\/2020\/06\/pelicula_control_blindes.jpg\" alt=\"pelicula control solar\"><\/a> <a href=\"https:\/\/seguridadblindes.com\/?page_id=1282\"><img loading=\"lazy\" width=\"196\" height=\"279\" class=\"wp-image-1595\" style=\"width: 150px;\" src=\"https:\/\/seguridadblindes.com\/wp-content\/uploads\/2020\/06\/division-bano_blindes.jpg\" alt=\"division bano\"><\/a> <a href=\"https:\/\/seguridadblindes.com\/?page_id=1496\"><img loading=\"lazy\" width=\"196\" height=\"279\" class=\"wp-image-1607\" style=\"width: 150px;\" src=\"https:\/\/seguridadblindes.com\/wp-content\/uploads\/2020\/06\/cortinas_antifluidos.jpg\" alt=\"cortinas antiflu\u00eddos\"><\/a> <a href=\"https:\/\/seguridadblindes.com\/?page_id=1078&amp;preview=true\"><img loading=\"lazy\" width=\"196\" height=\"279\" class=\"wp-image-1601\" style=\"width: 150px;\" src=\"https:\/\/seguridadblindes.com\/wp-content\/uploads\/2020\/06\/toldos_blindes.jpg\" alt=\"toldos\"><\/a> <a href=\"https:\/\/seguridadblindes.com\/?page_id=1153\"><img loading=\"lazy\" width=\"196\" height=\"279\" class=\"wp-image-1589\" style=\"width: 150px;\" src=\"https:\/\/seguridadblindes.com\/wp-content\/uploads\/2020\/06\/claraboya_blindes.jpg\" alt=\"claraboya\"><\/a>  <a href=\"https:\/\/seguridadblindes.com\/?page_id=382#cortinas\"><img loading=\"lazy\" width=\"196\" height=\"279\" class=\"wp-image-1600\" style=\"width: 150px;\" src=\"https:\/\/seguridadblindes.com\/wp-content\/uploads\/2020\/06\/servicio_cortinas_blindes.jpg\" alt=\"servicio cortinas\"><\/a><\/td><\/tr><\/tbody><\/table><\/figure>\n","protected":false},"excerpt":{"rendered":"<p>Con las persianas romanas podr\u00e1s cubrir grandes ventanales adem\u00e1s de dividir varias replica watches UK \u00e1reas, esta estructura logra combinar texturas, colores, formas o estilos&hellip;<\/p>\n","protected":false},"author":1,"featured_media":0,"parent":0,"menu_order":0,"comment_status":"closed","ping_status":"closed","template":"","meta":[],"_links":{"self":[{"href":"https:\/\/seguridadblindes.com\/index.php?rest_route=\/wp\/v2\/pages\/605"}],"collection":[{"href":"https:\/\/seguridadblindes.com\/index.php?rest_route=\/wp\/v2\/pages"}],"about":[{"href":"https:\/\/seguridadblindes.com\/index.php?rest_route=\/wp\/v2\/types\/page"}],"author":[{"embeddable":true,"href":"https:\/\/seguridadblindes.com\/index.php?rest_route=\/wp\/v2\/users\/1"}],"replies":[{"embeddable":true,"href":"https:\/\/seguridadblindes.com\/index.php?rest_route=%2Fwp%2Fv2%2Fcomments&post=605"}],"version-history":[{"count":22,"href":"https:\/\/seguridadblindes.com\/index.php?rest_route=\/wp\/v2\/pages\/605\/revisions"}],"predecessor-version":[{"id":13098,"href":"https:\/\/seguridadblindes.com\/index.php?rest_route=\/wp\/v2\/pages\/605\/revisions\/13098"}],"wp:attachment":[{"href":"https:\/\/seguridadblindes.com\/index.php?rest_route=%2Fwp%2Fv2%2Fmedia&parent=605"}],"curies":[{"name":"wp","href":"https:\/\/api.w.org\/{rel}","templated":true}]}}