{"id":630,"date":"2020-05-31T01:13:02","date_gmt":"2020-05-31T01:13:02","guid":{"rendered":"https:\/\/seguridadblindes.com\/?page_id=630"},"modified":"2026-04-08T05:08:40","modified_gmt":"2026-04-08T05:08:40","slug":"persianas-motorizadas","status":"publish","type":"page","link":"https:\/\/seguridadblindes.com\/?page_id=630","title":{"rendered":"Persianas Motorizadas"},"content":{"rendered":"<p><img loading=\"lazy\" class=\"size-medium wp-image-952 alignleft\" src=\"https:\/\/seguridadblindes.com\/wp-content\/uploads\/2020\/06\/cortina_persianas_motorizadas1-300x300.jpg\" alt=\"persianas_motorizadas\" width=\"300\" height=\"300\" srcset=\"https:\/\/seguridadblindes.com\/wp-content\/uploads\/2020\/06\/cortina_persianas_motorizadas1.jpg 300w, https:\/\/seguridadblindes.com\/wp-content\/uploads\/2020\/06\/cortina_persianas_motorizadas1-150x150.jpg 150w\" sizes=\"(max-width: 300px) 100vw, 300px\" \/>Nuestras persianas motorizadas se accionan <a href=\"https:\/\/www.newswissrolex.me\/\">replica watches<\/a> desde un control remoto o desde un interruptor de pared.<\/p>\n<p>Una colecci\u00f3n \u00fanica y vibrante de telas\u00a0 <a href=\"https:\/\/www.nextimeuk.me\/\">replica Rolex<\/a>\u00a0plisadas que filtran el paso de la luz manera armoniosa.<\/p>\n<p>\u00a0<\/p>\n<p><img loading=\"lazy\" class=\"size-full wp-image-1164 alignleft\" src=\"https:\/\/seguridadblindes.com\/wp-content\/uploads\/2020\/06\/cortina_persianas_motorizadas2.jpg\" alt=\"persianas motorizadas\" width=\"234\" height=\"300\" \/>Te permite controlar tus productos desde la comodidad de un control remoto, tener una respuesta inmediata a los cambios de las condiciones <a href=\"https:\/\/www.qualityreplicauk.me\/\">replica watches UK<\/a> clim\u00e1ticas a trav\u00e9s de sensores, y facilita la apertura y cierre simult\u00e1neo o independiente de todas las persianas y cortinas en hogares y edificios.<\/p>\n<p><strong><span style=\"color: #800000;\">Blindes<\/span><\/strong> te ofrece m\u00faltiples soluciones para que integres a tus espacios sistemas que optimicen el f\u00e1cil manejo de tus persianas. Te invitamos a conocer nuestra l\u00ednea de motorizaci\u00f3n y a que llenes tu vida de confort.<\/p>\n\n\n<h2><\/h2>\n\n\n<p><img loading=\"lazy\" class=\"alignnone size-full wp-image-954\" src=\"https:\/\/seguridadblindes.com\/wp-content\/uploads\/2020\/06\/cortina_persianas_motorizadas4.jpg\" alt=\"persianas_motorizadas\" width=\"226\" height=\"300\"> <img loading=\"lazy\" class=\"alignnone size-medium wp-image-956\" src=\"https:\/\/seguridadblindes.com\/wp-content\/uploads\/2020\/06\/cortina_persianas_motorizadas7-300x300.jpg\" alt=\"persianas motorizadas\" width=\"300\" height=\"300\" srcset=\"https:\/\/seguridadblindes.com\/wp-content\/uploads\/2020\/06\/cortina_persianas_motorizadas7.jpg 300w, https:\/\/seguridadblindes.com\/wp-content\/uploads\/2020\/06\/cortina_persianas_motorizadas7-150x150.jpg 150w\" sizes=\"(max-width: 300px) 100vw, 300px\" \/> <img loading=\"lazy\" class=\"alignnone size-medium wp-image-951\" src=\"https:\/\/seguridadblindes.com\/wp-content\/uploads\/2020\/06\/cortina_persianas_motorizadas-300x300.jpg\" alt=\"persiana motorizada\" width=\"300\" height=\"300\" srcset=\"https:\/\/seguridadblindes.com\/wp-content\/uploads\/2020\/06\/cortina_persianas_motorizadas.jpg 300w, https:\/\/seguridadblindes.com\/wp-content\/uploads\/2020\/06\/cortina_persianas_motorizadas-150x150.jpg 150w\" sizes=\"(max-width: 300px) 100vw, 300px\" \/><\/p>\n<p><img loading=\"lazy\" class=\"alignnone size-full wp-image-955\" src=\"https:\/\/seguridadblindes.com\/wp-content\/uploads\/2020\/06\/cortina_persianas_motorizadas5.jpg\" alt=\"\" width=\"201\" height=\"300\"> <img loading=\"lazy\" class=\"alignnone size-medium wp-image-953\" src=\"https:\/\/seguridadblindes.com\/wp-content\/uploads\/2020\/06\/cortina_persianas_motorizadas3-300x240.jpg\" alt=\"persianas_motorizadas\" width=\"300\" height=\"240\" srcset=\"https:\/\/seguridadblindes.com\/wp-content\/uploads\/2020\/06\/cortina_persianas_motorizadas3-300x240.jpg 300w, https:\/\/seguridadblindes.com\/wp-content\/uploads\/2020\/06\/cortina_persianas_motorizadas3.jpg 375w\" sizes=\"(max-width: 300px) 100vw, 300px\" \/><\/p>\n\n\n<figure class=\"wp-block-table\"><table><tbody><tr><td><a href=\"https:\/\/seguridadblindes.com\/?page_id=590\"><img loading=\"lazy\" width=\"196\" height=\"279\" class=\"wp-image-1594\" style=\"width: 150px;\" src=\"https:\/\/seguridadblindes.com\/wp-content\/uploads\/2020\/06\/cortinas_sheer_blindes.jpg\" alt=\"cortinas Sheer\"><\/a> <a href=\"https:\/\/seguridadblindes.com\/?page_id=1105\"><img loading=\"lazy\" width=\"196\" height=\"279\" class=\"wp-image-1597\" style=\"width: 150px;\" src=\"https:\/\/seguridadblindes.com\/wp-content\/uploads\/2020\/06\/enrollable_blindes.jpg\" alt=\"enrollable\"><\/a><a href=\"https:\/\/seguridadblindes.com\/?page_id=550\"><img loading=\"lazy\" width=\"196\" height=\"279\" class=\"wp-image-1591\" style=\"width: 150px;\" src=\"https:\/\/seguridadblindes.com\/wp-content\/uploads\/2020\/06\/cortinas_japones_blindes.jpg\" alt=\"cortinas_japones\"><\/a> <a href=\"https:\/\/seguridadblindes.com\/?page_id=605\"><img loading=\"lazy\" width=\"196\" height=\"279\" class=\"wp-image-1593\" style=\"width: 150px;\" src=\"https:\/\/seguridadblindes.com\/wp-content\/uploads\/2020\/06\/cortinas_romana_blindes.jpg\" alt=\"cortinas_romana\"><\/a> <a href=\"https:\/\/seguridadblindes.com\/?page_id=616\"><img loading=\"lazy\" width=\"196\" height=\"279\" class=\"wp-image-1590\" style=\"width: 150px;\" src=\"https:\/\/seguridadblindes.com\/wp-content\/uploads\/2020\/06\/cortinas_blackout_blindes.jpg\" alt=\"cortinas_blackout\"><\/a> <a href=\"https:\/\/seguridadblindes.com\/?page_id=1086\"><img loading=\"lazy\" width=\"196\" height=\"279\" class=\"wp-image-1598\" style=\"width: 150px;\" src=\"https:\/\/seguridadblindes.com\/wp-content\/uploads\/2020\/06\/madera_blindes.jpg\" alt=\"persiana en madera\"><\/a> <a href=\"https:\/\/seguridadblindes.com\/?page_id=630\"><img loading=\"lazy\" width=\"196\" height=\"279\" class=\"wp-image-1592\" style=\"width: 150px;\" src=\"https:\/\/seguridadblindes.com\/wp-content\/uploads\/2020\/06\/cortinas_motorizada_blindes.jpg\" alt=\"cortinas_motorizada\"><\/a> <a href=\"https:\/\/seguridadblindes.com\/?page_id=1192\"><img loading=\"lazy\" width=\"196\" height=\"279\" class=\"wp-image-1596\" style=\"width: 150px;\" src=\"https:\/\/seguridadblindes.com\/wp-content\/uploads\/2020\/06\/domotica_blindes.jpg\" alt=\"domotica\"><\/a> <a href=\"https:\/\/seguridadblindes.com\/?page_id=1237\"><img loading=\"lazy\" width=\"196\" height=\"279\" class=\"wp-image-1599\" style=\"width: 150px;\" src=\"https:\/\/seguridadblindes.com\/wp-content\/uploads\/2020\/06\/pelicula_control_blindes.jpg\" alt=\"pelicula control solar\"><\/a> <a href=\"https:\/\/seguridadblindes.com\/?page_id=1282\"><img loading=\"lazy\" width=\"196\" height=\"279\" class=\"wp-image-1595\" style=\"width: 150px;\" src=\"https:\/\/seguridadblindes.com\/wp-content\/uploads\/2020\/06\/division-bano_blindes.jpg\" alt=\"division bano\"><\/a> <a href=\"https:\/\/seguridadblindes.com\/?page_id=1496\"><img loading=\"lazy\" width=\"196\" height=\"279\" class=\"wp-image-1607\" style=\"width: 150px;\" src=\"https:\/\/seguridadblindes.com\/wp-content\/uploads\/2020\/06\/cortinas_antifluidos.jpg\" alt=\"cortinas antiflu\u00eddos\"><\/a> <a href=\"https:\/\/seguridadblindes.com\/?page_id=1078&amp;preview=true\"><img loading=\"lazy\" width=\"196\" height=\"279\" class=\"wp-image-1601\" style=\"width: 150px;\" src=\"https:\/\/seguridadblindes.com\/wp-content\/uploads\/2020\/06\/toldos_blindes.jpg\" alt=\"toldos\"><\/a> <a href=\"https:\/\/seguridadblindes.com\/?page_id=1153\"><img loading=\"lazy\" width=\"196\" height=\"279\" class=\"wp-image-1589\" style=\"width: 150px;\" src=\"https:\/\/seguridadblindes.com\/wp-content\/uploads\/2020\/06\/claraboya_blindes.jpg\" alt=\"claraboya\"><\/a>  <a href=\"https:\/\/seguridadblindes.com\/?page_id=382#cortinas\"><img loading=\"lazy\" width=\"196\" height=\"279\" class=\"wp-image-1600\" style=\"width: 150px;\" src=\"https:\/\/seguridadblindes.com\/wp-content\/uploads\/2020\/06\/servicio_cortinas_blindes.jpg\" alt=\"servicio cortinas\"><\/a><\/td><\/tr><\/tbody><\/table><\/figure>\n","protected":false},"excerpt":{"rendered":"<p>Nuestras persianas motorizadas se accionan replica watches desde un control remoto o desde un interruptor de pared. Una colecci\u00f3n \u00fanica y vibrante de telas\u00a0 replica&hellip;<\/p>\n","protected":false},"author":1,"featured_media":0,"parent":0,"menu_order":0,"comment_status":"closed","ping_status":"closed","template":"","meta":[],"_links":{"self":[{"href":"https:\/\/seguridadblindes.com\/index.php?rest_route=\/wp\/v2\/pages\/630"}],"collection":[{"href":"https:\/\/seguridadblindes.com\/index.php?rest_route=\/wp\/v2\/pages"}],"about":[{"href":"https:\/\/seguridadblindes.com\/index.php?rest_route=\/wp\/v2\/types\/page"}],"author":[{"embeddable":true,"href":"https:\/\/seguridadblindes.com\/index.php?rest_route=\/wp\/v2\/users\/1"}],"replies":[{"embeddable":true,"href":"https:\/\/seguridadblindes.com\/index.php?rest_route=%2Fwp%2Fv2%2Fcomments&post=630"}],"version-history":[{"count":34,"href":"https:\/\/seguridadblindes.com\/index.php?rest_route=\/wp\/v2\/pages\/630\/revisions"}],"predecessor-version":[{"id":13101,"href":"https:\/\/seguridadblindes.com\/index.php?rest_route=\/wp\/v2\/pages\/630\/revisions\/13101"}],"wp:attachment":[{"href":"https:\/\/seguridadblindes.com\/index.php?rest_route=%2Fwp%2Fv2%2Fmedia&parent=630"}],"curies":[{"name":"wp","href":"https:\/\/api.w.org\/{rel}","templated":true}]}}