{"id":657,"date":"2020-05-31T22:23:29","date_gmt":"2020-05-31T22:23:29","guid":{"rendered":"https:\/\/seguridadblindes.com\/?page_id=657"},"modified":"2020-06-01T23:32:28","modified_gmt":"2020-06-01T23:32:28","slug":"banos","status":"publish","type":"page","link":"https:\/\/seguridadblindes.com\/?page_id=657","title":{"rendered":"Ba\u00f1os"},"content":{"rendered":"\n<figure class=\"wp-block-gallery columns-3 is-cropped\"><ul class=\"blocks-gallery-grid\"><li class=\"blocks-gallery-item\"><figure><img loading=\"lazy\" width=\"327\" height=\"300\" src=\"https:\/\/seguridadblindes.com\/wp-content\/uploads\/2020\/05\/muebles-de-madera_1.png\" alt=\"\" data-id=\"659\" data-link=\"https:\/\/seguridadblindes.com\/?attachment_id=659\" class=\"wp-image-659\" srcset=\"https:\/\/seguridadblindes.com\/wp-content\/uploads\/2020\/05\/muebles-de-madera_1.png 327w, https:\/\/seguridadblindes.com\/wp-content\/uploads\/2020\/05\/muebles-de-madera_1-300x275.png 300w\" sizes=\"(max-width: 327px) 100vw, 327px\" \/><\/figure><\/li><li class=\"blocks-gallery-item\"><figure><img loading=\"lazy\" width=\"300\" height=\"399\" src=\"https:\/\/seguridadblindes.com\/wp-content\/uploads\/2020\/05\/muebles-de-madera_2.png\" alt=\"\" data-id=\"660\" data-link=\"https:\/\/seguridadblindes.com\/?attachment_id=660\" class=\"wp-image-660\" srcset=\"https:\/\/seguridadblindes.com\/wp-content\/uploads\/2020\/05\/muebles-de-madera_2.png 300w, https:\/\/seguridadblindes.com\/wp-content\/uploads\/2020\/05\/muebles-de-madera_2-226x300.png 226w\" sizes=\"(max-width: 300px) 100vw, 300px\" \/><\/figure><\/li><li class=\"blocks-gallery-item\"><figure><img loading=\"lazy\" width=\"300\" height=\"319\" src=\"https:\/\/seguridadblindes.com\/wp-content\/uploads\/2020\/05\/muebles-de-madera_3.png\" alt=\"\" data-id=\"661\" data-link=\"https:\/\/seguridadblindes.com\/?attachment_id=661\" class=\"wp-image-661\" srcset=\"https:\/\/seguridadblindes.com\/wp-content\/uploads\/2020\/05\/muebles-de-madera_3.png 300w, https:\/\/seguridadblindes.com\/wp-content\/uploads\/2020\/05\/muebles-de-madera_3-282x300.png 282w\" sizes=\"(max-width: 300px) 100vw, 300px\" \/><\/figure><\/li><li class=\"blocks-gallery-item\"><figure><img loading=\"lazy\" width=\"320\" height=\"300\" src=\"https:\/\/seguridadblindes.com\/wp-content\/uploads\/2020\/05\/muebles-de-madera_4.png\" alt=\"\" data-id=\"662\" data-link=\"https:\/\/seguridadblindes.com\/?attachment_id=662\" class=\"wp-image-662\" srcset=\"https:\/\/seguridadblindes.com\/wp-content\/uploads\/2020\/05\/muebles-de-madera_4.png 320w, https:\/\/seguridadblindes.com\/wp-content\/uploads\/2020\/05\/muebles-de-madera_4-300x281.png 300w\" sizes=\"(max-width: 320px) 100vw, 320px\" \/><\/figure><\/li><li class=\"blocks-gallery-item\"><figure><img loading=\"lazy\" width=\"300\" height=\"300\" src=\"https:\/\/seguridadblindes.com\/wp-content\/uploads\/2020\/05\/muebles-de-madera_5.png\" alt=\"\" data-id=\"665\" data-link=\"https:\/\/seguridadblindes.com\/?attachment_id=665\" class=\"wp-image-665\" srcset=\"https:\/\/seguridadblindes.com\/wp-content\/uploads\/2020\/05\/muebles-de-madera_5.png 300w, https:\/\/seguridadblindes.com\/wp-content\/uploads\/2020\/05\/muebles-de-madera_5-150x150.png 150w\" sizes=\"(max-width: 300px) 100vw, 300px\" \/><\/figure><\/li><li class=\"blocks-gallery-item\"><figure><img loading=\"lazy\" width=\"224\" height=\"224\" src=\"https:\/\/seguridadblindes.com\/wp-content\/uploads\/2020\/05\/a-la-medida_7.jpg\" alt=\"\" data-id=\"667\" data-link=\"https:\/\/seguridadblindes.com\/?attachment_id=667\" class=\"wp-image-667\" srcset=\"https:\/\/seguridadblindes.com\/wp-content\/uploads\/2020\/05\/a-la-medida_7.jpg 224w, https:\/\/seguridadblindes.com\/wp-content\/uploads\/2020\/05\/a-la-medida_7-150x150.jpg 150w\" sizes=\"(max-width: 224px) 100vw, 224px\" \/><\/figure><\/li><li class=\"blocks-gallery-item\"><figure><img loading=\"lazy\" width=\"300\" height=\"300\" src=\"https:\/\/seguridadblindes.com\/wp-content\/uploads\/2020\/05\/a-la-medida_6.jpg\" alt=\"\" data-id=\"669\" data-link=\"https:\/\/seguridadblindes.com\/?attachment_id=669\" class=\"wp-image-669\" srcset=\"https:\/\/seguridadblindes.com\/wp-content\/uploads\/2020\/05\/a-la-medida_6.jpg 300w, https:\/\/seguridadblindes.com\/wp-content\/uploads\/2020\/05\/a-la-medida_6-150x150.jpg 150w\" sizes=\"(max-width: 300px) 100vw, 300px\" \/><\/figure><\/li><li class=\"blocks-gallery-item\"><figure><img loading=\"lazy\" width=\"300\" height=\"309\" src=\"https:\/\/seguridadblindes.com\/wp-content\/uploads\/2020\/05\/a-la-medida_12-1.png\" alt=\"\" data-id=\"670\" data-link=\"https:\/\/seguridadblindes.com\/?attachment_id=670\" class=\"wp-image-670\" srcset=\"https:\/\/seguridadblindes.com\/wp-content\/uploads\/2020\/05\/a-la-medida_12-1.png 300w, https:\/\/seguridadblindes.com\/wp-content\/uploads\/2020\/05\/a-la-medida_12-1-291x300.png 291w\" sizes=\"(max-width: 300px) 100vw, 300px\" \/><\/figure><\/li><li class=\"blocks-gallery-item\"><figure><img loading=\"lazy\" width=\"337\" height=\"312\" src=\"https:\/\/seguridadblindes.com\/wp-content\/uploads\/2020\/05\/muebles_bano1.jpg\" alt=\"\" data-id=\"671\" data-full-url=\"https:\/\/seguridadblindes.com\/wp-content\/uploads\/2020\/05\/muebles_bano1.jpg\" data-link=\"https:\/\/seguridadblindes.com\/?attachment_id=671\" class=\"wp-image-671\" srcset=\"https:\/\/seguridadblindes.com\/wp-content\/uploads\/2020\/05\/muebles_bano1.jpg 337w, https:\/\/seguridadblindes.com\/wp-content\/uploads\/2020\/05\/muebles_bano1-300x278.jpg 300w\" sizes=\"(max-width: 337px) 100vw, 337px\" \/><\/figure><\/li><\/ul><\/figure>\n\n\n<p>En <strong><span style=\"color: #800000;\">Blindes<\/span><\/strong> encontrar\u00e1s una amplia variedad de mobiliario para el ba\u00f1o. Conjuntos de ba\u00f1o, muebles de ba\u00f1o con lavabo, armarios, columnas y camerinos; disponemos de una gran variedad de productos, nuestros muebles de ba\u00f1o tienen excelente relaci\u00f3n calidad, precio. Recuerda que si buscas mobiliario para tu ba\u00f1o, somos tu mejor elecci\u00f3n.<\/p>\n<p>Tenemos mobiliario de primera calidad para su cuarto de ba\u00f1o, gran variedad de dise\u00f1os, con las \u00faltimas tendencias en muebles para ba\u00f1o, compactos en su estructura, modelos para ser utilizados tanto para uso dom\u00e9stico como para uso a nivel industrial; adem\u00e1s nuestros dise\u00f1adores tambi\u00e9n crean dise\u00f1os personalizados ya que entendemos que todos los inmuebles son diferentes, podemos realizar una visita y asesorarlo con su necesidad.<\/p>\n<p>Algo muy importante <strong><span style=\"color: #800000;\">Blindes<\/span><\/strong> es una empresa Colombiana, entendemos que crear empresa tambi\u00e9n es crear pa\u00eds y fomentamos la creaci\u00f3n de fuentes de trabajo; con su elecci\u00f3n tambi\u00e9n est\u00e1 fomentando el empleo de trabajadores colombianos. Gracias por preferirnos.<\/p>\n<p>Puedes encontrar todo sobre <strong><span style=\"color: #800000;\">Blindes<\/span><\/strong> en su p\u00e1gina web, as\u00ed como en su grupo de Facebook, Instagram.<\/p>\n\n\n<figure class=\"wp-block-table\"><table><tbody><tr><td><a href=\"https:\/\/seguridadblindes.com\/?page_id=445\"><img loading=\"lazy\" width=\"196\" height=\"279\" class=\"wp-image-1642\" style=\"width: 150px;\" src=\"https:\/\/seguridadblindes.com\/wp-content\/uploads\/2020\/06\/Mueble-Estudio-1.jpg\" alt=\"\"><\/a><a href=\"https:\/\/seguridadblindes.com\/?page_id=427\"> <img loading=\"lazy\" width=\"196\" height=\"279\" class=\"wp-image-1640\" style=\"width: 150px;\" src=\"https:\/\/seguridadblindes.com\/wp-content\/uploads\/2020\/06\/Cocina-1.jpg\" alt=\"Cocina\"><\/a><a href=\"https:\/\/seguridadblindes.com\/?page_id=420\"> <img loading=\"lazy\" width=\"196\" height=\"279\" class=\"wp-image-1641\" style=\"width: 150px;\" src=\"https:\/\/seguridadblindes.com\/wp-content\/uploads\/2020\/06\/Entretenimiento-1.jpg\" alt=\"Entretenimiento\"><\/a><a href=\"https:\/\/seguridadblindes.com\/?page_id=657\"> <img loading=\"lazy\" width=\"196\" height=\"279\" class=\"wp-image-1639\" style=\"width: 150px;\" src=\"https:\/\/seguridadblindes.com\/wp-content\/uploads\/2020\/06\/bano-1.jpg\" alt=\"bano\"><\/a><a href=\"https:\/\/seguridadblindes.com\/?page_id=413\"> <\/a><a href=\"https:\/\/seguridadblindes.com\/?page_id=413\"><img loading=\"lazy\" width=\"196\" height=\"279\" class=\"wp-image-1638\" style=\"width: 150px;\" src=\"https:\/\/seguridadblindes.com\/wp-content\/uploads\/2020\/06\/a-la-medida-1.jpg\" alt=\"Muebles a la medida\"><\/a><\/td><\/tr><\/tbody><\/table><\/figure>\n","protected":false},"excerpt":{"rendered":"<p>En Blindes encontrar\u00e1s una amplia variedad de mobiliario para el ba\u00f1o. Conjuntos de ba\u00f1o, muebles de ba\u00f1o con lavabo, armarios, columnas y camerinos; disponemos de&hellip;<\/p>\n","protected":false},"author":1,"featured_media":0,"parent":0,"menu_order":0,"comment_status":"closed","ping_status":"closed","template":"","meta":[],"_links":{"self":[{"href":"https:\/\/seguridadblindes.com\/index.php?rest_route=\/wp\/v2\/pages\/657"}],"collection":[{"href":"https:\/\/seguridadblindes.com\/index.php?rest_route=\/wp\/v2\/pages"}],"about":[{"href":"https:\/\/seguridadblindes.com\/index.php?rest_route=\/wp\/v2\/types\/page"}],"author":[{"embeddable":true,"href":"https:\/\/seguridadblindes.com\/index.php?rest_route=\/wp\/v2\/users\/1"}],"replies":[{"embeddable":true,"href":"https:\/\/seguridadblindes.com\/index.php?rest_route=%2Fwp%2Fv2%2Fcomments&post=657"}],"version-history":[{"count":7,"href":"https:\/\/seguridadblindes.com\/index.php?rest_route=\/wp\/v2\/pages\/657\/revisions"}],"predecessor-version":[{"id":880,"href":"https:\/\/seguridadblindes.com\/index.php?rest_route=\/wp\/v2\/pages\/657\/revisions\/880"}],"wp:attachment":[{"href":"https:\/\/seguridadblindes.com\/index.php?rest_route=%2Fwp%2Fv2%2Fmedia&parent=657"}],"curies":[{"name":"wp","href":"https:\/\/api.w.org\/{rel}","templated":true}]}}