{"id":77,"date":"2020-05-21T23:25:11","date_gmt":"2020-05-21T23:25:11","guid":{"rendered":"https:\/\/seguridadblindes.com\/?page_id=77"},"modified":"2020-06-11T01:21:07","modified_gmt":"2020-06-11T01:21:07","slug":"mision-vision","status":"publish","type":"page","link":"https:\/\/seguridadblindes.com\/?page_id=77","title":{"rendered":"Misi\u00f3n Visi\u00f3n"},"content":{"rendered":"<p><strong><span style=\"color: #800000;\"><img loading=\"lazy\" class=\"size-medium wp-image-1353 alignleft\" src=\"https:\/\/seguridadblindes.com\/wp-content\/uploads\/2020\/06\/empresa4-300x238.jpg\" alt=\"empresa\" width=\"300\" height=\"238\" srcset=\"https:\/\/seguridadblindes.com\/wp-content\/uploads\/2020\/06\/empresa4-300x238.jpg 300w, https:\/\/seguridadblindes.com\/wp-content\/uploads\/2020\/06\/empresa4.jpg 378w\" sizes=\"(max-width: 300px) 100vw, 300px\" \/>BLINDES, BLINDAJES Y ESTRUCTURAS LTDA<\/span>,<\/strong> es una Empresa legalmente constituida con una trayectoria de diez a\u00f1os de experiencia en el mercado, posee un recurso humano calificado con manejo y conocimiento total en el \u00e1rea, lo que nos permite garantizar cumplimiento y calidad.<\/p>\n<p>Nuestra misi\u00f3n es elaborar y suministrar productos\u00a0 especializados en Seguridad y\u00a0 Estructuras Met\u00e1licas de todo tipo, comprometidos a ser una empresa altamente productiva y plenamente humana, orientada a la satisfacci\u00f3n de nuestros clientes.<\/p>\n<p><img loading=\"lazy\" class=\"size-medium wp-image-1355 alignright\" src=\"https:\/\/seguridadblindes.com\/wp-content\/uploads\/2020\/06\/empresa5-300x238.jpg\" alt=\"Blindes\" width=\"300\" height=\"238\" srcset=\"https:\/\/seguridadblindes.com\/wp-content\/uploads\/2020\/06\/empresa5-300x238.jpg 300w, https:\/\/seguridadblindes.com\/wp-content\/uploads\/2020\/06\/empresa5.jpg 378w\" sizes=\"(max-width: 300px) 100vw, 300px\" \/>Nuestra visi\u00f3n es consolidarnos como una empresa en soluciones de seguridad residencial, empresarial y bancaria, adem\u00e1s de las m\u00faltiples alternativas en estructuras met\u00e1licas que provea a sus clientes servicios de asesor\u00eda suministro y asistencia.<\/p>\n<p>Nuestros objetivos son proporcionar a nuestros clientes un servicio y productos de calidad que satisfaga sus expectativas buscando que los precios y los m\u00e1rgenes de utilidad sean los justos. Colaborar con nuestros competidores para mantener una competencia basada en principios \u00e9ticos, orientada al desarrollo del mercado y al beneficio de nuestros clientes.<\/p>\n<p>Nuestra pol\u00edtica empresarial basada en nuestro portafolio de productos y servicios busca generar confianza para el bienestar de nuestros clientes, su familia y la comunidad en su marco competitivo de mejoramiento continuo, sostenible, de participaci\u00f3n democr\u00e1tica y activa.<\/p>\n\n\n<p><\/p>\n","protected":false},"excerpt":{"rendered":"<p>BLINDES, BLINDAJES Y ESTRUCTURAS LTDA, es una Empresa legalmente constituida con una trayectoria de diez a\u00f1os de experiencia en el mercado, posee un recurso humano&hellip;<\/p>\n","protected":false},"author":1,"featured_media":0,"parent":0,"menu_order":0,"comment_status":"closed","ping_status":"closed","template":"","meta":[],"_links":{"self":[{"href":"https:\/\/seguridadblindes.com\/index.php?rest_route=\/wp\/v2\/pages\/77"}],"collection":[{"href":"https:\/\/seguridadblindes.com\/index.php?rest_route=\/wp\/v2\/pages"}],"about":[{"href":"https:\/\/seguridadblindes.com\/index.php?rest_route=\/wp\/v2\/types\/page"}],"author":[{"embeddable":true,"href":"https:\/\/seguridadblindes.com\/index.php?rest_route=\/wp\/v2\/users\/1"}],"replies":[{"embeddable":true,"href":"https:\/\/seguridadblindes.com\/index.php?rest_route=%2Fwp%2Fv2%2Fcomments&post=77"}],"version-history":[{"count":6,"href":"https:\/\/seguridadblindes.com\/index.php?rest_route=\/wp\/v2\/pages\/77\/revisions"}],"predecessor-version":[{"id":1357,"href":"https:\/\/seguridadblindes.com\/index.php?rest_route=\/wp\/v2\/pages\/77\/revisions\/1357"}],"wp:attachment":[{"href":"https:\/\/seguridadblindes.com\/index.php?rest_route=%2Fwp%2Fv2%2Fmedia&parent=77"}],"curies":[{"name":"wp","href":"https:\/\/api.w.org\/{rel}","templated":true}]}}